{"id":1020,"date":"2013-06-14T10:26:07","date_gmt":"2013-06-14T08:26:07","guid":{"rendered":"http:\/\/genblog.dl5sel.de\/?page_id=1020"},"modified":"2013-06-14T10:26:07","modified_gmt":"2013-06-14T08:26:07","slug":"tomischler-hauland","status":"publish","type":"page","link":"https:\/\/genblog.dl5sel.de\/?page_id=1020","title":{"rendered":"Tomischler Hauland"},"content":{"rendered":"<p>Die Webseite mit der Adresse <a title=\"Tomischler Hauland\" href=\"http:\/\/www.oledrynowotomyskie.e7.pl\/oledry\/de\/\" target=\"_blank\">http:\/\/www.oledrynowotomyskie.e7.pl\/oledry\/de\/<\/a> sollte Standardlekt\u00fcre f\u00fcr alle Interessierten sein, die sich mit der Siedlungsgeschichte im Kreis Neutomischel besch\u00e4ftigen.<br \/>\nAuch in den Zeiten des Internets und diverser technischer Hilfsmittel ist es immer gut, wenn man selbst aktiv wird und mit Gleichgesinnten Kontakt aufnimmt &#8230;<\/p>\n","protected":false},"excerpt":{"rendered":"<p>Die Webseite mit der Adresse http:\/\/www.oledrynowotomyskie.e7.pl\/oledry\/de\/ sollte Standardlekt\u00fcre f\u00fcr alle Interessierten sein, die sich mit der Siedlungsgeschichte im Kreis Neutomischel besch\u00e4ftigen. Auch in den Zeiten des Internets und diverser technischer Hilfsmittel ist es immer gut, wenn man selbst aktiv wird und mit Gleichgesinnten Kontakt aufnimmt &#8230;<\/p>\n","protected":false},"author":1,"featured_media":0,"parent":0,"menu_order":0,"comment_status":"closed","ping_status":"closed","template":"","meta":{"footnotes":""},"class_list":["post-1020","page","type-page","status-publish","hentry"],"_links":{"self":[{"href":"https:\/\/genblog.dl5sel.de\/index.php?rest_route=\/wp\/v2\/pages\/1020","targetHints":{"allow":["GET"]}}],"collection":[{"href":"https:\/\/genblog.dl5sel.de\/index.php?rest_route=\/wp\/v2\/pages"}],"about":[{"href":"https:\/\/genblog.dl5sel.de\/index.php?rest_route=\/wp\/v2\/types\/page"}],"author":[{"embeddable":true,"href":"https:\/\/genblog.dl5sel.de\/index.php?rest_route=\/wp\/v2\/users\/1"}],"replies":[{"embeddable":true,"href":"https:\/\/genblog.dl5sel.de\/index.php?rest_route=%2Fwp%2Fv2%2Fcomments&post=1020"}],"version-history":[{"count":1,"href":"https:\/\/genblog.dl5sel.de\/index.php?rest_route=\/wp\/v2\/pages\/1020\/revisions"}],"predecessor-version":[{"id":1021,"href":"https:\/\/genblog.dl5sel.de\/index.php?rest_route=\/wp\/v2\/pages\/1020\/revisions\/1021"}],"wp:attachment":[{"href":"https:\/\/genblog.dl5sel.de\/index.php?rest_route=%2Fwp%2Fv2%2Fmedia&parent=1020"}],"curies":[{"name":"wp","href":"https:\/\/api.w.org\/{rel}","templated":true}]}}