{"id":1032,"date":"2013-07-24T22:55:50","date_gmt":"2013-07-24T20:55:50","guid":{"rendered":"http:\/\/genblog.dl5sel.de\/?page_id=1032"},"modified":"2020-10-31T18:52:51","modified_gmt":"2020-10-31T17:52:51","slug":"glasowmahlow-priesnitz-haus","status":"publish","type":"page","link":"https:\/\/genblog.dl5sel.de\/?page_id=1032","title":{"rendered":"Glasow\/Mahlow, Prie\u00dfnitz-Haus"},"content":{"rendered":"<p>Eigentlich wollte ich nur wissen, in welcher Art medizinischer Einrichtung mein Gro\u00dfvater <a href=\"https:\/\/genealogie.dl5sel.de\/index.php?route=%2Ftree%2Freinhard%2Findividual%2FI11%2FHermann-Vogel\">Hermann Vogel (1876 &#8211; 1935)<\/a> gestorben war und suchte im Internet nach Hinweisen auf das Prie\u00dfnitz-Haus in Mahlow. Dabei stie\u00df ich auf die Dissertationsschrift von Thomas Rowe mit dem Titel &#8222;Vorgeschichte und Geschiche des Prie\u00dfnitz-Hauses in Mahlow und dessen Bedeutung als Naturkrankenhaus in Deutschland seit Anfang des 20. Jahrhunderts bis zum Ende des zweiten Weltkriegs&#8220; aus dem Jahre 1998.<\/p>\n<p>Im Zeitraum 1934 bis 1942 stand das Prie\u00dfnitz-Haus unter der Leitung von Dr. Fritz Hube. Er empfahl die Anwendung eines Grundmusters bei verschiedenartigen Krankheitsbildern:<br \/>\n&#8211; St\u00e4rkung des gesamten Organismus und Aktivierung der Selbstheilungskr\u00e4fte<br \/>\n&#8211; Gesamtorganismische Anregung mit unterschiedlichen Methoden (Brausen, Bewegung, etc)<br \/>\n&#8211; m\u00f6glichst intensive Licht- und Luftexposition, viel Bewegung an frischer Luft<br \/>\n&#8211; Verdauungsanregung und F\u00f6rderung der Ausscheidung sch\u00e4dlicher Stoffe<br \/>\n&#8211; Schlackenabbau durch vorwiegend vegetarische Kost mit hohem Rohkostanteil<br \/>\n(Diss. Th. Rowe, S. 58)<\/p>\n<p>Etwa 20 Prozent der Patienten in diesem Zeitraum litten an Herz- und Gef\u00e4\u00dfleiden, einschlie\u00dflich Blutkrankheiten. Das Krankheitsbild meines Gro\u00dfvaters, das zur Aufnahme in das Prie\u00dfnitz-Haus f\u00fchrte, kenne ich nicht. Ich finde es aber interessant, wie vor nunmehr 80 Jahren versucht wurde, diesen Patienten zu helfen.<\/p>\n<p>Das Prie\u00dfnitz-Haus wurde im Dezember 1996 geschlossen. In der Dissertationsschrift findet sich in Anmerkung 32 (Seite 76) folgender Hinweis: &#8222;Vormals auf dem Dachboden des Prie\u00dfnitz-Hauses eingelagerte alte Krankenakten wurden nach Schlie\u00dfung der Anstalt in das u.a. f\u00fcr Mahlow, Teltow und den ehemaligen Kreis Zossen zust\u00e4ndige Kreisarchiv Teltow-Fl\u00e4ming nach Ludwigsfelde gebracht (bis auf weiteres Kistenlagerung).&#8220; &#8211; Vielleicht wurde dieses Archivgut inzwischen erschlossen. Einen Versuch, Einsicht in die Krankenakte zu erhalten, werde ich unternehmen &#8230;<\/p>\n","protected":false},"excerpt":{"rendered":"<p>Eigentlich wollte ich nur wissen, in welcher Art medizinischer Einrichtung mein Gro\u00dfvater Hermann Vogel (1876 &#8211; 1935) gestorben war und suchte im Internet nach Hinweisen auf das Prie\u00dfnitz-Haus in Mahlow. Dabei stie\u00df ich auf die Dissertationsschrift von Thomas Rowe mit dem Titel &#8222;Vorgeschichte und Geschiche des Prie\u00dfnitz-Hauses in Mahlow und dessen Bedeutung als Naturkrankenhaus in [&hellip;]<\/p>\n","protected":false},"author":1,"featured_media":0,"parent":0,"menu_order":0,"comment_status":"closed","ping_status":"closed","template":"","meta":{"footnotes":""},"class_list":["post-1032","page","type-page","status-publish","hentry"],"_links":{"self":[{"href":"https:\/\/genblog.dl5sel.de\/index.php?rest_route=\/wp\/v2\/pages\/1032","targetHints":{"allow":["GET"]}}],"collection":[{"href":"https:\/\/genblog.dl5sel.de\/index.php?rest_route=\/wp\/v2\/pages"}],"about":[{"href":"https:\/\/genblog.dl5sel.de\/index.php?rest_route=\/wp\/v2\/types\/page"}],"author":[{"embeddable":true,"href":"https:\/\/genblog.dl5sel.de\/index.php?rest_route=\/wp\/v2\/users\/1"}],"replies":[{"embeddable":true,"href":"https:\/\/genblog.dl5sel.de\/index.php?rest_route=%2Fwp%2Fv2%2Fcomments&post=1032"}],"version-history":[{"count":6,"href":"https:\/\/genblog.dl5sel.de\/index.php?rest_route=\/wp\/v2\/pages\/1032\/revisions"}],"predecessor-version":[{"id":1954,"href":"https:\/\/genblog.dl5sel.de\/index.php?rest_route=\/wp\/v2\/pages\/1032\/revisions\/1954"}],"wp:attachment":[{"href":"https:\/\/genblog.dl5sel.de\/index.php?rest_route=%2Fwp%2Fv2%2Fmedia&parent=1032"}],"curies":[{"name":"wp","href":"https:\/\/api.w.org\/{rel}","templated":true}]}}