{"id":104,"date":"2012-02-22T21:36:18","date_gmt":"2012-02-22T20:36:18","guid":{"rendered":"http:\/\/19matt57.cwsurf.de\/wordpress\/?page_id=104"},"modified":"2020-10-31T22:57:51","modified_gmt":"2020-10-31T21:57:51","slug":"margarethe-vogel","status":"publish","type":"page","link":"https:\/\/genblog.dl5sel.de\/?page_id=104","title":{"rendered":"Margarete Jens, geb. Vogel (22.04.1908 &#8211; 27.01.1957)"},"content":{"rendered":"<p>Mein Gro\u00dfvater <a title=\"Hermann Vogel (1876 - 1935)\" href=\"https:\/\/genealogie.dl5sel.de\/index.php?route=%2Ftree%2Freinhard%2Findividual%2FI11%2FHermann-Vogel\" target=\"_blank\" rel=\"noopener noreferrer\">Hermann Vogel (1876 &#8211; 1935)<\/a> war in erster Ehe mit <a title=\"Hedwig Nicolai\" href=\"https:\/\/genealogie.dl5sel.de\/index.php?route=%2Ftree%2Freinhard%2Findividual%2FI362%2FHedwig-Nicolai\" target=\"_blank\" rel=\"noopener noreferrer\">Hedwig Nicolai (1885 &#8211; 1963)<\/a> verheiratet. Die Ehe wurde am 02.07.1907 in Grunewald geschlossen und mit Wirkung zum 03.12.1911 rechtskr\u00e4ftig geschieden.<\/p>\n<p>Aus dieser ersten Ehe meines Gro\u00dfvaters ging eine Tochter, <a title=\"Datenbank: Margarete Vogel (1908 - 1957)\" href=\"https:\/\/genealogie.dl5sel.de\/index.php?route=%2Ftree%2Freinhard%2Findividual%2FI363%2FMargarete-Vogel\" target=\"_blank\" rel=\"noopener noreferrer\">Margarete<\/a>, hervor. Die Lebensdaten konnte ich der Geburtsurkunde entnehmen, die mir in Kopie vorliegt. Anhand der Randnotizen konnte ich die Hochzeitsurkunde sowie die Sterbeurkunde beschaffen.<\/p>\n<p>Margarete wurde am 22.04.1908 in Boxhagen-Rummelsburg (heute: Berlin-Lichtenberg) in der L\u00fcckstra\u00dfe 56\/57 geboren, vermutlich in der Wohnung ihrer Gro\u00dfeltern. Offenbar lebten Hermann und Hedwig zu diesem Zeitpunkt nicht zusammen.<\/p>\n<p>Margarete heiratete (!) 1937 in Alt-Gaarz, Kreis Wismar. Als Ehemann wird Herr Ernst Jens genannt, der aus Hamburg stammt. Sowohl Margarete als auch ihr Ehemann Ernst lebten zu dieser Zeit in Wustrow in der N\u00e4he von Alt-Gaarz. Beide waren als Verwaltungsangestellte t\u00e4tig.<\/p>\n<p>Die Hochzeitsurkunde enthielt ebenfalls zwei Randnotizen: Wahrscheinlich unmittelbar nach der Hochzeit zog das Ehepaar Ernst und Margarete Jens nach Brunshaupten, heute ein Teil der Stadt K\u00fchlungsborn. In Brunshaupten wurde 1938 die erste Tochter des Paares geboren. Der Hochzeitsurkunde war au\u00dferdem zu entnehmen, dass 1943 eine zweite Tochter in N\u00fcrnberg geboren wurde. Wann der Umzug von K\u00fchlungsborn nach N\u00fcrnberg erfolgte, konnte ich bisher nicht feststellen.<\/p>\n<p>Margarete starb 1957 in N\u00fcrnberg. Ihre T\u00f6chter waren zu diesem Zeitpunkt 19 und 14 Jahre alt. Ich habe die Hoffnung, dass wenigstens zur j\u00fcngeren Tochter noch ein Kontakt hergestellt werden kann. Ob mir das gelingt, bleibt abzuwarten &#8230;<\/p>\n<p>Meine Erfahrungen zeigen, dass in &#8222;Familienlegenden&#8220; ein wahrer Kern stecken kann. Es lohnt in jedem Fall, ihnen nachzugehen. Im Fall &#8222;Margarete Vogel&#8220; blieb jedoch von der Familienlegende, die \u00fcber sie als unverheiratete Konzerts\u00e4ngerin in Berlin berichtete, faktisch nichts \u00fcbrig. Zu jener Margarete Vogel, die im Berliner Adressbuch von 1943 unter der Adresse Belle-Alliance-Stra\u00dfe 47 in Berlin SW67 (heute: Kreuzberg, Mehringdamm) gef\u00fchrt wurde und 1957 noch unter der Adresse Chlb. 9, Fredericiastra\u00dfe 9 verzeichnet war, besteht nach meiner Kenntnis keine famili\u00e4re Beziehung.<\/p>\n<p>In den 1990iger Jahren hat mein Vater versucht, mit Margarete Kontakt aufzunehmen. Es hat wohl auch ein Telefonat mit einer Margarete gegeben. Bleibt die Frage, mit wem mein Vater da geredet hat, denn seine Halbschwester lebte zu diesem Zeitpunkt nicht mehr. Leider kann ich meinen Vater dazu nicht mehr befragen &#8230;<\/p>\n","protected":false},"excerpt":{"rendered":"<p>Mein Gro\u00dfvater Hermann Vogel (1876 &#8211; 1935) war in erster Ehe mit Hedwig Nicolai (1885 &#8211; 1963) verheiratet. Die Ehe wurde am 02.07.1907 in Grunewald geschlossen und mit Wirkung zum 03.12.1911 rechtskr\u00e4ftig geschieden. Aus dieser ersten Ehe meines Gro\u00dfvaters ging eine Tochter, Margarete, hervor. Die Lebensdaten konnte ich der Geburtsurkunde entnehmen, die mir in Kopie [&hellip;]<\/p>\n","protected":false},"author":1,"featured_media":0,"parent":0,"menu_order":0,"comment_status":"closed","ping_status":"closed","template":"","meta":{"footnotes":""},"class_list":["post-104","page","type-page","status-publish","hentry"],"_links":{"self":[{"href":"https:\/\/genblog.dl5sel.de\/index.php?rest_route=\/wp\/v2\/pages\/104","targetHints":{"allow":["GET"]}}],"collection":[{"href":"https:\/\/genblog.dl5sel.de\/index.php?rest_route=\/wp\/v2\/pages"}],"about":[{"href":"https:\/\/genblog.dl5sel.de\/index.php?rest_route=\/wp\/v2\/types\/page"}],"author":[{"embeddable":true,"href":"https:\/\/genblog.dl5sel.de\/index.php?rest_route=\/wp\/v2\/users\/1"}],"replies":[{"embeddable":true,"href":"https:\/\/genblog.dl5sel.de\/index.php?rest_route=%2Fwp%2Fv2%2Fcomments&post=104"}],"version-history":[{"count":16,"href":"https:\/\/genblog.dl5sel.de\/index.php?rest_route=\/wp\/v2\/pages\/104\/revisions"}],"predecessor-version":[{"id":1989,"href":"https:\/\/genblog.dl5sel.de\/index.php?rest_route=\/wp\/v2\/pages\/104\/revisions\/1989"}],"wp:attachment":[{"href":"https:\/\/genblog.dl5sel.de\/index.php?rest_route=%2Fwp%2Fv2%2Fmedia&parent=104"}],"curies":[{"name":"wp","href":"https:\/\/api.w.org\/{rel}","templated":true}]}}