{"id":1044,"date":"2013-07-31T22:41:45","date_gmt":"2013-07-31T20:41:45","guid":{"rendered":"http:\/\/genblog.dl5sel.de\/?page_id=1044"},"modified":"2020-10-31T18:10:32","modified_gmt":"2020-10-31T17:10:32","slug":"darlowko-rugenwaldermunde","status":"publish","type":"page","link":"https:\/\/genblog.dl5sel.de\/?page_id=1044","title":{"rendered":"Dar\u0142\u00f3wko (R\u00fcgenwalderm\u00fcnde)"},"content":{"rendered":"<p>Im Juli 2013 hatte ich Gelegenheit, einige Tage im Geburtsort meiner Gro\u00dfmutter <a title=\"Datenbank: Marie Vogel (geb. M\u00fcnchow)\" href=\"https:\/\/genealogie.dl5sel.de\/index.php?route=%2Ftree%2Freinhard%2Findividual%2FI12%2FMarie-Munchow\" target=\"_blank\" rel=\"noopener noreferrer\" data-wplink-edit=\"true\">Marie Vogel (geb. M\u00fcnchow)<\/a> zu verbringen. Dabei entstanden auch einige Fotos, die vielleicht einen kleinen Eindruck vermitteln.<\/p>\n<p>Das folgende Foto zeigt einen Blick von der Ostmole auf den Hafen, links der Leuchtturm.<br \/>\n<a href=\"http:\/\/genblog.dl5sel.de\/wp-content\/uploads\/2015\/01\/K1024_R0013714.jpg\"><img loading=\"lazy\" decoding=\"async\" class=\"aligncenter size-large wp-image-1679\" src=\"http:\/\/genblog.dl5sel.de\/wp-content\/uploads\/2015\/01\/K1024_R0013714-1024x768.jpg\" alt=\"K1024_R0013714\" width=\"625\" height=\"469\" srcset=\"https:\/\/genblog.dl5sel.de\/wp-content\/uploads\/2015\/01\/K1024_R0013714.jpg 1024w, https:\/\/genblog.dl5sel.de\/wp-content\/uploads\/2015\/01\/K1024_R0013714-300x225.jpg 300w, https:\/\/genblog.dl5sel.de\/wp-content\/uploads\/2015\/01\/K1024_R0013714-624x468.jpg 624w\" sizes=\"auto, (max-width: 625px) 100vw, 625px\" \/><\/a><br \/>\nDas n\u00e4chste Foto zeigt die Zugbr\u00fccke \u00fcber die Hafenzufahrt und das zugeh\u00f6rige Kontrollzentrum. Wegen der futuristischen Form sagen die Einheimischen auch &#8222;Ufo&#8220; dazu &#8230;<br \/>\n<a href=\"http:\/\/genblog.dl5sel.de\/wp-content\/uploads\/2015\/01\/K1024_R0013676.jpg\"><img loading=\"lazy\" decoding=\"async\" class=\"aligncenter size-large wp-image-1677\" src=\"http:\/\/genblog.dl5sel.de\/wp-content\/uploads\/2015\/01\/K1024_R0013676-1024x768.jpg\" alt=\"K1024_R0013676\" width=\"625\" height=\"469\" srcset=\"https:\/\/genblog.dl5sel.de\/wp-content\/uploads\/2015\/01\/K1024_R0013676.jpg 1024w, https:\/\/genblog.dl5sel.de\/wp-content\/uploads\/2015\/01\/K1024_R0013676-300x225.jpg 300w, https:\/\/genblog.dl5sel.de\/wp-content\/uploads\/2015\/01\/K1024_R0013676-624x468.jpg 624w\" sizes=\"auto, (max-width: 625px) 100vw, 625px\" \/><\/a><br \/>\nBei ge\u00f6ffneter Zugbr\u00fccke hat man die nachfolgende Sicht auf den Leuchtturm und die Hafeneinfahrt:<br \/>\n<a href=\"http:\/\/genblog.dl5sel.de\/wp-content\/uploads\/2015\/01\/K1024_R0013694.jpg\"><img loading=\"lazy\" decoding=\"async\" class=\"aligncenter size-large wp-image-1678\" src=\"http:\/\/genblog.dl5sel.de\/wp-content\/uploads\/2015\/01\/K1024_R0013694-1024x768.jpg\" alt=\"K1024_R0013694\" width=\"625\" height=\"469\" srcset=\"https:\/\/genblog.dl5sel.de\/wp-content\/uploads\/2015\/01\/K1024_R0013694.jpg 1024w, https:\/\/genblog.dl5sel.de\/wp-content\/uploads\/2015\/01\/K1024_R0013694-300x225.jpg 300w, https:\/\/genblog.dl5sel.de\/wp-content\/uploads\/2015\/01\/K1024_R0013694-624x468.jpg 624w\" sizes=\"auto, (max-width: 625px) 100vw, 625px\" \/><\/a><br \/>\nAm Hotel Apollo, dem ehemaligen &#8222;Friedrichsbad&#8220;, befindet sich eine <a title=\"Webcam: Dar\u0142owo Hotel Apollo\" href=\"http:\/\/oognet.pl\/content\/details\/778\" target=\"_blank\" rel=\"noopener noreferrer\">Webcam<\/a> mit Blick zum Strand \u00f6stlich der Wipper. Gut zu erkennen sind die Wellenbrecher, die ein Abtragen des Strandes verhindern sollen &#8230;<\/p>\n","protected":false},"excerpt":{"rendered":"<p>Im Juli 2013 hatte ich Gelegenheit, einige Tage im Geburtsort meiner Gro\u00dfmutter Marie Vogel (geb. M\u00fcnchow) zu verbringen. Dabei entstanden auch einige Fotos, die vielleicht einen kleinen Eindruck vermitteln. Das folgende Foto zeigt einen Blick von der Ostmole auf den Hafen, links der Leuchtturm. Das n\u00e4chste Foto zeigt die Zugbr\u00fccke \u00fcber die Hafenzufahrt und das [&hellip;]<\/p>\n","protected":false},"author":1,"featured_media":0,"parent":0,"menu_order":0,"comment_status":"closed","ping_status":"closed","template":"","meta":{"footnotes":""},"class_list":["post-1044","page","type-page","status-publish","hentry"],"_links":{"self":[{"href":"https:\/\/genblog.dl5sel.de\/index.php?rest_route=\/wp\/v2\/pages\/1044","targetHints":{"allow":["GET"]}}],"collection":[{"href":"https:\/\/genblog.dl5sel.de\/index.php?rest_route=\/wp\/v2\/pages"}],"about":[{"href":"https:\/\/genblog.dl5sel.de\/index.php?rest_route=\/wp\/v2\/types\/page"}],"author":[{"embeddable":true,"href":"https:\/\/genblog.dl5sel.de\/index.php?rest_route=\/wp\/v2\/users\/1"}],"replies":[{"embeddable":true,"href":"https:\/\/genblog.dl5sel.de\/index.php?rest_route=%2Fwp%2Fv2%2Fcomments&post=1044"}],"version-history":[{"count":16,"href":"https:\/\/genblog.dl5sel.de\/index.php?rest_route=\/wp\/v2\/pages\/1044\/revisions"}],"predecessor-version":[{"id":1951,"href":"https:\/\/genblog.dl5sel.de\/index.php?rest_route=\/wp\/v2\/pages\/1044\/revisions\/1951"}],"wp:attachment":[{"href":"https:\/\/genblog.dl5sel.de\/index.php?rest_route=%2Fwp%2Fv2%2Fmedia&parent=1044"}],"curies":[{"name":"wp","href":"https:\/\/api.w.org\/{rel}","templated":true}]}}