{"id":1096,"date":"2013-08-28T12:36:34","date_gmt":"2013-08-28T10:36:34","guid":{"rendered":"http:\/\/genblog.dl5sel.de\/?page_id=1096"},"modified":"2020-11-01T15:54:49","modified_gmt":"2020-11-01T14:54:49","slug":"siedler-im-troszczyner-hauland","status":"publish","type":"page","link":"https:\/\/genblog.dl5sel.de\/?page_id=1096","title":{"rendered":"Siedler im Troszczyner Hauland"},"content":{"rendered":"<p>Wahrscheinlich begann die Besiedlung des Troszczyner Haulandes um 1750. Die Stadt Opalenica und Umgebung befanden sich zu dieser Zeit im Besitz der adligen <a title=\"Wikipedia: Familie Opalinski\" href=\"http:\/\/de.wikipedia.org\/wiki\/Opali%C5%84ski\" target=\"_blank\" rel=\"noopener noreferrer\">Familie Opalinski<\/a>. Die Ansiedlung ausl\u00e4ndischer bzw. deutscher Kolonisten in den Haul\u00e4ndern erfolgte ausschlie\u00dflich in Initiative der jeweiligen Grundherren. Im Normalfall wurde zwischen den Grundherren und den Siedlern ein Ansiedlungsvertrag geschlossen. Im Falle des Troszczyner Haulandes sowie auch der \u00fcbrigen Haul\u00e4nder in der Umgebung von Opalenica konnten die Ansiedlungsvertr\u00e4ge bisher nicht gefunden werden. Es ist auch nicht bekannt, wie die &#8222;Anwerbung&#8220; der Siedler erfolgte.<\/p>\n<p>An dieser Stelle m\u00f6chte ich den Versuch unternehmen, eine Liste der Siedler im Troszczyner Hauland zu erstellen. Die Liste erhebt keinen Anspruch auf Vollst\u00e4ndigkeit. Vielleicht kann sie aber dazu beitragen, die eigentliche Herkunft der Siedler im Troszczyner Hauland zu kl\u00e4ren.<\/p>\n<p>Dass ich mich weitestgehend auf die m\u00e4nnlichen Siedler konzentriere, hat rein pragmatische Gr\u00fcnde: Der Familienname geht immer von den V\u00e4tern aus.<\/p>\n<p>Wenn in meiner Datenbank weitere Informationen zu den jeweiligen Namen vorhanden sind, wurde ein Link gesetzt. Dadurch erh\u00e4lt man schnell einen \u00dcberblick \u00fcber die Familie &#8230;<\/p>\n<p><a title=\"WebTrees: Georgij Obst\" href=\"https:\/\/genealogie.dl5sel.de\/index.php?route=%2Ftree%2Freinhard%2Findividual%2FI439%2FGeorgij-Obst\" target=\"_blank\" rel=\"noopener noreferrer\">Georgij Obst<\/a>:<br \/>\nerste bekannte Erw\u00e4hnung am 27.04.1757 &#8211; Taufe der Tochter Barbara<br \/>\nder Familienname taucht in unterschiedlichen Schreibweisen in den Kirchenb\u00fcchern auf, u.a. als &#8222;Ubs&#8220;, &#8222;Obc&#8220; oder &#8222;Hubs&#8220;<br \/>\nGeorgijs Ehefrau Barbara wird bereits am 06.10.1754 als Taufpatin f\u00fcr Matthias Wolf genannt.<br \/>\nAlle anderen Lebensdaten sind unbekannt.<\/p>\n<p><a title=\"WebTrees: Antonius Fogel\" href=\"https:\/\/genealogie.dl5sel.de\/index.php?route=%2Ftree%2Freinhard%2Findividual%2FI187%2FFranciscus-Antonius-Fogel\" target=\"_blank\" rel=\"noopener noreferrer\">Franciscus Antonius Fogel<\/a>:<br \/>\nerste bekannte Erw\u00e4hnung am 23.02.1758 &#8211; Hochzeit mit Anna Maria Millerowna in Opalenica,<br \/>\nim Hochzeitseintrag ist vermerkt: &#8222;oriundus ex Bohemia&#8220; &#8211; geb\u00fcrtig aus B\u00f6hmen<br \/>\nalle anderen Lebensdaten sind unbekannt<\/p>\n<p><a title=\"WebTrees: Andreas Fogiel\" href=\"https:\/\/genealogie.dl5sel.de\/index.php?route=%2Ftree%2Freinhard%2Findividual%2FI216%2FAndreas-Vogel\" target=\"_blank\" rel=\"noopener noreferrer\">Andreas Fogiel<\/a>:<br \/>\ngenaues Geburtsdatum und Geburtsort sind unbekannt,<br \/>\nerste bekannte Erw\u00e4hnung am 25.02.1772 &#8211; Hochzeit mit Marianna Ubsen (Obst) in Opalenica,<br \/>\ngestorben am 01.02.1809 in Troszczyn im Alter von 70 Jahren,<br \/>\nAus den Angaben des Sterbeeintrages wurde als Geburtsjahr 1739 errechnet. Am Tage seiner Hochzeit war Andreas etwa 33 Jahre alt.<br \/>\nDas erste Kind der Familie Andreas und Marianna Fogiel wurde am 03.10.1773 geboren.<\/p>\n<p><a title=\"WebTrees: Joannis Fogiel\" href=\"https:\/\/genealogie.dl5sel.de\/index.php?route=%2Ftree%2Freinhard%2Findividual%2FI429%2FJoannis-Fogiel\" target=\"_blank\" rel=\"noopener noreferrer\">Joannis Fogiel<\/a>:<br \/>\nverheiratet mit Anna Rosina Rosalia<br \/>\nerste bekannte Erw\u00e4hnung am 29.10.1765 &#8211; Geburt des ersten Sohnes Martinus in Troszczyn,<br \/>\ngestorben am 17.03.1798 in Troszczyn im Alter von 80 Jahren. Aus den Angaben des Sterbeeintrages wurde als Geburtsjahr 1718 errechnet.<br \/>\nAlle anderen Lebensdaten sind unbekannt.<\/p>\n<p><a title=\"WebTrees: Georgius Halamski\" href=\"https:\/\/genealogie.dl5sel.de\/index.php?route=%2Ftree%2Freinhard%2Findividual%2FI185%2FGeorgius-Halamski\" target=\"_blank\" rel=\"noopener noreferrer\">Georgius Halamski<\/a>:<br \/>\ngenaues Geburtsdatum und Geburtsort sind unbekannt,<br \/>\nerste bekannte Erw\u00e4hnung am 15.02.1770 &#8211; Hochzeit mit <span class=\"famnav_link\"><span class=\"NAME\" dir=\"auto\">Magdalena <span class=\"SURN\">J\u0119drzejewska in Opalenica,<br \/>\ngestorben am 21.10.1796 in Opalenica im Alter von 60 Jahren, daraus als Geburtsjahr 1736 errechnet<br \/>\n<\/span><\/span><\/span><\/p>\n<p>George Woyth:<br \/>\ngenaues Geburtsdatum und Geburtsort sind unbekannt,<br \/>\ngestorben am 21.12.1818 in Troszczyn im Alter von 75 Jahren, daraus als Geburtsjahr 1743 errechnet,<br \/>\nder Sterbeeintrag im Kirchenbuch von Gr\u00e4tz kann als <a title=\"Sterbe-Eintrag George Woyth\" href=\"http:\/\/szukajwarchiwach.pl\/53\/3786\/0\/-\/1\/skan\/medium\/YBZcVOOriQnsgrcSqZyn2A\" target=\"_blank\" rel=\"noopener noreferrer\">Scan im Internet<\/a> eingesehen werden.<br \/>\nWeitere Informationen zu George Woyth enth\u00e4lt die Seite <a title=\"Maltes Genealogie - George Woydt\" href=\"http:\/\/www.woydt.be\/genealogie\/g17\/g174\/1743woge01.htm\" target=\"_blank\" rel=\"noopener noreferrer\">http:\/\/www.woydt.be<\/a><\/p>\n<p><span class=\"famnav_link\"><span class=\"NAME\" dir=\"auto\"><span class=\"SURN\">Erg\u00e4nzungen oder Bemerkungen zu diesem Beitrag nehme ich sehr gern entgegen. Bitte dazu im Blog die Seite &#8222;Kommentare&#8220; nutzen und eine entsprechende Nachricht hinterlassen.<br \/>\n<\/span><\/span><\/span><\/p>\n","protected":false},"excerpt":{"rendered":"<p>Wahrscheinlich begann die Besiedlung des Troszczyner Haulandes um 1750. Die Stadt Opalenica und Umgebung befanden sich zu dieser Zeit im Besitz der adligen Familie Opalinski. Die Ansiedlung ausl\u00e4ndischer bzw. deutscher Kolonisten in den Haul\u00e4ndern erfolgte ausschlie\u00dflich in Initiative der jeweiligen Grundherren. Im Normalfall wurde zwischen den Grundherren und den Siedlern ein Ansiedlungsvertrag geschlossen. Im Falle [&hellip;]<\/p>\n","protected":false},"author":1,"featured_media":0,"parent":0,"menu_order":0,"comment_status":"closed","ping_status":"closed","template":"","meta":{"footnotes":""},"class_list":["post-1096","page","type-page","status-publish","hentry"],"_links":{"self":[{"href":"https:\/\/genblog.dl5sel.de\/index.php?rest_route=\/wp\/v2\/pages\/1096","targetHints":{"allow":["GET"]}}],"collection":[{"href":"https:\/\/genblog.dl5sel.de\/index.php?rest_route=\/wp\/v2\/pages"}],"about":[{"href":"https:\/\/genblog.dl5sel.de\/index.php?rest_route=\/wp\/v2\/types\/page"}],"author":[{"embeddable":true,"href":"https:\/\/genblog.dl5sel.de\/index.php?rest_route=\/wp\/v2\/users\/1"}],"replies":[{"embeddable":true,"href":"https:\/\/genblog.dl5sel.de\/index.php?rest_route=%2Fwp%2Fv2%2Fcomments&post=1096"}],"version-history":[{"count":21,"href":"https:\/\/genblog.dl5sel.de\/index.php?rest_route=\/wp\/v2\/pages\/1096\/revisions"}],"predecessor-version":[{"id":2006,"href":"https:\/\/genblog.dl5sel.de\/index.php?rest_route=\/wp\/v2\/pages\/1096\/revisions\/2006"}],"wp:attachment":[{"href":"https:\/\/genblog.dl5sel.de\/index.php?rest_route=%2Fwp%2Fv2%2Fmedia&parent=1096"}],"curies":[{"name":"wp","href":"https:\/\/api.w.org\/{rel}","templated":true}]}}