{"id":1136,"date":"2013-10-02T12:25:12","date_gmt":"2013-10-02T10:25:12","guid":{"rendered":"http:\/\/genblog.dl5sel.de\/?page_id=1136"},"modified":"2013-10-06T10:47:32","modified_gmt":"2013-10-06T08:47:32","slug":"auszuege-aus-den-landbesitzer-registern-suedpreussen-179394","status":"publish","type":"page","link":"https:\/\/genblog.dl5sel.de\/?page_id=1136","title":{"rendered":"Ausz\u00fcge aus den Landbesitzer-Registern &#8211; S\u00fcdpreu\u00dfen 1793\/94"},"content":{"rendered":"<p>Die folgenden Angaben wurden der englischsprachigen Webseite von Herrn Reuben Drefs <a href=\"http:\/\/genealogy.drefs.net\/Introduction.htm\" target=\"_blank\">http:\/\/genealogy.drefs.net\/Introduction.htm<\/a>\u00a0 entnommen und nach den Ortschaften in der Umgebung der Stadt Opalenica sortiert. F\u00fcr den Familienforscher bietet sich dadurch vielleicht eine M\u00f6glichkeit, in den Kirchenb\u00fcchern gezielter nach Namen zu suchen.<\/p>\n<p>Hinsichtlich der Schreibweise der Familiennamen ist zu beachten, dass m\u00f6glicherweise \u00dcbertragungsfehler auftreten. Vor allem die \u00dcbertragung aus der deutschen S\u00fctterlinschrift kann sich f\u00fcr Unge\u00fcbte als problematisch erweisen. Ich werde versuchen, besonders interessante Register als Kopie zu bekommen. Verbindungen zu Personen in meiner Datenbank werde ich mit einem entsprechenden Link hinterlegen.<\/p>\n<p>Die Liste der Landbesitzer ist auf keinen Fall identisch mit einer Einwohnerliste. Es ist durchaus m\u00f6glich, dass Angeh\u00f6rige der registrierten Landbesitzer zu den Einwohnern geh\u00f6rten oder andere Einwohner des Ortes ihren Lebensunterhalt nicht mit der Landwirtschaft verdienten.<\/p>\n<p>Da die Liste der Landbesitzer, speziell f\u00fcr die Stadt Opalenica, etwas gr\u00f6\u00dfer ausfallen kann, wird f\u00fcr jede Ortschaft in der Umgebung von Opalenica eine eigene Seite angelegt. Folgende Listen stehen aktuell zur Verf\u00fcgung:<br \/>\n<a href=\"http:\/\/genblog.dl5sel.de\/?page_id=1156\">Opalenica, Stadt<\/a>, 123 Eintr\u00e4ge<br \/>\n<a href=\"http:\/\/genblog.dl5sel.de\/?page_id=1168\">Terespotockie<\/a>, 26 Eintr\u00e4ge<br \/>\n<a href=\"http:\/\/genblog.dl5sel.de\/?page_id=1154\">Troszczyn, Hauland<\/a>, 16 Eintr\u00e4ge<\/p>\n<p>Hinsichtlich der Herkunft der Landbesitzer in Opalenica und Umgebung ergeben sich eine Reihe von Mutma\u00dfungen. In Troszczyn sind meines Erachtens vorrangig deutsche Namen anzutreffen. In der Stadt Opalenica dagegen \u00fcberwiegen die polnischen Namen.<\/p>\n","protected":false},"excerpt":{"rendered":"<p>Die folgenden Angaben wurden der englischsprachigen Webseite von Herrn Reuben Drefs http:\/\/genealogy.drefs.net\/Introduction.htm\u00a0 entnommen und nach den Ortschaften in der Umgebung der Stadt Opalenica sortiert. F\u00fcr den Familienforscher bietet sich dadurch vielleicht eine M\u00f6glichkeit, in den Kirchenb\u00fcchern gezielter nach Namen zu suchen. Hinsichtlich der Schreibweise der Familiennamen ist zu beachten, dass m\u00f6glicherweise \u00dcbertragungsfehler auftreten. Vor allem [&hellip;]<\/p>\n","protected":false},"author":1,"featured_media":0,"parent":0,"menu_order":0,"comment_status":"closed","ping_status":"closed","template":"","meta":{"footnotes":""},"class_list":["post-1136","page","type-page","status-publish","hentry"],"_links":{"self":[{"href":"https:\/\/genblog.dl5sel.de\/index.php?rest_route=\/wp\/v2\/pages\/1136","targetHints":{"allow":["GET"]}}],"collection":[{"href":"https:\/\/genblog.dl5sel.de\/index.php?rest_route=\/wp\/v2\/pages"}],"about":[{"href":"https:\/\/genblog.dl5sel.de\/index.php?rest_route=\/wp\/v2\/types\/page"}],"author":[{"embeddable":true,"href":"https:\/\/genblog.dl5sel.de\/index.php?rest_route=\/wp\/v2\/users\/1"}],"replies":[{"embeddable":true,"href":"https:\/\/genblog.dl5sel.de\/index.php?rest_route=%2Fwp%2Fv2%2Fcomments&post=1136"}],"version-history":[{"count":22,"href":"https:\/\/genblog.dl5sel.de\/index.php?rest_route=\/wp\/v2\/pages\/1136\/revisions"}],"predecessor-version":[{"id":1183,"href":"https:\/\/genblog.dl5sel.de\/index.php?rest_route=\/wp\/v2\/pages\/1136\/revisions\/1183"}],"wp:attachment":[{"href":"https:\/\/genblog.dl5sel.de\/index.php?rest_route=%2Fwp%2Fv2%2Fmedia&parent=1136"}],"curies":[{"name":"wp","href":"https:\/\/api.w.org\/{rel}","templated":true}]}}