{"id":1154,"date":"2013-10-05T17:03:18","date_gmt":"2013-10-05T15:03:18","guid":{"rendered":"http:\/\/genblog.dl5sel.de\/?page_id=1154"},"modified":"2020-10-31T22:45:30","modified_gmt":"2020-10-31T21:45:30","slug":"landbesitzer-in-troszczyn-179394","status":"publish","type":"page","link":"https:\/\/genblog.dl5sel.de\/?page_id=1154","title":{"rendered":"Landbesitzer in Troszczyn (1793\/94)"},"content":{"rendered":"<p>Im Band 72, Seite 2818 der Landbesitzer-Register f\u00fcr S\u00fcdpreu\u00dfen von 1793\/1794 werden f\u00fcr Troszczyn, Hol. folgende 16 Landbesitzer aufgef\u00fchrt:<br \/>\nFins, Anth.<br \/>\n<a title=\"Datenbank: Michael Finc\" href=\"https:\/\/genealogie.dl5sel.de\/index.php?route=%2Ftree%2Freinhard%2Findividual%2FI673%2FMichael-Finc\" target=\"_blank\" rel=\"noopener noreferrer\">Fins, Mich<\/a>.<br \/>\nGucze, Nicol.<br \/>\nGucze, Paul<br \/>\n<a title=\"Datenbank: Florian Heygenbarth\" href=\"https:\/\/genealogie.dl5sel.de\/index.php?route=%2Ftree%2Freinhard%2Findividual%2FI557%2FFlorian-Hegenbarth\" target=\"_blank\" rel=\"noopener noreferrer\">Hegenwardt, Frlor<\/a>.<br \/>\nHegenwardt, Joh.<br \/>\nHorn, Mich. (<a title=\"WebTrees: Michael Hum\" href=\"https:\/\/genealogie.dl5sel.de\/index.php?route=%2Ftree%2Freinhard%2Findividual%2FI740%2FMichael-Hum\" target=\"_blank\" rel=\"noopener noreferrer\">Hum, Michael<\/a> ?)<br \/>\nKarg, Anth.<br \/>\nKitter (Ritter?), Joh.<br \/>\nMoeller, Andr.<br \/>\n<a title=\"Datenbank: Georgij Ubsen\" href=\"https:\/\/genealogie.dl5sel.de\/index.php?route=%2Ftree%2Freinhard%2Findividual%2FI439%2FGeorgij-Obst\" target=\"_blank\" rel=\"noopener noreferrer\">Obst, George<\/a><br \/>\n<a title=\"Datenbank: Andreas Vogel\" href=\"https:\/\/genealogie.dl5sel.de\/index.php?route=%2Ftree%2Freinhard%2Findividual%2FI216%2FAndreas-Vogel\" target=\"_blank\" rel=\"noopener noreferrer\">Vogel, Andr.<\/a><br \/>\n<a title=\"Datenbank: Joannis Fogiel\" href=\"https:\/\/genealogie.dl5sel.de\/index.php?route=%2Ftree%2Freinhard%2Findividual%2FI429%2FJoannis-Fogiel\" target=\"_blank\" rel=\"noopener noreferrer\">Vogel, Joh.<\/a><br \/>\nWoyte, George<br \/>\nZeidler, Hans George<br \/>\nZybul, Math.<br \/>\nDa es zur Schreibweise der Familiennamen wahrscheinlich in mindestens einem Fall \u00dcbertragungsfehler gibt, werde ich versuchen, eine Kopie des Registers f\u00fcr Troszczyn zu beschaffen.<\/p>\n","protected":false},"excerpt":{"rendered":"<p>Im Band 72, Seite 2818 der Landbesitzer-Register f\u00fcr S\u00fcdpreu\u00dfen von 1793\/1794 werden f\u00fcr Troszczyn, Hol. folgende 16 Landbesitzer aufgef\u00fchrt: Fins, Anth. Fins, Mich. Gucze, Nicol. Gucze, Paul Hegenwardt, Frlor. Hegenwardt, Joh. Horn, Mich. (Hum, Michael ?) Karg, Anth. Kitter (Ritter?), Joh. Moeller, Andr. Obst, George Vogel, Andr. Vogel, Joh. Woyte, George Zeidler, Hans George Zybul, [&hellip;]<\/p>\n","protected":false},"author":1,"featured_media":0,"parent":0,"menu_order":0,"comment_status":"closed","ping_status":"closed","template":"","meta":{"footnotes":""},"class_list":["post-1154","page","type-page","status-publish","hentry"],"_links":{"self":[{"href":"https:\/\/genblog.dl5sel.de\/index.php?rest_route=\/wp\/v2\/pages\/1154","targetHints":{"allow":["GET"]}}],"collection":[{"href":"https:\/\/genblog.dl5sel.de\/index.php?rest_route=\/wp\/v2\/pages"}],"about":[{"href":"https:\/\/genblog.dl5sel.de\/index.php?rest_route=\/wp\/v2\/types\/page"}],"author":[{"embeddable":true,"href":"https:\/\/genblog.dl5sel.de\/index.php?rest_route=\/wp\/v2\/users\/1"}],"replies":[{"embeddable":true,"href":"https:\/\/genblog.dl5sel.de\/index.php?rest_route=%2Fwp%2Fv2%2Fcomments&post=1154"}],"version-history":[{"count":7,"href":"https:\/\/genblog.dl5sel.de\/index.php?rest_route=\/wp\/v2\/pages\/1154\/revisions"}],"predecessor-version":[{"id":1984,"href":"https:\/\/genblog.dl5sel.de\/index.php?rest_route=\/wp\/v2\/pages\/1154\/revisions\/1984"}],"wp:attachment":[{"href":"https:\/\/genblog.dl5sel.de\/index.php?rest_route=%2Fwp%2Fv2%2Fmedia&parent=1154"}],"curies":[{"name":"wp","href":"https:\/\/api.w.org\/{rel}","templated":true}]}}