{"id":1156,"date":"2013-10-05T17:04:05","date_gmt":"2013-10-05T15:04:05","guid":{"rendered":"http:\/\/genblog.dl5sel.de\/?page_id=1156"},"modified":"2020-10-31T22:38:09","modified_gmt":"2020-10-31T21:38:09","slug":"landbesitzer-in-opalenica-179394","status":"publish","type":"page","link":"https:\/\/genblog.dl5sel.de\/?page_id=1156","title":{"rendered":"Landbesitzer in Opalenica (1793\/94)"},"content":{"rendered":"<p>Im Band 46, ab Seite 1815 der Landbesitzer-Register f\u00fcr S\u00fcdpreu\u00dfen von 1793\/1794 werden f\u00fcr die Stadt Opalenica folgende Personen genannt:<br \/>\nAysinske, Francis<br \/>\nBadurski, Jan<br \/>\nBadurski, Joseph<br \/>\nBardojewicz, Woiciech<br \/>\nBlicki, Marcin<br \/>\nBoinki,\u00a0 Woiciech<br \/>\nBoinski, Andr.<br \/>\nBoinski, Maciey<br \/>\nBoinski, Wal.<br \/>\nBoinski, Walenti<br \/>\nBoinski, Warlaw<br \/>\n<a title=\"Datenbank: Franciszek Braniewicz\" href=\"https:\/\/genealogie.dl5sel.de\/index.php?route=%2Ftree%2Freinhard%2Findividual%2FI826%2FFranciszek-Braniewicz\" target=\"_blank\" rel=\"noopener noreferrer\">Braniewic, Franz<\/a><br \/>\nBranowicz, Bogislaus<br \/>\nBrekiewicz, Jan<br \/>\nBrelke, Felix<br \/>\nBrenkiewicz, Roch<br \/>\nBrenskiewicz, Benedict<br \/>\nBruniewiecz, Bogislaus<br \/>\nBruniewiecz, Fraciss.<br \/>\nBudurski, Victor<br \/>\nBurday, Andr.<br \/>\nBurdey, Maci<br \/>\nBzerske, Francis<br \/>\nDach, Jakub<br \/>\nDakowski, Antoni<br \/>\nDebirbanski, Marcin<br \/>\nDedkiewicz<br \/>\nDiadkiewicz, Andrzy<br \/>\nDibisbanski, Marcin<br \/>\nDokoski, Franz<br \/>\nDrakewicz, Pawel<br \/>\nDrakowicz, Joseph<br \/>\nDubisbauski, Antoni<br \/>\nDybisbarski, Barth<br \/>\nDyderski, Joseph<br \/>\nDyderski, Kazemirs<br \/>\nDzattkewicz, Joh.<br \/>\nDziadkiewicz, Jan.<br \/>\nDziderski, Kazemirs<br \/>\nFixa, Antoni<br \/>\nFixa, Thomas<br \/>\nFixinski, Joseph<br \/>\nFixinski, Maycher<br \/>\nFixinski, Thomas<br \/>\nFixinski, Thomas<br \/>\nFroietatski, Franz<br \/>\nGayderki, Dazemirs (Kazemirs?)<br \/>\nGerszik, Joseph<br \/>\nGiederski, Mich.<br \/>\nGintrowicz, Francis<br \/>\nGirlinski, Maci<br \/>\nGirlinski, Roman<br \/>\nGirlinski, Sebast.<br \/>\nGirlinski, Sofia<br \/>\nGordziejewicz, Fielip<br \/>\nGorsziejenic, Valent.<br \/>\nGrocholski, Thom<br \/>\nGuderski, Michel<br \/>\n<a title=\"Datenbank: Georgius Halamski\" href=\"https:\/\/genealogie.dl5sel.de\/index.php?route=%2Ftree%2Freinhard%2Findividual%2FI185%2FGeorgius-Halamski\" target=\"_blank\" rel=\"noopener noreferrer\">Halamski, Jerzy<\/a><br \/>\nHaynacki, Joseph<br \/>\nJednecki, Thom.<br \/>\nKeyser, Warior<br \/>\nKomorski, Antoni<br \/>\nKorbarski, Joseph<br \/>\nKornoroski, Maciey<br \/>\nKucharski, Jan<br \/>\nLawirke, Jandr.<br \/>\nLerski, Ignatz<br \/>\nLerski, Maci<br \/>\nLerski, Marcin<br \/>\nLicinske, Franz<br \/>\nLiczynski, Jan<br \/>\nMankiewitz, Casp.<br \/>\nMarnkewiczy, Casp<br \/>\nMieskowicz, Sebast.<br \/>\nNamyslowicz, Pawel<br \/>\nNiedswicke, Idci.<br \/>\nPawicki, Wawr.<br \/>\nPewinske, Dominik<br \/>\nPewinski, Woiciech<br \/>\nPierzinske, Woyc.<br \/>\nPiezczinske, Woyciech<br \/>\nPoraski, Marcin<br \/>\nPorski, Pawel<br \/>\nPrasinske, Jan<br \/>\nPiontkowska, Eliza.<br \/>\nRadczinski, Aug.Raduczeski, Anton<br \/>\nRubinski, Pawel<br \/>\nSaykowske, Franz<br \/>\nSielski, Andr.<br \/>\nSieski, Jakub<br \/>\nSikorski, Walenti<br \/>\nSilske, Blas.<br \/>\nSilske, Joseph<br \/>\nSilske, Marcin<br \/>\nSilske, Woyciech<br \/>\nSkrydleski, Woic.<br \/>\nSlachurski, Kazmirs<br \/>\nSmidtowicz, Mich.<br \/>\nSmifowic, Valent.<br \/>\nSmirszalski, Woiciech<br \/>\nSmirzalski, Franz<br \/>\nSmirzalski, Franz<br \/>\nSmitkalski, Ludwig<br \/>\nSobirayska, Wda.<br \/>\nStacholske, Andr.<br \/>\nStaedtiph<br \/>\nStaszeski, Francis<br \/>\nSteffanski, Woic.<br \/>\nSwietalski, Jakub<br \/>\nSzloscinski, Jan<br \/>\nSmilowuz, Valent.<br \/>\nSzomnaski, Domik.<br \/>\nSzumarski, Andr.<br \/>\nSzumarski, Dominik<br \/>\nSzuminski, Antoni<br \/>\nSzuminski, Michael<br \/>\nSzumnarski, Barth.<br \/>\nWiesner, Jan<br \/>\nWizemberg, Joseph<br \/>\nZalasczinski, Kazemirs<br \/>\nZielinske, Karol<br \/>\nZielonrska, Welowa<\/p>\n","protected":false},"excerpt":{"rendered":"<p>Im Band 46, ab Seite 1815 der Landbesitzer-Register f\u00fcr S\u00fcdpreu\u00dfen von 1793\/1794 werden f\u00fcr die Stadt Opalenica folgende Personen genannt: Aysinske, Francis Badurski, Jan Badurski, Joseph Bardojewicz, Woiciech Blicki, Marcin Boinki,\u00a0 Woiciech Boinski, Andr. Boinski, Maciey Boinski, Wal. Boinski, Walenti Boinski, Warlaw Braniewic, Franz Branowicz, Bogislaus Brekiewicz, Jan Brelke, Felix Brenkiewicz, Roch Brenskiewicz, Benedict Bruniewiecz, [&hellip;]<\/p>\n","protected":false},"author":1,"featured_media":0,"parent":0,"menu_order":0,"comment_status":"closed","ping_status":"closed","template":"","meta":{"footnotes":""},"class_list":["post-1156","page","type-page","status-publish","hentry"],"_links":{"self":[{"href":"https:\/\/genblog.dl5sel.de\/index.php?rest_route=\/wp\/v2\/pages\/1156","targetHints":{"allow":["GET"]}}],"collection":[{"href":"https:\/\/genblog.dl5sel.de\/index.php?rest_route=\/wp\/v2\/pages"}],"about":[{"href":"https:\/\/genblog.dl5sel.de\/index.php?rest_route=\/wp\/v2\/types\/page"}],"author":[{"embeddable":true,"href":"https:\/\/genblog.dl5sel.de\/index.php?rest_route=\/wp\/v2\/users\/1"}],"replies":[{"embeddable":true,"href":"https:\/\/genblog.dl5sel.de\/index.php?rest_route=%2Fwp%2Fv2%2Fcomments&post=1156"}],"version-history":[{"count":11,"href":"https:\/\/genblog.dl5sel.de\/index.php?rest_route=\/wp\/v2\/pages\/1156\/revisions"}],"predecessor-version":[{"id":1981,"href":"https:\/\/genblog.dl5sel.de\/index.php?rest_route=\/wp\/v2\/pages\/1156\/revisions\/1981"}],"wp:attachment":[{"href":"https:\/\/genblog.dl5sel.de\/index.php?rest_route=%2Fwp%2Fv2%2Fmedia&parent=1156"}],"curies":[{"name":"wp","href":"https:\/\/api.w.org\/{rel}","templated":true}]}}