{"id":1168,"date":"2013-10-05T19:17:20","date_gmt":"2013-10-05T17:17:20","guid":{"rendered":"http:\/\/genblog.dl5sel.de\/?page_id=1168"},"modified":"2020-10-31T22:40:00","modified_gmt":"2020-10-31T21:40:00","slug":"landbesitzer-in-terespotockie-179394","status":"publish","type":"page","link":"https:\/\/genblog.dl5sel.de\/?page_id=1168","title":{"rendered":"Landbesitzer in Terespotockie (1793\/94)"},"content":{"rendered":"<p>In den Landbesitzer-Registern f\u00fcr S\u00fcdpreu\u00dfen sind f\u00fcr das zu Opalenica geh\u00f6rende Dorf Terespotockie (Band 73, Seite 2879) folgende 26 Namen aufgef\u00fchrt:<\/p>\n<p>Brandt, Christoph<br \/>\nDokosky, Johann<br \/>\nFischer, Franz<br \/>\nHammerling, George<br \/>\nHammerling, Michael<br \/>\nHampel, Christian<br \/>\nHoffmann, Christian<br \/>\nHoffmann, Joseph<br \/>\nJander, Johann<br \/>\nKalisky, Christoph<br \/>\n<a title=\"Datenbank: Antoni Karge\" href=\"https:\/\/genealogie.dl5sel.de\/index.php?route=%2Ftree%2Freinhard%2Findividual%2FI512%2FAntoni-Karge\" target=\"_blank\" rel=\"noopener noreferrer\">Karge, Antoni<\/a><br \/>\nKelm, Christoph<br \/>\nKitter, Anton<br \/>\nKoschitzky, Johann<br \/>\nKransal, Christian<br \/>\nKretschmer, Christian<br \/>\nLange, George<br \/>\nMay, George<br \/>\nMIschke, Christoph<br \/>\nSchultz, Friedrich<br \/>\nSchultz, Johann<br \/>\nSchulz, Michael<br \/>\nStrahm, (Wittwe)<br \/>\nWeymann, Joseph<br \/>\nWeymann, Stanisl.<br \/>\nZepzinsky, Casper<\/p>\n","protected":false},"excerpt":{"rendered":"<p>In den Landbesitzer-Registern f\u00fcr S\u00fcdpreu\u00dfen sind f\u00fcr das zu Opalenica geh\u00f6rende Dorf Terespotockie (Band 73, Seite 2879) folgende 26 Namen aufgef\u00fchrt: Brandt, Christoph Dokosky, Johann Fischer, Franz Hammerling, George Hammerling, Michael Hampel, Christian Hoffmann, Christian Hoffmann, Joseph Jander, Johann Kalisky, Christoph Karge, Antoni Kelm, Christoph Kitter, Anton Koschitzky, Johann Kransal, Christian Kretschmer, Christian Lange, George [&hellip;]<\/p>\n","protected":false},"author":1,"featured_media":0,"parent":0,"menu_order":0,"comment_status":"closed","ping_status":"closed","template":"","meta":{"footnotes":""},"class_list":["post-1168","page","type-page","status-publish","hentry"],"_links":{"self":[{"href":"https:\/\/genblog.dl5sel.de\/index.php?rest_route=\/wp\/v2\/pages\/1168","targetHints":{"allow":["GET"]}}],"collection":[{"href":"https:\/\/genblog.dl5sel.de\/index.php?rest_route=\/wp\/v2\/pages"}],"about":[{"href":"https:\/\/genblog.dl5sel.de\/index.php?rest_route=\/wp\/v2\/types\/page"}],"author":[{"embeddable":true,"href":"https:\/\/genblog.dl5sel.de\/index.php?rest_route=\/wp\/v2\/users\/1"}],"replies":[{"embeddable":true,"href":"https:\/\/genblog.dl5sel.de\/index.php?rest_route=%2Fwp%2Fv2%2Fcomments&post=1168"}],"version-history":[{"count":5,"href":"https:\/\/genblog.dl5sel.de\/index.php?rest_route=\/wp\/v2\/pages\/1168\/revisions"}],"predecessor-version":[{"id":1982,"href":"https:\/\/genblog.dl5sel.de\/index.php?rest_route=\/wp\/v2\/pages\/1168\/revisions\/1982"}],"wp:attachment":[{"href":"https:\/\/genblog.dl5sel.de\/index.php?rest_route=%2Fwp%2Fv2%2Fmedia&parent=1168"}],"curies":[{"name":"wp","href":"https:\/\/api.w.org\/{rel}","templated":true}]}}