{"id":1345,"date":"2014-01-07T23:57:25","date_gmt":"2014-01-07T21:57:25","guid":{"rendered":"http:\/\/genblog.dl5sel.de\/?page_id=1345"},"modified":"2020-10-31T23:22:11","modified_gmt":"2020-10-31T22:22:11","slug":"personenstandsunterlagen-aus-graetz","status":"publish","type":"page","link":"https:\/\/genblog.dl5sel.de\/?page_id=1345","title":{"rendered":"Personenstandsunterlagen aus Gr\u00e4tz"},"content":{"rendered":"<p>Vor der Gr\u00fcndung der Kreise Neutomischel und Gr\u00e4tz geh\u00f6rte Opalenica zum Kreis Buk, der bis zum 01.10.1887 bestand. Bei einzelnen Opalenicer Haul\u00e4ndereien war die Entfernung nach Gr\u00e4tz kleiner als die nach Opalenica. Ich hatte deshalb die Vermutung, dass einige die Familie Vogel betreffende Personenstandsunterlagen im Bereich Gr\u00e4tz zu finden sind.<\/p>\n<p>\u00c4hnlich wie in Opalenica werden die Personenstandsunterlagen aus Gr\u00e4tz im Staatsarchiv Poznan aufbewahrt, wenn sie \u00e4lter als 100 Jahre sind. Die Gr\u00e4tz betreffenden Unterlagen wurden ebenfalls digitalisiert und sind unter dem folgenden Link im Internet zu finden:<br \/>\n<a title=\"Personenstandsunterlagen Gr\u00e4tz\" href=\"http:\/\/www.szukajwarchiwach.pl\/53\/1857\/0\/?q=Grodzisk+XSKANro:t&amp;wynik=6&amp;rpp=15&amp;page=1#tabZespol\" target=\"_blank\" rel=\"noopener noreferrer\">http:\/\/www.szukajwarchiwach.pl\/53\/1857\/0\/?q=Grodzisk+XSKANro:t&amp;wynik=6&amp;rpp=15&amp;page=1#tabZespol<\/a><\/p>\n<p>Da mein Urgro\u00dfonkel <a title=\"Datenbank: Augustinus Vogel\" href=\"https:\/\/genealogie.dl5sel.de\/index.php?route=%2Ftree%2Freinhard%2Findividual%2FI119%2FAugustinus-Vogel\" target=\"_blank\" rel=\"noopener noreferrer\">Augustinus Vogel<\/a> im Jahre 1893 in Gr\u00e4tz zum zweiten Male heiratete, sollte die Hochzeitsurkunde in Gr\u00e4tz zu finden sein. Das Poznan-Projekt nannte f\u00fcr die zweite Hochzeit das Jahr 1893. Nach kurzer Suche war die Hochzeitsurkunde meines Urgro\u00dfonkels gefunden:<br \/>\n<a title=\"Hochzeitsurkunde August Vogel\" href=\"http:\/\/www.szukajwarchiwach.pl\/53\/1857\/0\/3\/59\/skan\/full\/RXeCh2-JJhu6imWBJrWsHQ\" target=\"_blank\" rel=\"noopener noreferrer\">http:\/\/www.szukajwarchiwach.pl\/53\/1857\/0\/3\/59\/skan\/full\/RXeCh2-JJhu6imWBJrWsHQ<\/a><br \/>\n(nach rechts scrollen).<br \/>\nAn dieser Urkunde sind die Angaben zu den Eltern der Ehefrau Marianna interessant: Es ergibt sich eine Verbindung zur Familie Kalek, mit der ich bisher nicht gerechnet hatte. F\u00fcr Marianna war es ebenfalls die zweite Ehe. Ihre erste Eheschlie\u00dfung fand nach Auskunft des Poznan-Projektes 1873 in Gr\u00e4tz mit Antonius Apolinarski, einem 42-j\u00e4hrigen Wittwer, statt.<\/p>\n<p>Aus einer erneuten Abfrage der Datenbank des Poznan-Projektes zu Antonius Apolinarski ergaben sich Hinweise auf die erste Eheschlie\u00dfung mit Petronella Sternal im Jahre 1854. Hier wird sein Alter mit 28 angegeben.\u00a0 Eine der beiden Altersangaben ist falsch &#8230; ;). Ich werde also auch die Sterbeurkunde von Antonius Apolinarski suchen m\u00fcssen, um einen schriftlichen Nachweis in der Hand zu haben. Hoffentlich ist die Sterbeurkunde bereits in den Standesamtsunterlagen aus Gr\u00e4tz enthalten &#8230;<\/p>\n<p>Am 10.12.1874 wurde den Eheleuten Antonius und Marianna Apolinarski eine Tochter Lucia geboren: <a title=\"Lucia Apolinarska\" href=\"http:\/\/szukajwarchiwach.pl\/53\/1857\/0\/1\/1\/skan\/full\/8b9kMg9ZB5x5hG2DvH_-0w\" target=\"_blank\" rel=\"noopener noreferrer\">http:\/\/szukajwarchiwach.pl\/53\/1857\/0\/1\/1\/skan\/full\/8b9kMg9ZB5x5hG2DvH_-0w<br \/>\n<\/a>Aber eigentlich geh\u00f6rt das nicht hierher &#8230;<\/p>\n<p>Die Sterbeurkunde der Wittwe Paulina Czerniejewa, geb. Vogel, gestorben am 19.02.1901 im Alter von 76 Jahren im st\u00e4dtischen Krankenhaus Gr\u00e4tz, kann ich derzeit nicht zuordnen. Der Link lautet:<br \/>\n<a title=\"Sterbeurkunde: Paulina Czerniejewa, geb. Vogel\" href=\"http:\/\/www.szukajwarchiwach.pl\/53\/1857\/0\/4\/207\/skan\/full\/a2i-Ok6GjJqdeljGrlRrOQ\" target=\"_blank\" rel=\"noopener noreferrer\">http:\/\/www.szukajwarchiwach.pl\/53\/1857\/0\/4\/207\/skan\/full\/a2i-Ok6GjJqdeljGrlRrOQ<\/a><\/p>\n<p>Weitere Funde werde ich aktuell in meiner Datenbank aufnehmen. Ich hoffe, noch viel mehr famil\u00e4re Puzzlesteine in Gr\u00e4tz zu finden. Auch diese Suche wird mit Sicherheit weitere spannende Ergebnisse bringen &#8230;<\/p>\n","protected":false},"excerpt":{"rendered":"<p>Vor der Gr\u00fcndung der Kreise Neutomischel und Gr\u00e4tz geh\u00f6rte Opalenica zum Kreis Buk, der bis zum 01.10.1887 bestand. Bei einzelnen Opalenicer Haul\u00e4ndereien war die Entfernung nach Gr\u00e4tz kleiner als die nach Opalenica. Ich hatte deshalb die Vermutung, dass einige die Familie Vogel betreffende Personenstandsunterlagen im Bereich Gr\u00e4tz zu finden sind. \u00c4hnlich wie in Opalenica werden [&hellip;]<\/p>\n","protected":false},"author":1,"featured_media":0,"parent":0,"menu_order":0,"comment_status":"closed","ping_status":"closed","template":"","meta":{"footnotes":""},"class_list":["post-1345","page","type-page","status-publish","hentry"],"_links":{"self":[{"href":"https:\/\/genblog.dl5sel.de\/index.php?rest_route=\/wp\/v2\/pages\/1345","targetHints":{"allow":["GET"]}}],"collection":[{"href":"https:\/\/genblog.dl5sel.de\/index.php?rest_route=\/wp\/v2\/pages"}],"about":[{"href":"https:\/\/genblog.dl5sel.de\/index.php?rest_route=\/wp\/v2\/types\/page"}],"author":[{"embeddable":true,"href":"https:\/\/genblog.dl5sel.de\/index.php?rest_route=\/wp\/v2\/users\/1"}],"replies":[{"embeddable":true,"href":"https:\/\/genblog.dl5sel.de\/index.php?rest_route=%2Fwp%2Fv2%2Fcomments&post=1345"}],"version-history":[{"count":9,"href":"https:\/\/genblog.dl5sel.de\/index.php?rest_route=\/wp\/v2\/pages\/1345\/revisions"}],"predecessor-version":[{"id":1997,"href":"https:\/\/genblog.dl5sel.de\/index.php?rest_route=\/wp\/v2\/pages\/1345\/revisions\/1997"}],"wp:attachment":[{"href":"https:\/\/genblog.dl5sel.de\/index.php?rest_route=%2Fwp%2Fv2%2Fmedia&parent=1345"}],"curies":[{"name":"wp","href":"https:\/\/api.w.org\/{rel}","templated":true}]}}