{"id":1441,"date":"2014-03-20T00:52:48","date_gmt":"2014-03-19T22:52:48","guid":{"rendered":"http:\/\/genblog.dl5sel.de\/?page_id=1441"},"modified":"2020-10-31T23:24:26","modified_gmt":"2020-10-31T22:24:26","slug":"personenstandsunterlagen-aus-kuschlin","status":"publish","type":"page","link":"https:\/\/genblog.dl5sel.de\/?page_id=1441","title":{"rendered":"Personenstandsunterlagen aus Kuschlin"},"content":{"rendered":"<p>Kuschlin ist einer der Nachbarorte von Opalenica. Hier heiratete mein Urgro\u00dfonkel <a title=\"Webtrees: Joannes Vogel (1854 - ????)\" href=\"https:\/\/genealogie.dl5sel.de\/index.php?route=%2Ftree%2Freinhard%2Findividual%2FI172%2FJoannes-Vogel\" target=\"_blank\" rel=\"noopener noreferrer\">Joannes Vogel<\/a> am 17.06.1875. Die Familie seiner Ehefrau <a title=\"Webtrees: Franziska Subsar (1852 - ????)\" href=\"https:\/\/genealogie.dl5sel.de\/index.php?route=%2Ftree%2Freinhard%2Findividual%2FI284%2FFranziska-Subsar\" target=\"_blank\" rel=\"noopener noreferrer\">Franzisca (geb. Subsar)<\/a> war wahrscheinlich schon l\u00e4nger in Kuschlin ans\u00e4ssig. Damit geh\u00f6rt Kuschlin zu meinem Forschungsgebiet.<\/p>\n<p>Die Standesamtsunterlagen aus Kuschlin werden ebenfalls im Staatsarchiv Poznan aufbewahrt, wenn sie \u00e4lter als hundert Jahre sind. Der Link zu den Unterlagen aus Kuschlin lautet: <a title=\"Standesamt Kuschlin\" href=\"http:\/\/szukajwarchiwach.pl\/53\/1883\/0\/1#tabSerie\" target=\"_blank\" rel=\"noopener noreferrer\">http:\/\/szukajwarchiwach.pl\/53\/1883\/0\/1#tabSerie<\/a><\/p>\n<p>Ich hoffe, den Lebensweg weiterer Nachkommen von Andreas und Marianna Vogel auf diese Weise verfolgen zu k\u00f6nnen.<\/p>\n","protected":false},"excerpt":{"rendered":"<p>Kuschlin ist einer der Nachbarorte von Opalenica. Hier heiratete mein Urgro\u00dfonkel Joannes Vogel am 17.06.1875. Die Familie seiner Ehefrau Franzisca (geb. Subsar) war wahrscheinlich schon l\u00e4nger in Kuschlin ans\u00e4ssig. Damit geh\u00f6rt Kuschlin zu meinem Forschungsgebiet. Die Standesamtsunterlagen aus Kuschlin werden ebenfalls im Staatsarchiv Poznan aufbewahrt, wenn sie \u00e4lter als hundert Jahre sind. Der Link zu [&hellip;]<\/p>\n","protected":false},"author":1,"featured_media":0,"parent":0,"menu_order":0,"comment_status":"closed","ping_status":"closed","template":"","meta":{"footnotes":""},"class_list":["post-1441","page","type-page","status-publish","hentry"],"_links":{"self":[{"href":"https:\/\/genblog.dl5sel.de\/index.php?rest_route=\/wp\/v2\/pages\/1441","targetHints":{"allow":["GET"]}}],"collection":[{"href":"https:\/\/genblog.dl5sel.de\/index.php?rest_route=\/wp\/v2\/pages"}],"about":[{"href":"https:\/\/genblog.dl5sel.de\/index.php?rest_route=\/wp\/v2\/types\/page"}],"author":[{"embeddable":true,"href":"https:\/\/genblog.dl5sel.de\/index.php?rest_route=\/wp\/v2\/users\/1"}],"replies":[{"embeddable":true,"href":"https:\/\/genblog.dl5sel.de\/index.php?rest_route=%2Fwp%2Fv2%2Fcomments&post=1441"}],"version-history":[{"count":5,"href":"https:\/\/genblog.dl5sel.de\/index.php?rest_route=\/wp\/v2\/pages\/1441\/revisions"}],"predecessor-version":[{"id":1999,"href":"https:\/\/genblog.dl5sel.de\/index.php?rest_route=\/wp\/v2\/pages\/1441\/revisions\/1999"}],"wp:attachment":[{"href":"https:\/\/genblog.dl5sel.de\/index.php?rest_route=%2Fwp%2Fv2%2Fmedia&parent=1441"}],"curies":[{"name":"wp","href":"https:\/\/api.w.org\/{rel}","templated":true}]}}