{"id":1518,"date":"2014-06-24T16:06:08","date_gmt":"2014-06-24T14:06:08","guid":{"rendered":"http:\/\/genblog.dl5sel.de\/?page_id=1518"},"modified":"2020-10-31T22:49:02","modified_gmt":"2020-10-31T21:49:02","slug":"links-zu-unterlagen","status":"publish","type":"page","link":"https:\/\/genblog.dl5sel.de\/?page_id=1518","title":{"rendered":"Links zu Unterlagen"},"content":{"rendered":"<p>Die hier zusammengestellten Links stammen aus dem Forum des Gro\u00dfpolnischen Vereins f\u00fcr Familienforschung GNIAZDO. Da es f\u00fcr mich recht schwierig ist, die wesentlichen Informationen aus der polnischsprachigen Diskussion herauszufiltern, habe ich mir die M\u00fche gemacht, jedem Link nachzugehen und mit einem Kommentar zu versehen. Verlinkt wurden Scans aus Gr\u00e4tzer Kirchenb\u00fcchern.<\/p>\n<p><a class=\"postlink\" href=\"http:\/\/szukajwarchiwach.pl\/53\/3312\/0\/6.1\/2\/skan\/img\/fP1MCdwILeZhBKTtX1xMkA\" target=\"_blank\" rel=\"noopener noreferrer\">http:\/\/szukajwarchiwach.pl\/53\/3312\/0\/6.1\/2\/skan\/img\/fP1MCdwILeZhBKTtX1xMkA<br \/>\n<\/a>Am 26.09.1819 wurde in Kurowo auf den Namen Joannes getauft der eheliche Sohn von Florian Vogel und Marianna Weymannowna. Taufpaten waren Jacob Vogel und Catharina Fincowa aus Potockie. &#8211; Der Link ist bereits Bestandteil meiner Datenbank.<\/p>\n<p><a href=\"http:\/\/www.szukajwarchiwach.pl\/53\/3312\/0\/1\/16\/skan\/img\/BmI6c_3tRbCt4vKfa38kYw\" target=\"_blank\" rel=\"noopener noreferrer\">http:\/\/www.szukajwarchiwach.pl\/53\/3312\/0\/1\/16\/skan\/img\/BmI6c_3tRbCt4vKfa38kYw<br \/>\n<\/a>Mit Eintrag Nr. 28 wird vermerkt, dass die am 20.02.1825 geborene Tochter Marianna als Tochter von Franciscus Fogel und Veronica Fliggein am 24.02.1825 in der Kolonie ??? getauft wurde. &#8211; Hier sei die Frage erlaubt, um welches Paar es sich bei Franciscus und Veronica handelt. In meinen Unterlagen ist es bisher nicht verzeichnet &#8230;<\/p>\n<p class=\"postbody\"><a class=\"postlink\" href=\"http:\/\/www.szukajwarchiwach.pl\/53\/3312\/0\/5\/18\/skan\/img\/b3gEScGGb_KFG1a7oXA2SQ\">http:\/\/www.szukajwarchiwach.pl\/53\/3312\/ &#8230; G1a7oXA2SQ<\/a><br \/>\nEintrag Nr. 99: Am 22.12.1825 wurde Marianna Vogel, Tochter der Eheleute Franciscus Vogel und Veronica Fliegerowna getauft. &#8211; Ich denke, dass es sich um das selbe Paar wie im vorigen Fund handelt. Das ging dann aber schnell &#8230;<\/p>\n<p class=\"postbody\"><a class=\"postlink\" href=\"http:\/\/www.szukajwarchiwach.pl\/53\/3312\/0\/1.1\/19\/skan\/img\/b3gEScGGb_KFG1a7oXA2SQ\">http:\/\/www.szukajwarchiwach.pl\/53\/3312\/ &#8230; G1a7oXA2SQ<br \/>\n<\/a>Eintrag Nr. 91: Am 06.09.1826 wurde Catharina Vogel, Tochter der Eheleute Franciscus Vogel und Veronica Fliegerowna getauft. &#8211; Kein Kommentar &#8230; \ud83d\ude09<\/p>\n<p class=\"postbody\"><a class=\"postlink\" href=\"http:\/\/www.szukajwarchiwach.pl\/53\/3312\/0\/1.1\/22\/skan\/img\/Cc-9TDVroQ4M9I5ziBet-g\">http:\/\/www.szukajwarchiwach.pl\/53\/3312\/ &#8230; 9I5ziBet-g<br \/>\n<\/a>Eintrag Nr. 135: Am 04.11.1827 wurde in Troszczyn Joseph Vogel, Sohn der Eheleute Franciscus Vogel und Veronica Fliegerowna getauft.<\/p>\n<p><a class=\"postlink\" href=\"http:\/\/www.szukajwarchiwach.pl\/53\/3312\/0\/6.1\/33\/skan\/img\/Nc6Hu6pUxXKdRWHPcla-uw\">http:\/\/www.szukajwarchiwach.pl\/53\/3312\/ &#8230; RWHPcla-uw<br \/>\n<\/a>Eintrag Nr. 68: Am 17.10.1838 starb in Doktorowo die Wittwe Magdalena Vogel im Alter von 40 Jahren. &#8211; Magdalena wurde demnach 1798 geboren. In der Datenbank des Poznan Projects gibt es nur eine Hochzeit, die vom Alter der Braut her passen k\u00f6nnte:<br \/>\nKatholische Pfarre Czarnk\u00f3w [Czarnikau], Eintrag 34 \/ 1820<br \/>\n&#8211; Guilhelmus Vogel (28 Jahre alt)<br \/>\n&#8211; Magdalena Szulczewska (21 Jahre alt)<\/p>\n<p>Man nehme es mir nicht \u00fcbel, aber da bin ich einem Irrtum aufgesessen. Neuere Recherchen haben ergeben, dass es sich bei Magdalena um die Witwe des <a href=\"https:\/\/genealogie.dl5sel.de\/index.php?route=%2Ftree%2Freinhard%2Findividual%2FI441%2FValentin-Vogel\">Valentin Vogel (1789 &#8211; 1811)<\/a>, einem Bruder meines UrUrUrGro\u00dfvaters Martin Vogel, handelt.<\/p>\n<p><a class=\"postlink\" href=\"http:\/\/www.szukajwarchiwach.pl\/53\/3312\/0\/6.1\/33\/skan\/img\/qkJkJki_cwVW-OMUjZCfmA\">http:\/\/www.szukajwarchiwach.pl\/53\/3312\/ &#8230; -OMUjZCfmA<\/a><br \/>\nEintrag Nr. 104: Am 13.08.1840 wird in Kurowo Marianna Vogel, Tochter der Eheleute Franciscus Vogel und Francisca Hoffman getauft. &#8211; Das Poznan Project verzeichnet lediglich eine Eheschlie\u00dfung zwischen Franciscus Vogel und Francisca Humm:<br \/>\nKatholische Pfarre Opalenica, Eintrag 9 \/ 1838:<br \/>\n&#8211; Franciscus Vogel (28 Jahre alt), Vater: Florianus, Mutter: Anna Barbara Weyman<br \/>\n&#8211; Francisca Humm (18 Jahre alt), Vater: Martinus, Mutter: Apollonia Ritter<br \/>\nIn meiner Datenbank ist diese Eheschlie\u00dfung bisher nicht enthalten. Noch fehlt auch die Best\u00e4tigung &#8230;<br \/>\nTaufpaten waren Laurentius Obst und Marianna Hoffman, bei der es sich um eine Schwester des Franciscus handeln k\u00f6nnte.<\/p>\n<p><a class=\"postlink\" href=\"http:\/\/www.szukajwarchiwach.pl\/53\/3312\/0\/6.1\/33\/skan\/img\/2F614D7S-RcZgaPLrOVlHQ\">http:\/\/www.szukajwarchiwach.pl\/53\/3312\/ &#8230; gaPLrOVlHQ<br \/>\n<\/a>Eintrag Nr. 154: Am 02.12.1842 wird in Kurowo Franciscus Xaver als Sohn der Eheleute Franciscus Vogel und Francisca Chom getauft. Taufpaten waren Michael Hoffman und Marianna (Policka).<br \/>\nDieser Eintrag best\u00e4rkt meine zum vorhergehenden Link ge\u00e4u\u00dferten Vermutungen.<\/p>\n<p><a href=\"http:\/\/www.szukajwarchiwach.pl\/53\/3312\/0\/6.1\/33\/skan\/img\/FuSzm8BwkzgbC38kwC_MRA\">http:\/\/www.szukajwarchiwach.pl\/53\/3312\/ &#8230; C38kwC_MRA<br \/>\n<\/a>Eintrag Nr. 17: Am 17.02.1845 wird in Kurowo Joannes als Sohn der Eheleute Franciscus Fogel und Francisca Hon getauft. Taufpaten waren Joannes Fogel aus Terespotockie und Carolina Hon aus Troszczyn. &#8211; Da haben wir eine weitere Schreibweise des Geburtsnamens von Francisca &#8230;<\/p>\n<p><a href=\"http:\/\/www.szukajwarchiwach.pl\/53\/3312\/0\/6.1\/34\/skan\/img\/hH0BSniIs4xbhbpOvVSiHw\">http:\/\/www.szukajwarchiwach.pl\/53\/3312\/ &#8230; hbpOvVSiHw<br \/>\n<\/a>Eintrag Nr. 111: Am 16.08.1847 wird in Kurowo Augustyn als Sohn der Eheleute Franciszek Vogel und Franciska Homm getauft. Taufpaten waren Augustyn Vogel und Veronica Obst, beide aus Terespotockie. &#8211; Interessant ist nicht nur, dass der Schreiber eine weitere Variante von Franciscas Geburtsnamen beurkundet, es wird au\u00dferdem konsequent das Polnische verwendet. Der Vordruck ist allerdings zweisparchig: deutsch und polnisch<\/p>\n<p><a href=\"http:\/\/www.szukajwarchiwach.pl\/53\/3312\/0\/6.1\/34\/skan\/img\/sR5-0OdvdsvAh8lN2X_REA\">http:\/\/www.szukajwarchiwach.pl\/53\/3312\/ &#8230; h8lN2X_REA<\/a><br \/>\nEintrag Nr. 40: Am 23.03.1850 wird in Kurowo Vincent als Sohn der Eheleute Franciscus Vogel und Francisca Homm getauft. Taufzeugen waren Franciscus Czapczynski aus Terespotockie und Apolonia Homm aus Troszczyn. &#8211; Seltsamerweise ist der Vordruck wieder lateinisch &#8230;<\/p>\n<p><a href=\"http:\/\/www.szukajwarchiwach.pl\/53\/3312\/0\/6.1\/34\/skan\/img\/Q8PxzhSWD7Bnpbx6I7rXIg\">http:\/\/www.szukajwarchiwach.pl\/53\/3312\/ &#8230; pbx6I7rXIg<\/a><br \/>\nDer Eintrag Nr. 31 vom 15.04.1850 berichtet \u00fcber den Tod des Vincent Vogel. Er wurde gerade mal 23 Tage alt &#8230; Auch wenn die Kindersterblichkeit um 1850 ungleich h\u00f6her war als heute, ist es aus meiner Sicht doch sehr tragisch.<\/p>\n<p><a href=\"http:\/\/www.szukajwarchiwach.pl\/53\/3312\/0\/6.1\/34\/skan\/img\/0fQDDe4txhLPAXIgNphH_w\">http:\/\/www.szukajwarchiwach.pl\/53\/3312\/ &#8230; AXIgNphH_w<\/a><br \/>\nDie Seite ist schlecht zu lesen, der Schreiber scheint mit der Tinte nicht gerade sparsam umgegangen zu sein. Der Eintrag Nr. 116 vom 23.09.1851 dokumentiert die Taufe von Emilia, Tochter des Paares Franciscus Vogel und Francisca Hom. Taufpaten: Laurentius Obst und Magdalena Hom, beide aus Troszczyn.<\/p>\n<p>Dei beiden n\u00e4chsten Links geh\u00f6ren zusammen.<br \/>\n<a href=\"http:\/\/www.szukajwarchiwach.pl\/53\/3312\/0\/6.1\/34\/skan\/img\/MKiup4a99mfCZpAozv_tag\">http:\/\/www.szukajwarchiwach.pl\/53\/3312\/ &#8230; ZpAozv_tag<\/a>: Eintrag Nr. 42<br \/>\n<a href=\"http:\/\/www.szukajwarchiwach.pl\/53\/3312\/0\/6.1\/34\/skan\/img\/ju3l54zPgV5HS1U5_1NnmQ\">http:\/\/www.szukajwarchiwach.pl\/53\/3312\/ &#8230; S1U5_1NnmQ<\/a>: Eintrag Nr. 38<br \/>\nAm 04.03.1852 wurde Joseph als unehelicher Sohn der Bertha Vogel in Gr\u00e4tz getauft. Joseph starb bereits am 09.04.1852. &#8211; Unklar ist die Abstammung der Bertha Vogel, in meinen Aufzeichnungen ist sie nicht enthalten &#8230;<\/p>\n<p><a href=\"http:\/\/szukajwarchiwach.pl\/53\/3312\/0\/6.1\/34\/skan\/img\/6z3-OE0HwWeMpXXW4viFFA\">http:\/\/szukajwarchiwach.pl\/53\/3312\/0\/6. &#8230; pXXW4viFFA<br \/>\n<\/a>Eintrag Nr. 74: Am 23.05.1854 wurde in Kurowo Antonin als Sohn der Eheleute Franciscus Fogel und Francisca Homm getauft. Taufpaten waren Josephus Vogel und Veronica Obst, beide aus Terespotockie.<\/p>\n<p>1856<br \/>\nFranciscus Vogel, akt nr 62<br \/>\n<a href=\"http:\/\/szukajwarchiwach.pl\/53\/3312\/0\/6.1\/34\/skan\/img\/fPjhv4lQ73GJS6__j_DNfw\">http:\/\/szukajwarchiwach.pl\/53\/3312\/0\/6. &#8230; S6__j_DNfw<br \/>\n<\/a>Eintrag Nr. 62: Am 17.08.1856 wurde in Kurowo Vincent als Sohn der Eheleute Franciscus Vogel und Francisca Hohm getauft. Taufpaten waren Antonius Saziak und Marianna Gortke, beide ebenfalls aus Kurowo.<\/p>\n<p><a href=\"http:\/\/szukajwarchiwach.pl\/53\/3312\/0\/6.1\/34\/skan\/img\/Ia-o-CalHiQVjEbDQx5VEw\">http:\/\/szukajwarchiwach.pl\/53\/3312\/0\/6. &#8230; jEbDQx5VEw<br \/>\n<\/a>Eintrag Nr. 101: Am 07.11.1856 wurde Stanislaus Vogel in Gr\u00e4tz als unehelicher Sohn der Bertha Vogel geboren und am 16.11.1856 getauft. Taufpaten waren Josephus Smokot und Theophila Sokolowska, beide aus Gr\u00e4tz.<\/p>\n<p><a href=\"http:\/\/szukajwarchiwach.pl\/53\/3312\/0\/6.1\/34\/skan\/img\/rmYn81odvkkHzWiwQ-SsZA\">http:\/\/szukajwarchiwach.pl\/53\/3312\/0\/6. &#8230; zWiwQ-SsZA<\/a><br \/>\nEintrag Nr. 54: Am 02.04.1856 starb im Alter von 56 Jahren Catharina Halasz in Doktorowo. Ihre Eltern waren Franciscus Hoffmann und Florentina Vogel. Sie war verheiratet mit Antonius Halasz. &#8211; Im Poznan-Project ist mit Eintrag 9\/1820 der katholischen Pfarre in Gr\u00e4tz folgende Eheschlie\u00dfung registriert:<br \/>\n&#8211; Antonius Halasz, Witwer, 34 Jahre<br \/>\n&#8211; Catharina Hoffmanowna, 17 Jahre<br \/>\nRechnet man aus den bekannten Daten das Geburtsjahr von Catharina Halasz (geb. Hoffmann) zur\u00fcck, ergibt sich eine Differenz in den Altersangaben von 3 Jahren: Nach dem Eintrag im Sterberegister wurde sie 1800 geboren. Dann w\u00e4re sie zum Zeitpunkt der Hochzeit jedoch bereits 20 Jahre alt gewesen &#8230;<\/p>\n<p><a href=\"http:\/\/szukajwarchiwach.pl\/53\/3312\/0\/6.1\/34\/skan\/img\/QQnNPjHxgrcW3JE1hJIl9g\">http:\/\/szukajwarchiwach.pl\/53\/3312\/0\/6. &#8230; 3JE1hJIl9g<\/a><br \/>\nEintrag Nr. 135: Am 13.12.1857 starb im Alter von 45 Jahren Florianus Hoffmann in Slocin. Seine Eltern waren Franciscus Hoffmann und Clara Fogel. &#8211;<\/p>\n<p><a href=\"http:\/\/szukajwarchiwach.pl\/53\/3312\/0\/6.1\/34\/skan\/img\/jPQ-EfVqQI2_d0pG-eRGJg\">http:\/\/szukajwarchiwach.pl\/53\/3312\/0\/6. &#8230; d0pG-eRGJg<\/a><br \/>\nEintrag Nr. 154: Am 02.10.1858 starb Alexander Fogel im Alter von 10 Jahren in Gr\u00e4tz. Er war ein unehelicher Sohn der Albertina Fogel. &#8211; Im Moment kann ich keine Verbindung erkennen &#8230;<\/p>\n<p><a href=\"http:\/\/szukajwarchiwach.pl\/53\/3312\/0\/6.1\/34\/skan\/img\/gquVHMOCRYZiUQSRM4Bgug\">http:\/\/szukajwarchiwach.pl\/53\/3312\/0\/6. &#8230; UQSRM4Bgug<\/a><br \/>\nEintrag Nr. 168: Die am 26.09.1859 geborene Tochter Hedvig der Eheleute Franciscus Fogel und Francisca Homm wurde am 03.10.1859 getauft. Taufpaten waren Joan Homm aus Troszczyn und Veronica Obst aus Terespotockie.<\/p>\n<p><a href=\"http:\/\/szukajwarchiwach.pl\/53\/3312\/0\/4.1\/36\/skan\/img\/Pbz5-cHU5JC5H0rQrJHRig\">http:\/\/szukajwarchiwach.pl\/53\/3312\/0\/4. &#8230; H0rQrJHRig<\/a><br \/>\nEintrag Nr. 19: Am 13.10.1863 heirateten Michaelis Kaczmarek, 29 Jahre alt, und Marianna Vogel alias Fogel, 23 Jahre alt. Leider sind die Angaben zu den Eltern und Trauzeugen nicht erkennbar.<\/p>\n<p><a href=\"http:\/\/szukajwarchiwach.pl\/53\/3312\/0\/1.1\/35\/skan\/img\/Cc-9TDVroQ4M9I5ziBet-g\">http:\/\/szukajwarchiwach.pl\/53\/3312\/0\/1. &#8230; 9I5ziBet-g<br \/>\n<\/a>Eintrag Nr. 85: Am 25.04.1863 wurde in Kurowo Anna Fogel als Tochter der Eheleute Franciscus Fogel und Francisca Huhm geboren. Anna wurde am 03.05.1864 getauft, Taufpaten waren Joannes Obst aus Kurowo und Julianna Zielinska aus Siedlinko. Der n\u00e4chste Link unter <a href=\"http:\/\/szukajwarchiwach.pl\/53\/3312\/0\/6.1\/37\/skan\/img\/iBV84ILUinQkNRNoH-Ckbw\">http:\/\/szukajwarchiwach.pl\/53\/3312\/0\/6. &#8230; NRNoH-Ckbw<br \/>\n<\/a>berichtet mit Eintrag Nr. 52 \u00fcber den Tod Annas am 20.06.1864.<\/p>\n","protected":false},"excerpt":{"rendered":"<p>Die hier zusammengestellten Links stammen aus dem Forum des Gro\u00dfpolnischen Vereins f\u00fcr Familienforschung GNIAZDO. Da es f\u00fcr mich recht schwierig ist, die wesentlichen Informationen aus der polnischsprachigen Diskussion herauszufiltern, habe ich mir die M\u00fche gemacht, jedem Link nachzugehen und mit einem Kommentar zu versehen. Verlinkt wurden Scans aus Gr\u00e4tzer Kirchenb\u00fcchern. http:\/\/szukajwarchiwach.pl\/53\/3312\/0\/6.1\/2\/skan\/img\/fP1MCdwILeZhBKTtX1xMkA Am 26.09.1819 wurde in [&hellip;]<\/p>\n","protected":false},"author":1,"featured_media":0,"parent":0,"menu_order":0,"comment_status":"closed","ping_status":"closed","template":"","meta":{"footnotes":""},"class_list":["post-1518","page","type-page","status-publish","hentry"],"_links":{"self":[{"href":"https:\/\/genblog.dl5sel.de\/index.php?rest_route=\/wp\/v2\/pages\/1518","targetHints":{"allow":["GET"]}}],"collection":[{"href":"https:\/\/genblog.dl5sel.de\/index.php?rest_route=\/wp\/v2\/pages"}],"about":[{"href":"https:\/\/genblog.dl5sel.de\/index.php?rest_route=\/wp\/v2\/types\/page"}],"author":[{"embeddable":true,"href":"https:\/\/genblog.dl5sel.de\/index.php?rest_route=\/wp\/v2\/users\/1"}],"replies":[{"embeddable":true,"href":"https:\/\/genblog.dl5sel.de\/index.php?rest_route=%2Fwp%2Fv2%2Fcomments&post=1518"}],"version-history":[{"count":23,"href":"https:\/\/genblog.dl5sel.de\/index.php?rest_route=\/wp\/v2\/pages\/1518\/revisions"}],"predecessor-version":[{"id":1987,"href":"https:\/\/genblog.dl5sel.de\/index.php?rest_route=\/wp\/v2\/pages\/1518\/revisions\/1987"}],"wp:attachment":[{"href":"https:\/\/genblog.dl5sel.de\/index.php?rest_route=%2Fwp%2Fv2%2Fmedia&parent=1518"}],"curies":[{"name":"wp","href":"https:\/\/api.w.org\/{rel}","templated":true}]}}