{"id":155,"date":"2012-03-04T15:55:40","date_gmt":"2012-03-04T14:55:40","guid":{"rendered":"http:\/\/19matt57.cwsurf.de\/wordpress\/?page_id=155"},"modified":"2020-10-31T17:34:35","modified_gmt":"2020-10-31T16:34:35","slug":"anna-schiller-geb-vogel-2","status":"publish","type":"page","link":"https:\/\/genblog.dl5sel.de\/?page_id=155","title":{"rendered":"Anna Schiller, geb. Vogel (18.12.1878 &#8211; 26.06.1962)"},"content":{"rendered":"<p>Anna ist die j\u00fcngere Schwester meines Gro\u00dfvaters <a title=\"Hermann Vogel (1876 - 1935)\" href=\"https:\/\/genealogie.dl5sel.de\/index.php?route=%2Ftree%2Freinhard%2Findividual%2FI11%2FHermann-Vogel\" target=\"_blank\" rel=\"noopener noreferrer\">Hermann Vogel (1876 &#8211; 1935)<\/a>. Bisher ein v\u00f6llig &#8222;wei\u00dfes Blatt&#8220; in der Familiengeschichte, habe ich mit Hilfe des Archivs der Stadt Guben die wesentlichsten Fakten ihres Lebens erfahren k\u00f6nnen.<\/p>\n<p>Geboren am 18.12.1878 in Guben, wahrscheinlich auch in der Dreikreuzstra\u00dfe 2, heiratete sie mit 24 Jahren den Schlosser Robert Schiller, einen Eisenbahner. Nach den Angaben aus dem Gubener Adressbuch von 1910 wohnten beide gemeinsam mit Annas Mutter in der Dreikreuzstra\u00dfe 2.<\/p>\n<p>1903 wurde Tochter <a title=\"Datenbank: Elsbeth Schiller\" href=\"https:\/\/genealogie.dl5sel.de\/index.php?route=%2Ftree%2Freinhard%2Findividual%2FI288%2FElsbeth-Schiller\" target=\"_blank\" rel=\"noopener noreferrer\">Elsbeth (1903 &#8211; 1994)<\/a> geboren. Als Geburtsadresse muss ich noch die Dreikreuzstra\u00dfe 2 annehmen, denn ein Foto, dass im Sommer 1926 w\u00e4hrend des Hochwassers aufgenommen wurde, zeigt die Familie Schiller vor dem Haus in der Dreikreuzstra\u00dfe 2.<\/p>\n<p>Das Gubener Adressbuch von 1930 nennt die Familie Robert Schiller bereits unter der Adresse Sommerfelder Stra\u00dfe 42. 1937 verstarb Annas Ehemann Robert. Daher wird Anna im Gubener Adressbuch von 1939 auch bereits als Witwe gef\u00fchrt. Auch ihre Tochter Elsbeth wohnte 1939 noch in der Sommerfelder Stra\u00dfe 42.<\/p>\n<p>Famili\u00e4re \u00dcberlieferungen berichten, dass Anna Schiller und ihre Tochter Elsbeth 1945 nach der Vertreibung aus dem heutigen polnischen Teil Gubens kurzzeitig in Hohen Neuendorf bei meiner Gro\u00dfmutter gelebt h\u00e4tten und danach in den verbliebenen deutschen Teil Gubens zur\u00fcckgekehrt seien. &#8211; Die Auskunft des Archives der Stadt Guben ergab, dass Anna und ihre Tochter Elsbeth zwischen 1945 und 1948 nicht in Guben gemeldet waren. Ob sie sich wirklich w\u00e4hrend dieser gesamten Zeit in Hohen Neuendorf bei ihrer Schw\u00e4gerin aufgehalten haben, kann ich derzeit nicht \u00fcberpr\u00fcfen.<\/p>\n<p>Anna kehrte 1948 zusammen mit ihrer Tochter in den verbliebenen deutschen Teil Gubens zur\u00fcck. Es war sicher nicht einfach, so nah an der alten Heimat und doch in einer neuen Umgebung von Grund auf neu anzufangen. Von der Kupferhammerstra\u00dfe, wo sie nach 1948 wohnte, waren es nur ein paar Schritte bis zur Nei\u00dfe. Bis zur Dreikreuzstra\u00dfe und in die Sommerfelder Stra\u00dfe w\u00e4re es nur ein etwas l\u00e4ngerer Spaziergang gewesen &#8230;<\/p>\n<p>Die Gubener Standesamtsunterlagen aus der Zeit bis 1945 lagern, soweit noch erhalten, im Staatsarchiv Gr\u00fcnberg (heute: Zielona Gora, Polen). Hier werde ich meine n\u00e4chsten Recherchen ansetzen, denn mir fehlen noch die Geburtsurkunden von Anna und ihrem \u00e4lteren Bruder Hermann sowie die Eheurkunde von Robert und Anna. In den Mikrofilmen der Kirche Jesu Christi der Heiligen der Letzten Tage (Mormonen) habe ich die Urkunden nicht finden k\u00f6nnen.\u00a0 Das standesamtliche Geburtsregister beginnt erst im Oktober 1876, so dass der Geburtseintrag meines Gro\u00dfvaters noch nicht enthalten ist. Weshalb ich den Geburtseintrag von Anna nicht gefunden habe, ist mir allerdings nicht klar. Habe ich den Eintrag etwa \u00fcbersehen?<\/p>\n<p>Ein R\u00e4tsel bleibt noch zu kl\u00e4ren. Zwischen der Heirat von Anton und Auguste Vogel im Jahre 1869 und der Geburt meines Gro\u00dfvaters 1876 vergingen fast neun Jahre. Ich will ja nicht unn\u00f6tig spekulieren, aber: Hatten Hermann und Anna noch weitere Geschwister? Auch das ist ein Grund, in den noch verbliebenen Standesamtsunterlagen weiter zu suchen &#8230;<\/p>\n","protected":false},"excerpt":{"rendered":"<p>Anna ist die j\u00fcngere Schwester meines Gro\u00dfvaters Hermann Vogel (1876 &#8211; 1935). Bisher ein v\u00f6llig &#8222;wei\u00dfes Blatt&#8220; in der Familiengeschichte, habe ich mit Hilfe des Archivs der Stadt Guben die wesentlichsten Fakten ihres Lebens erfahren k\u00f6nnen. Geboren am 18.12.1878 in Guben, wahrscheinlich auch in der Dreikreuzstra\u00dfe 2, heiratete sie mit 24 Jahren den Schlosser Robert [&hellip;]<\/p>\n","protected":false},"author":1,"featured_media":0,"parent":47,"menu_order":0,"comment_status":"closed","ping_status":"closed","template":"","meta":{"footnotes":""},"class_list":["post-155","page","type-page","status-publish","hentry"],"_links":{"self":[{"href":"https:\/\/genblog.dl5sel.de\/index.php?rest_route=\/wp\/v2\/pages\/155","targetHints":{"allow":["GET"]}}],"collection":[{"href":"https:\/\/genblog.dl5sel.de\/index.php?rest_route=\/wp\/v2\/pages"}],"about":[{"href":"https:\/\/genblog.dl5sel.de\/index.php?rest_route=\/wp\/v2\/types\/page"}],"author":[{"embeddable":true,"href":"https:\/\/genblog.dl5sel.de\/index.php?rest_route=\/wp\/v2\/users\/1"}],"replies":[{"embeddable":true,"href":"https:\/\/genblog.dl5sel.de\/index.php?rest_route=%2Fwp%2Fv2%2Fcomments&post=155"}],"version-history":[{"count":3,"href":"https:\/\/genblog.dl5sel.de\/index.php?rest_route=\/wp\/v2\/pages\/155\/revisions"}],"predecessor-version":[{"id":1936,"href":"https:\/\/genblog.dl5sel.de\/index.php?rest_route=\/wp\/v2\/pages\/155\/revisions\/1936"}],"up":[{"embeddable":true,"href":"https:\/\/genblog.dl5sel.de\/index.php?rest_route=\/wp\/v2\/pages\/47"}],"wp:attachment":[{"href":"https:\/\/genblog.dl5sel.de\/index.php?rest_route=%2Fwp%2Fv2%2Fmedia&parent=155"}],"curies":[{"name":"wp","href":"https:\/\/api.w.org\/{rel}","templated":true}]}}