{"id":1577,"date":"2014-08-10T20:44:10","date_gmt":"2014-08-10T18:44:10","guid":{"rendered":"http:\/\/genblog.dl5sel.de\/?page_id=1577"},"modified":"2015-01-27T16:53:57","modified_gmt":"2015-01-27T14:53:57","slug":"personenstandsunterlagen-aus-guben","status":"publish","type":"page","link":"https:\/\/genblog.dl5sel.de\/?page_id=1577","title":{"rendered":"Personenstandsunterlagen aus Guben"},"content":{"rendered":"<p>Im Staatsarchiv Zielona Gora wird ein Teil der Personenstandsunterlagen aus Guben aufbewahrt. Diese sind, wenn auch nicht l\u00fcckenlos, im Internet unter den nachfolgenden Links verf\u00fcgbar:<\/p>\n<p><strong>1. Standesamtsunterlagen<\/strong><br \/>\n<a href=\"http:\/\/www.szukajwarchiwach.pl\/89\/242\/0\/?q=XDSTOPz:[1701+TO+*]+XDSTARTz:[*+TO+1941]+XTYPEro:zesp+pra+XSKANro:t+XARCHro:89&amp;wynik=7&amp;rpp=15&amp;page=1#tabSerie\" target=\"_blank\">http:\/\/www.szukajwarchiwach.pl\/89\/242\/0\/?q=XDSTOPz:[1701+TO+*]+XDSTARTz:[*+TO+1941]+XTYPEro:zesp+pra+XSKANro:t+XARCHro:89&amp;wynik=7&amp;rpp=15&amp;page=1#tabSerie<\/a><\/p>\n<p><strong>2. Kirchenb\u00fccher<\/strong><br \/>\n<a href=\"http:\/\/www.szukajwarchiwach.pl\/89\/125\/0\/?q=Guben+XDSTOPz:[1701+TO+*]+XDSTARTz:[*+TO+1941]+XTYPEro:zesp+pra+XSKANro:t+XARCHro:89&amp;wynik=2&amp;rpp=15&amp;page=1#tabJednostki\" target=\"_blank\">http:\/\/www.szukajwarchiwach.pl\/89\/125\/0\/?q=Guben+XDSTOPz:[1701+TO+*]+XDSTARTz:[*+TO+1941]+XTYPEro:zesp+pra+XSKANro:t+XARCHro:89&amp;wynik=2&amp;rpp=15&amp;page=1#tabJednostki<\/a><\/p>\n<p>In den Gubener Sterbeverzeichnissen wird das Alter sehr oft in der Form X Jahre, Y Monate, Z Tage angegeben. Mittels eines kleinen Rechners im Internet kann man daraus recht einfach das Geburtsdatum errechnen: <a href=\"http:\/\/berechnung-des-geburtstags.artflow.de\/\" target=\"_blank\">http:\/\/berechnung-des-geburtstags.artflow.de\/<\/a><\/p>\n<p>Bei der Suche nach den eigenen Vorfahren finde ich h\u00e4ufig Eintr\u00e4ge, bei denen zwar der Familienname stimmt, sich aber trotzdem keine eindeutige Zuordnung zu meiner Familie vornehmen l\u00e4sst. Ich werde daher diese &#8222;Zufallsfunde&#8220; in eine separate Datenbank aufnehmen. Vielleicht erw\u00e4chst daraus einmal der Grundstock f\u00fcr ein Ortsfamilienbuch. Die &#8222;Gubener Zufallsfunde&#8220; stehen ebenfalls im Internet zur Verf\u00fcgung: <a title=\"Datenbank: &quot;Gubener Zufallsfunde&quot;\" href=\"http:\/\/guben.dl5sel.de\" target=\"_blank\">http:\/\/guben.dl5sel.de<\/a>.<\/p>\n<p>Unter den vielen Funden f\u00fcr Guben muss ich einen besonders herausheben:<br \/>\n<a href=\"http:\/\/www.szukajwarchiwach.pl\/89\/125\/0\/-\/23\/skan\/full\/P6iMeIXgeB6_SKv6Nw6SdQ\" target=\"_blank\">http:\/\/www.szukajwarchiwach.pl\/89\/125\/0\/-\/23\/skan\/full\/P6iMeIXgeB6_SKv6Nw6SdQ<\/a><a href=\"http:\/\/www.szukajwarchiwach.pl\/89\/125\/0\/-\/23\/skan\/full\/8kY_9NDV2cJSEcAzonI0ZA\" target=\"_blank\"><br \/>\n<\/a>Nr. 130: Sterbeeintrag vom 19.05.1861, betreffend <a title=\"WebTrees: Franz Wats\u00fcck (1792 - 1861)\" href=\"http:\/\/genealogie.dl5sel.de\/individual.php?pid=I755&amp;ged=reinhard\" target=\"_blank\">Franz Wats\u00fcck, Ackerb\u00fcrger<\/a>, im Alter von 69 Jahren und 2 Monaten. Neben seiner Ehefrau Johanna Christiane, geb. Schuster, hinterl\u00e4\u00dft er auch eine Tochter: Karoline Klementine Lotze (geb. Wats\u00fcck). &#8211; Sowas nennt man wohl einen Volltreffer &#8230; Wenn ich dem Sterbeeintrag vollumf\u00e4nglich vertraue, hatte Karoline Klementine Wats\u00fcck keine weiteren Geschwister. Nat\u00fcrlich geh\u00f6rt dieser Eintrag in meine <a title=\"WebTrees: Familie Vogel\" href=\"http:\/\/genealogie.dl5sel.de\" target=\"_blank\">Familien-Datenbank<\/a> &#8230;<\/p>\n<p><a href=\"http:\/\/www.szukajwarchiwach.pl\/89\/125\/0\/-\/23\/skan\/full\/fojqA0PyHlSimgm_Ot_4KQ\" target=\"_blank\">http:\/\/www.szukajwarchiwach.pl\/89\/125\/0\/-\/23\/skan\/full\/fojqA0PyHlSimgm_Ot_4KQ<\/a><br \/>\nNr. 292: Sterbeeintrag der <a title=\"WebTrees: Pauline Bertha Lotze (1862 - 1863)\" href=\"http:\/\/genealogie.dl5sel.de\/individual.php?pid=I775&amp;ged=reinhard\" target=\"_blank\">Pauline Bertha Lotze<\/a> vom 29.09.1863, Tochter des Ackerb\u00fcrgers Friedrich Lotze im Alter von einem Jahr und 29 Tagen, errechnetes Geburtsdatum: 31.08.1862.\u00a0 &#8211; Die Zuordnung dieses Eintrages zur Familie meines Ururgro\u00dfvaters <a title=\"WebTrees: Martin Friedrich Lotze (1816 - 1884)\" href=\"http:\/\/genealogie.dl5sel.de\/individual.php?pid=I20&amp;ged=reinhard\" target=\"_blank\">Martin Friedrich Lotze (1816 &#8211; 1884)<\/a> beruht auf der Annahme, dass der im Eintrag als Vater genannte Ackerb\u00fcrger Friedrich Lotze mit meinem Ururgro\u00dfvater identisch ist. Das Geburtsregister der Gubener Stadt- und Hauptkirche f\u00fcr den Zeitraum 12.11.1850 &#8211; 14.11.1863 wurde durch das Staatsarchiv Zielona Gora leider nicht im Internet verf\u00fcgbar gemacht. Ob es \u00fcberhaupt noch existiert, ist fraglich. Daher kann ich auch die Eltern der Pauline Bertha Lotze nicht nochmals pr\u00fcfen &#8230;<\/p>\n<p>&nbsp;<\/p>\n<p>&nbsp;<\/p>\n<p>&nbsp;<\/p>\n<p>&nbsp;<\/p>\n<p>&nbsp;<\/p>\n<p>&nbsp;<\/p>\n<p>&nbsp;<\/p>\n<p>&nbsp;<\/p>\n","protected":false},"excerpt":{"rendered":"<p>Im Staatsarchiv Zielona Gora wird ein Teil der Personenstandsunterlagen aus Guben aufbewahrt. Diese sind, wenn auch nicht l\u00fcckenlos, im Internet unter den nachfolgenden Links verf\u00fcgbar: 1. Standesamtsunterlagen http:\/\/www.szukajwarchiwach.pl\/89\/242\/0\/?q=XDSTOPz:[1701+TO+*]+XDSTARTz:[*+TO+1941]+XTYPEro:zesp+pra+XSKANro:t+XARCHro:89&amp;wynik=7&amp;rpp=15&amp;page=1#tabSerie 2. Kirchenb\u00fccher http:\/\/www.szukajwarchiwach.pl\/89\/125\/0\/?q=Guben+XDSTOPz:[1701+TO+*]+XDSTARTz:[*+TO+1941]+XTYPEro:zesp+pra+XSKANro:t+XARCHro:89&amp;wynik=2&amp;rpp=15&amp;page=1#tabJednostki In den Gubener Sterbeverzeichnissen wird das Alter sehr oft in der Form X Jahre, Y Monate, Z Tage angegeben. Mittels eines kleinen Rechners im [&hellip;]<\/p>\n","protected":false},"author":1,"featured_media":0,"parent":0,"menu_order":0,"comment_status":"closed","ping_status":"closed","template":"","meta":{"footnotes":""},"class_list":["post-1577","page","type-page","status-publish","hentry"],"_links":{"self":[{"href":"https:\/\/genblog.dl5sel.de\/index.php?rest_route=\/wp\/v2\/pages\/1577","targetHints":{"allow":["GET"]}}],"collection":[{"href":"https:\/\/genblog.dl5sel.de\/index.php?rest_route=\/wp\/v2\/pages"}],"about":[{"href":"https:\/\/genblog.dl5sel.de\/index.php?rest_route=\/wp\/v2\/types\/page"}],"author":[{"embeddable":true,"href":"https:\/\/genblog.dl5sel.de\/index.php?rest_route=\/wp\/v2\/users\/1"}],"replies":[{"embeddable":true,"href":"https:\/\/genblog.dl5sel.de\/index.php?rest_route=%2Fwp%2Fv2%2Fcomments&post=1577"}],"version-history":[{"count":33,"href":"https:\/\/genblog.dl5sel.de\/index.php?rest_route=\/wp\/v2\/pages\/1577\/revisions"}],"predecessor-version":[{"id":1683,"href":"https:\/\/genblog.dl5sel.de\/index.php?rest_route=\/wp\/v2\/pages\/1577\/revisions\/1683"}],"wp:attachment":[{"href":"https:\/\/genblog.dl5sel.de\/index.php?rest_route=%2Fwp%2Fv2%2Fmedia&parent=1577"}],"curies":[{"name":"wp","href":"https:\/\/api.w.org\/{rel}","templated":true}]}}