{"id":158,"date":"2012-03-04T15:57:59","date_gmt":"2012-03-04T14:57:59","guid":{"rendered":"http:\/\/19matt57.cwsurf.de\/wordpress\/?page_id=158"},"modified":"2020-10-31T17:31:22","modified_gmt":"2020-10-31T16:31:22","slug":"andreas-vogel-1809-2","status":"publish","type":"page","link":"https:\/\/genblog.dl5sel.de\/?page_id=158","title":{"rendered":"Andreas Vogel (1809 &#8211; ????)"},"content":{"rendered":"<p><a title=\"Andreas Vogel (1809 - ????)\" href=\"https:\/\/genealogie.dl5sel.de\/index.php?route=%2Ftree%2Freinhard%2Findividual%2FI22%2FAndreas-Vogel\" target=\"_blank\" rel=\"noopener noreferrer\">Andreas Vogel (1809 &#8211; ????)<\/a> ist mein Ururgro\u00dfvater. \u00dcber seine Familie habe ich in den Kirchenb\u00fcchern der katholischen Gemeinde in Opalenitza sehr viele Eintr\u00e4ge gefunden, so auch die Beurkundung seiner Hochzeit mit <a title=\"Veronica Chalamska (1813 - ????)\" href=\"https:\/\/genealogie.dl5sel.de\/index.php?route=%2Ftree%2Freinhard%2Findividual%2FI23%2FVeronica-Halamska\" target=\"_blank\" rel=\"noopener noreferrer\">Veronica Chalamska (1813 &#8211; ????)<\/a> am 30. April 1833. Am Tage seiner Hochzeit war Andreas 24 Jahre alt.<\/p>\n<p>Das Geburtsjahr ist aus dem Alter zum Zeitpunkt der Hochzeit zur\u00fcckgerechnet. In den bisher durchgesehenen Kirchenb\u00fcchern aus Opalenitza habe ich den Geburtseintrag nicht finden k\u00f6nnen. Im Moment gehe ich davon aus, dass Andreas nicht in Opalenitza geboren wurde. Vielleicht habe ich Gl\u00fcck und finde am Hochzeitsort seiner Eltern, in den Kirchenb\u00fcchern von Modrze, weitere Hinweise.<\/p>\n<p>Andreas und Veronica hatten insgesamt wenigstens 9 Kinder, von denen zwei bereits sehr fr\u00fch starben. Den Lebensweg der \u00fcbrigen sieben Kinder zu verfolgen, w\u00e4re mit einer Ausnahme eine spannende Aufgabe f\u00fcr den geneigten Forscher. Vielleicht finden sich auch Ankn\u00fcpfungspunkte zu anderen Familien, die eines dieser Kinder in der Liste ihrer Vorfahren haben. Die Ausnahme? <a title=\"August Vogel (1838 - 1909)\" href=\"https:\/\/genealogie.dl5sel.de\/index.php?route=%2Ftree%2Freinhard%2Findividual%2FI18%2FAnton-Vogel\" target=\"_blank\" rel=\"noopener noreferrer\">Anton Vogel (1838 &#8211; 1909)<\/a>, der dritte Sohn und mein Urgro\u00dfvater &#8230;<\/p>\n<p>Bisher konnten auch das Sterbedatum und der Sterbeort nicht genau ermittelt werden. Ich wei\u00df lediglich aus dem Eintrag des Standesamtes Kuschlin \u00fcber die Hochzeit seines Sohnes <a title=\"Webtrees: Joannes Vogel (1854 - ????)\" href=\"https:\/\/genealogie.dl5sel.de\/index.php?route=%2Ftree%2Freinhard%2Findividual%2FI172%2FJoannes-Vogel\" target=\"_blank\" rel=\"noopener noreferrer\">Johann (Joannes) Vogel<\/a> im Jahre 1875, dass Andreas zu diesem Zeitpunkt bereits verstorben war.<\/p>\n<p>Vermutlich hatte Andreas mehrere Geschwister. In der Datenbank des Poznan-Projectes fand ich zwei interessante Datens\u00e4tze. &#8211; Der erste betrifft den Eintrag 10\/1822 der katholischen Gemeinde in Kamieniec \u00b4Smigiel \u00fcber die Heirat von Andreas Puziak und\u00a0Marianna Ptaszanka oder Ptaszek (18). Als Mariannas Eltern werden Martinus und Catharina genannt. Marianna wurde demnach 1804 geboren, da war ihre vermutliche Mutter gerade 17 Jahre alt. Da bleiben Fragen offen&#8230;\u00a0 &#8211; Der zweite verweist auf die Nr. 20\/1810 des Kirchenbuches der katholischen Gemeinde Pempowo, in dem die Hochzeit von Petrus Ptaszyk oder Ptak (28) mit Catharina Figielek (20) beurkundet wird. Vater des Petrus Ptaszyk ist wieder ein Martinus, die Mutter wird nicht genannt. Zufall? Ich werde mir die entsprechenden Mikrofilme ausleihen &#8230;<strong><a><br \/>\n<\/a><\/strong><\/p>\n","protected":false},"excerpt":{"rendered":"<p>Andreas Vogel (1809 &#8211; ????) ist mein Ururgro\u00dfvater. \u00dcber seine Familie habe ich in den Kirchenb\u00fcchern der katholischen Gemeinde in Opalenitza sehr viele Eintr\u00e4ge gefunden, so auch die Beurkundung seiner Hochzeit mit Veronica Chalamska (1813 &#8211; ????) am 30. April 1833. Am Tage seiner Hochzeit war Andreas 24 Jahre alt. Das Geburtsjahr ist aus dem [&hellip;]<\/p>\n","protected":false},"author":1,"featured_media":0,"parent":47,"menu_order":0,"comment_status":"closed","ping_status":"closed","template":"","meta":{"footnotes":""},"class_list":["post-158","page","type-page","status-publish","hentry"],"_links":{"self":[{"href":"https:\/\/genblog.dl5sel.de\/index.php?rest_route=\/wp\/v2\/pages\/158","targetHints":{"allow":["GET"]}}],"collection":[{"href":"https:\/\/genblog.dl5sel.de\/index.php?rest_route=\/wp\/v2\/pages"}],"about":[{"href":"https:\/\/genblog.dl5sel.de\/index.php?rest_route=\/wp\/v2\/types\/page"}],"author":[{"embeddable":true,"href":"https:\/\/genblog.dl5sel.de\/index.php?rest_route=\/wp\/v2\/users\/1"}],"replies":[{"embeddable":true,"href":"https:\/\/genblog.dl5sel.de\/index.php?rest_route=%2Fwp%2Fv2%2Fcomments&post=158"}],"version-history":[{"count":6,"href":"https:\/\/genblog.dl5sel.de\/index.php?rest_route=\/wp\/v2\/pages\/158\/revisions"}],"predecessor-version":[{"id":1934,"href":"https:\/\/genblog.dl5sel.de\/index.php?rest_route=\/wp\/v2\/pages\/158\/revisions\/1934"}],"up":[{"embeddable":true,"href":"https:\/\/genblog.dl5sel.de\/index.php?rest_route=\/wp\/v2\/pages\/47"}],"wp:attachment":[{"href":"https:\/\/genblog.dl5sel.de\/index.php?rest_route=%2Fwp%2Fv2%2Fmedia&parent=158"}],"curies":[{"name":"wp","href":"https:\/\/api.w.org\/{rel}","templated":true}]}}