{"id":1610,"date":"2014-08-19T23:13:05","date_gmt":"2014-08-19T21:13:05","guid":{"rendered":"http:\/\/genblog.dl5sel.de\/?page_id=1610"},"modified":"2014-09-03T23:56:40","modified_gmt":"2014-09-03T21:56:40","slug":"gubener-schulen-um-1900","status":"publish","type":"page","link":"https:\/\/genblog.dl5sel.de\/?page_id=1610","title":{"rendered":"Gubener Volksschulen um 1900"},"content":{"rendered":"<p>Auf der Grundlage eines Nachdruckes des Gubener Stadtplanes aus dem Jahre 1923 und einem <a href=\"http:\/\/forum.ahnenforschung.net\/showthread.php?t=39335&amp;page=7\" target=\"_blank\">Diskussionsbeitrag im Forum der Website forum.ahnenforschung.net<\/a> habe ich versucht, die folgende Liste der Gubener Schulen zusammenzustellen. Als sehr informativ erwies sich auch das Einwohnerbuch der Stadt Guben von 1920, das mir als Reprint aus dem Niederlausitzer Verlag Guben zur Verf\u00fcgung steht.<\/p>\n<p>Schule I &#8211; Schulstra\u00dfe 21 (Stadtschule)<br \/>\nSchule II &#8211; Auf dem Sande 1a \/ Caniger Stra\u00dfe 39 (Sandschule)<br \/>\nSchule III &#8211; Kirchstra\u00dfe 4 (Klosterschule)<br \/>\nSchule IV &#8211; Triftstra\u00dfe 5 (Osterbergschule)<br \/>\nSchule V &#8211; Sprucker Stra\u00dfe 12 \/ Bothmerstra\u00dfe 51 (Pestalozzischule)<br \/>\nSchule VI &#8211; Am Keil 41 (Hindenburgschule)<\/p>\n<p>Zum Einzugsgebiet der &#8222;Sandschule&#8220; geh\u00f6rte im Jahre 1920 auch die Dreikreuzstra\u00dfe. Ich vermute deshalb, dass mein Gro\u00dfvater <a title=\"WebTrees: Hermann Vogel (1876 - 1935)\" href=\"http:\/\/genealogie.dl5sel.de\/individual.php?pid=I11&amp;ged=reinhard\" target=\"_blank\">Hermann Vogel<\/a> seine Volksschulzeit in der &#8222;Sandschule&#8220; verbrachte.<\/p>\n<p>Schule V wurde 1902 er\u00f6ffnet. Im Schulgeb\u00e4ude ist heute das <a title=\"Pestalozzi-Gymnasium Guben\" href=\"http:\/\/www.gym-guben.de\/schule_geschichte.php\" target=\"_blank\">Pestalozzi-Gymnasium <\/a>untergebracht. Hier war mein Gro\u00dfvater im Schuljahr 1902 \/1903 als Klassenleiter der 4. Knabenklasse t\u00e4tig (100 Jahre Pestalozzischule Guben 1902 &#8211; 2002 in Wort und Bild, Seite 26).<\/p>\n<p>Schule VI wurde erst 1912 als &#8222;Hindenburg-Schule&#8220; eingeweiht. Vielleicht ist auch weiterf\u00fchrend dieser <a href=\"http:\/\/maerkischer-bote.de\/blog\/2008\/06\/08\/guben-die-hindenburg-schule\/\" target=\"_blank\">Link<\/a> interessant &#8230;<\/p>\n<p>F\u00fcr die Schulen I bis IV konnten aus der Festschrift &#8222;100 Jahre &#8230;&#8220; folgende Er\u00f6ffnungsjahre entnommen werden:<br \/>\nStadtschule: 1837<br \/>\nSandschule: 1869<br \/>\nKlosterschule: 1875<br \/>\nOsterbergschule: 1884<br \/>\nF\u00fcr die Angaben \u00fcbernehme ich nat\u00fcrlich keine Garantie &#8230;<\/p>\n<p>&nbsp;<\/p>\n","protected":false},"excerpt":{"rendered":"<p>Auf der Grundlage eines Nachdruckes des Gubener Stadtplanes aus dem Jahre 1923 und einem Diskussionsbeitrag im Forum der Website forum.ahnenforschung.net habe ich versucht, die folgende Liste der Gubener Schulen zusammenzustellen. Als sehr informativ erwies sich auch das Einwohnerbuch der Stadt Guben von 1920, das mir als Reprint aus dem Niederlausitzer Verlag Guben zur Verf\u00fcgung steht. [&hellip;]<\/p>\n","protected":false},"author":1,"featured_media":0,"parent":399,"menu_order":0,"comment_status":"closed","ping_status":"closed","template":"","meta":{"footnotes":""},"class_list":["post-1610","page","type-page","status-publish","hentry"],"_links":{"self":[{"href":"https:\/\/genblog.dl5sel.de\/index.php?rest_route=\/wp\/v2\/pages\/1610","targetHints":{"allow":["GET"]}}],"collection":[{"href":"https:\/\/genblog.dl5sel.de\/index.php?rest_route=\/wp\/v2\/pages"}],"about":[{"href":"https:\/\/genblog.dl5sel.de\/index.php?rest_route=\/wp\/v2\/types\/page"}],"author":[{"embeddable":true,"href":"https:\/\/genblog.dl5sel.de\/index.php?rest_route=\/wp\/v2\/users\/1"}],"replies":[{"embeddable":true,"href":"https:\/\/genblog.dl5sel.de\/index.php?rest_route=%2Fwp%2Fv2%2Fcomments&post=1610"}],"version-history":[{"count":9,"href":"https:\/\/genblog.dl5sel.de\/index.php?rest_route=\/wp\/v2\/pages\/1610\/revisions"}],"predecessor-version":[{"id":1622,"href":"https:\/\/genblog.dl5sel.de\/index.php?rest_route=\/wp\/v2\/pages\/1610\/revisions\/1622"}],"up":[{"embeddable":true,"href":"https:\/\/genblog.dl5sel.de\/index.php?rest_route=\/wp\/v2\/pages\/399"}],"wp:attachment":[{"href":"https:\/\/genblog.dl5sel.de\/index.php?rest_route=%2Fwp%2Fv2%2Fmedia&parent=1610"}],"curies":[{"name":"wp","href":"https:\/\/api.w.org\/{rel}","templated":true}]}}