{"id":1815,"date":"2017-08-25T14:19:14","date_gmt":"2017-08-25T12:19:14","guid":{"rendered":"http:\/\/genblog.dl5sel.de\/?page_id=1815"},"modified":"2021-10-22T21:38:13","modified_gmt":"2021-10-22T19:38:13","slug":"hildegard-nickel-geb-bleimeier","status":"publish","type":"page","link":"https:\/\/genblog.dl5sel.de\/?page_id=1815","title":{"rendered":"Hildegard Nickel, geb. Bleimeier (1909 &#8211; ????)"},"content":{"rendered":"<p>war die Halbschwester meines Gro\u00dfvaters <a href=\"https:\/\/genealogie.dl5sel.de\/index.php?route=%2Ftree%2Freinhard%2Findividual%2FI6%2FMax-Siegert\" target=\"_blank\" rel=\"noopener noreferrer\">Max Siegert (1900 &#8211; 1961)<\/a>.<\/p>\n<p>Ihre Eltern waren <a href=\"http:\/\/genealogie.dl5sel.de\/individual.php?pid=I75&amp;ged=reinhard\" target=\"_blank\" rel=\"noopener noreferrer\">Hermann B<\/a><a href=\"https:\/\/genealogie.dl5sel.de\/index.php?route=%2Ftree%2Freinhard%2Findividual%2FI75%2FHermann-Bleimeier\" target=\"_blank\" rel=\"noopener noreferrer\">leimeier (1864 &#8211; 1932)<\/a> und <a href=\"https:\/\/genealogie.dl5sel.de\/index.php?route=%2Ftree%2Freinhard%2Findividual%2FI63%2FMarie-Rumland\" target=\"_blank\" rel=\"noopener noreferrer\">Marie Rumland (1878 &#8211; 1917)<\/a>, die am 04.06.1909 in Deutsch-Wilmersdorf heirateten. F\u00fcr beide war es bereits die zweite Eheschlie\u00dfung. Die Familie wohnte zu diesem Zeitpunkt in der Bingerstra\u00dfe 9. Hildegard wurde am 19.11.1909 in der Wohnung ihrer Eltern geboren.<\/p>\n<p><img loading=\"lazy\" decoding=\"async\" class=\"wp-image-1828 alignleft\" src=\"http:\/\/genblog.dl5sel.de\/wp-content\/uploads\/2018\/01\/HBleimeier33-831x1024.jpg\" alt=\"\" width=\"261\" height=\"322\" srcset=\"https:\/\/genblog.dl5sel.de\/wp-content\/uploads\/2018\/01\/HBleimeier33-831x1024.jpg 831w, https:\/\/genblog.dl5sel.de\/wp-content\/uploads\/2018\/01\/HBleimeier33-244x300.jpg 244w, https:\/\/genblog.dl5sel.de\/wp-content\/uploads\/2018\/01\/HBleimeier33-768x946.jpg 768w, https:\/\/genblog.dl5sel.de\/wp-content\/uploads\/2018\/01\/HBleimeier33-624x769.jpg 624w, https:\/\/genblog.dl5sel.de\/wp-content\/uploads\/2018\/01\/HBleimeier33.jpg 1699w\" sizes=\"auto, (max-width: 261px) 100vw, 261px\" \/><\/p>\n<p>Das nebenstehende Foto wurde wahrscheinlich Weihnachten 1933 aufgenommen. Der Text auf der R\u00fcckseite des Fotos l\u00e4st jedenfalls darauf schlie\u00dfen.<\/p>\n<p>Verheiratet mit Hans Nickel, einem im Ratskeller Pankow arbeitenden Kellner, soll Hildegard nach dem zweiten Weltkrieg in Berlin in der Schwedter Stra\u00dfe gewohnt haben. Als Sterbedatum wird der Zeitraum 1954 bis 1956 vermutet. Da auch hier keine genauen Aufzeichnungen bzw. Urkunden vorliegen, wird die Suche nach entsprechenden Dokumenten sicher schwierig.<\/p>\n<p>Mein Gro\u00dfvater <a href=\"https:\/\/genealogie.dl5sel.de\/index.php?route=%2Ftree%2Freinhard%2Findividual%2FI6%2FMax-Siegert\">Max Siegert (1900 &#8211; 1961)<\/a> hatte einen guten Kontakt zu seiner Halbschwester. Daher geh\u00f6rt sie auch unbedingt in das Familienpuzzle.<\/p>\n\n\n<p><\/p>\n","protected":false},"excerpt":{"rendered":"<p>war die Halbschwester meines Gro\u00dfvaters Max Siegert (1900 &#8211; 1961). Ihre Eltern waren Hermann Bleimeier (1864 &#8211; 1932) und Marie Rumland (1878 &#8211; 1917), die am 04.06.1909 in Deutsch-Wilmersdorf heirateten. F\u00fcr beide war es bereits die zweite Eheschlie\u00dfung. Die Familie wohnte zu diesem Zeitpunkt in der Bingerstra\u00dfe 9. Hildegard wurde am 19.11.1909 in der Wohnung [&hellip;]<\/p>\n","protected":false},"author":1,"featured_media":0,"parent":0,"menu_order":0,"comment_status":"closed","ping_status":"closed","template":"","meta":{"footnotes":""},"class_list":["post-1815","page","type-page","status-publish","hentry"],"_links":{"self":[{"href":"https:\/\/genblog.dl5sel.de\/index.php?rest_route=\/wp\/v2\/pages\/1815","targetHints":{"allow":["GET"]}}],"collection":[{"href":"https:\/\/genblog.dl5sel.de\/index.php?rest_route=\/wp\/v2\/pages"}],"about":[{"href":"https:\/\/genblog.dl5sel.de\/index.php?rest_route=\/wp\/v2\/types\/page"}],"author":[{"embeddable":true,"href":"https:\/\/genblog.dl5sel.de\/index.php?rest_route=\/wp\/v2\/users\/1"}],"replies":[{"embeddable":true,"href":"https:\/\/genblog.dl5sel.de\/index.php?rest_route=%2Fwp%2Fv2%2Fcomments&post=1815"}],"version-history":[{"count":11,"href":"https:\/\/genblog.dl5sel.de\/index.php?rest_route=\/wp\/v2\/pages\/1815\/revisions"}],"predecessor-version":[{"id":2060,"href":"https:\/\/genblog.dl5sel.de\/index.php?rest_route=\/wp\/v2\/pages\/1815\/revisions\/2060"}],"wp:attachment":[{"href":"https:\/\/genblog.dl5sel.de\/index.php?rest_route=%2Fwp%2Fv2%2Fmedia&parent=1815"}],"curies":[{"name":"wp","href":"https:\/\/api.w.org\/{rel}","templated":true}]}}