{"id":1857,"date":"2018-07-03T14:48:44","date_gmt":"2018-07-03T12:48:44","guid":{"rendered":"http:\/\/genblog.dl5sel.de\/?page_id=1857"},"modified":"2020-10-31T18:08:13","modified_gmt":"2020-10-31T17:08:13","slug":"hussitenstrasse-16-einwohner-1931","status":"publish","type":"page","link":"https:\/\/genblog.dl5sel.de\/?page_id=1857","title":{"rendered":"Berlin, Hussitenstra\u00dfe 16, 1931"},"content":{"rendered":"<p>In der Sterbeurkunde von Hermann Bleimeier (1864 &#8211; 1932), dem Stiefvater meines Gro\u00dfvaters <a href=\"https:\/\/genealogie.dl5sel.de\/index.php?route=%2Ftree%2Freinhard%2Findividual%2FI6%2FMax-Siegert\" target=\"_blank\" rel=\"noopener noreferrer\" data-wplink-edit=\"true\">Max Siegert (1900 &#8211; 1961)<\/a>, wurde als letzte bekannte Adresse die Hussitenstra\u00dfe 16 in Berlin genannt. Bei einer ersten Recherche fand ich keinen Familiennamen, der in mein Familienpuzzle passte.<\/p>\n<p>Geschwister Hermanns konnte ich bisher nicht finden. Ich habe jedoch Grund zu der Annahme, dass der am 10.10.1859 in Driesen geborene und in die USA ausgewanderte Frank Rudolph Otto Bleimeier (1859 &#8211; 1935) ein m\u00f6glicher Verwandter Hermanns sein k\u00f6nnte. Bei einer Nachfahrin des Auswanderers sind Briefe an Frank Bleimeier \u00fcberliefert, die bisher keinem Verwandten zugeordnet werden k\u00f6nnen. Vielleicht findet sich in der Einwohnerliste der Familienname einer bisher unbekannten Schwester Hermanns und das Puzzle l\u00e4sst sich auf diese Weise vervollst\u00e4ndigen.<\/p>\n<p>Im Berliner Adressbuch von 1931, Teil IV (r\u00f6m. 4) &#8211; Sortierung nach Adressen &#8211; waren folgende Namen f\u00fcr die Hussitenstra\u00dfe 16 verzeichnet:<\/p>\n<ul>\n<li>Adamek, N.; Bauarbeiter<\/li>\n<li>Albrecht, Max; Handelsmann<\/li>\n<li>Behn, Karl; Kraftwagenf\u00fchrer<\/li>\n<li>Benersdorf, Paul; Reichsbahn-Angestellter<\/li>\n<li>Borkowski (kein Eintrag im Teil I)<\/li>\n<li>Conseur, Otto; Schneider<\/li>\n<li>Dabisch, Gustav.; Polizeioberwachtmeister<\/li>\n<li>Delke, Franz.; Schuhmacher<\/li>\n<li>Donas, F.; Arbeiter<\/li>\n<li>Eisenbl\u00e4tter, K.; Arbeiter<\/li>\n<li>Fa\u00dfbauer, F.; Arbeiter<\/li>\n<li>Friebe, K.; Arbeiter<\/li>\n<li>Fr\u00f6del, B.; Arbeiterin<\/li>\n<li>Geppert, A.; Arbeiterin<\/li>\n<li>Girbichenstein, M.; Arbeiter<\/li>\n<li>Glander, A.; Angestellter<\/li>\n<li>G\u00f6de, F.; Gastwirt<\/li>\n<li>Grothe, G.; Arbeiter<\/li>\n<li>Grunert, W.; Schuhmacher<\/li>\n<li>G\u00fcnther, F.; Schlosser<\/li>\n<li>Hagen, E.; Witwe<\/li>\n<li>Hancke, Arbeiter<\/li>\n<li>Heiland, A.; Arbeiterin<\/li>\n<li>Heimforth, T.; Dachdecker<\/li>\n<li>Heisig, P.; Buchhalter<\/li>\n<li>Helm, Dorothea; Witwe<\/li>\n<li>Hoffmann, E.; Beamtin<\/li>\n<li>Hopp, O.; Schlosser<\/li>\n<li>Jeche, A.; Arbeiter<\/li>\n<li>Junker, W.; Arbeiter<\/li>\n<li>Kaiser, E.; Stellmacher<\/li>\n<li>Knorre, J.; Schmied<\/li>\n<li>K\u00f6hn, O.; Bankbeamter<\/li>\n<li>Kontny, H.; Witwe<\/li>\n<li>Kratt, A.; Arbeiter<\/li>\n<li>Kr\u00fcger, W.; Handelsmann<\/li>\n<li>Kr\u00fcger, W.; Witwe<\/li>\n<li>Kuschel, A.; Kaufmann<\/li>\n<li>Kuschel, F.; Arbeiter<\/li>\n<li>Kuschel, P.; Arbeiter<\/li>\n<li>Lange, W.; Arbeiter<\/li>\n<li>Lehmann, K.; Arbeiter<\/li>\n<li>Lenz, P.; Kaufmann<\/li>\n<li>Leschig, B.; Witwe<\/li>\n<li>Linse, F.; Arbeiter<\/li>\n<li>Meiritz, A.; Witwe<\/li>\n<li>Meyer, F.; Arbeiter<\/li>\n<li>Meyer, M.; Frau<\/li>\n<li>M\u00fcller, E.; Krankenpflegerin<\/li>\n<li>M\u00fcller, J.; Bahnarbeiter<\/li>\n<li>M\u00fcller, W.; Arbeiter<\/li>\n<li>Neumann, K.; Witwe<\/li>\n<li>Neumann, W.; Arbeiter<\/li>\n<li>Olschl\u00e4gel, E.; Witwe<\/li>\n<li>Pauers, E.; Bauarbeiter<\/li>\n<li>Pfeil, O.; Kraftwagenf\u00fchrer<\/li>\n<li>Pietat, E.; Witwe<\/li>\n<li>Raabe, J.; Arbeiterin<\/li>\n<li>Radach, E.; Finanzbeamter<\/li>\n<li>Rasler, A.; Pl\u00e4tterin<\/li>\n<li>Richter, J.; Schlosser<\/li>\n<li>Richter, S.; Kochfrau<\/li>\n<li>Rogge, F.; Beamter<\/li>\n<li>R\u00f6sler, M.; Werkzeugmacher<\/li>\n<li>Rothe, G.; Arbeiterin<\/li>\n<li>Schillkowski, M.; Arbeiterin<\/li>\n<li>Schlotterhose, C.; Witwe<\/li>\n<li>Schlotterhose, P.; Techniker<\/li>\n<li>Schnuhr, A.; Witwe<\/li>\n<li>Schuhmacher, M.; N\u00e4herin<\/li>\n<li>Schwarzbach, M.; Kraftwagenf\u00fchrer<\/li>\n<li>Seide, F.; Dreher<\/li>\n<li>Senger, K.; Witwe<\/li>\n<li>St\u00e4dke, W.; Kraftwagenf\u00fchrer<\/li>\n<li>Switala, A.; Witwe<\/li>\n<li>Tappert, M.; Arbeiterin<\/li>\n<li>Teske, H.; Arbeiter<\/li>\n<li>Thiede, F.; Witwe<\/li>\n<li>Urbanski, M.; Kraftwagenf\u00fchrer<\/li>\n<li>Wallat, F.; Arbeiter<\/li>\n<li>Weege, C.; Kaufmann<\/li>\n<li>Wiesner, A.; Pl\u00e4tterin<\/li>\n<li>Winkler, P.; Arbeiter<\/li>\n<li>Woch, A.; Witwe<\/li>\n<li>Wochenalt, J.; Schmied<\/li>\n<li>Wodrich, H.; Schriftsetzer<\/li>\n<li>Zinnin, F.; Frau<\/li>\n<\/ul>\n<p>Im Teil IV des Adressbuches sind leider nur die Anfangsbuchstaben des Vornamens\u00a0 enthalten. Um den vollst\u00e4ndigen Vornamen zu erfahren, ist ein sehr zeitaufw\u00e4ndiger Vergleich mit dem Teil I\u00a0 &#8211; alphabetische Sortierung nach Familiennamen &#8211; unumg\u00e4nglich.<\/p>\n<p>\u00dcbertragungsfehler sind wegen teilweise undeutlicher Darstellung nicht auszuschlie\u00dfen, Das Original des Scans ist unter dem Link <a href=\"https:\/\/digital.zlb.de\/viewer\/readingmode\/10089470_1931\/5289\/\" target=\"_blank\" rel=\"noopener noreferrer\">https:\/\/digital.zlb.de\/viewer\/readingmode\/10089470_1931\/5289\/<\/a> verf\u00fcgbar.<\/p>\n","protected":false},"excerpt":{"rendered":"<p>In der Sterbeurkunde von Hermann Bleimeier (1864 &#8211; 1932), dem Stiefvater meines Gro\u00dfvaters Max Siegert (1900 &#8211; 1961), wurde als letzte bekannte Adresse die Hussitenstra\u00dfe 16 in Berlin genannt. Bei einer ersten Recherche fand ich keinen Familiennamen, der in mein Familienpuzzle passte. Geschwister Hermanns konnte ich bisher nicht finden. Ich habe jedoch Grund zu der [&hellip;]<\/p>\n","protected":false},"author":1,"featured_media":0,"parent":0,"menu_order":0,"comment_status":"closed","ping_status":"closed","template":"","meta":{"footnotes":""},"class_list":["post-1857","page","type-page","status-publish","hentry"],"_links":{"self":[{"href":"https:\/\/genblog.dl5sel.de\/index.php?rest_route=\/wp\/v2\/pages\/1857","targetHints":{"allow":["GET"]}}],"collection":[{"href":"https:\/\/genblog.dl5sel.de\/index.php?rest_route=\/wp\/v2\/pages"}],"about":[{"href":"https:\/\/genblog.dl5sel.de\/index.php?rest_route=\/wp\/v2\/types\/page"}],"author":[{"embeddable":true,"href":"https:\/\/genblog.dl5sel.de\/index.php?rest_route=\/wp\/v2\/users\/1"}],"replies":[{"embeddable":true,"href":"https:\/\/genblog.dl5sel.de\/index.php?rest_route=%2Fwp%2Fv2%2Fcomments&post=1857"}],"version-history":[{"count":13,"href":"https:\/\/genblog.dl5sel.de\/index.php?rest_route=\/wp\/v2\/pages\/1857\/revisions"}],"predecessor-version":[{"id":1950,"href":"https:\/\/genblog.dl5sel.de\/index.php?rest_route=\/wp\/v2\/pages\/1857\/revisions\/1950"}],"wp:attachment":[{"href":"https:\/\/genblog.dl5sel.de\/index.php?rest_route=%2Fwp%2Fv2%2Fmedia&parent=1857"}],"curies":[{"name":"wp","href":"https:\/\/api.w.org\/{rel}","templated":true}]}}