{"id":1869,"date":"2018-07-06T11:20:08","date_gmt":"2018-07-06T09:20:08","guid":{"rendered":"http:\/\/genblog.dl5sel.de\/?page_id=1869"},"modified":"2018-07-06T11:20:08","modified_gmt":"2018-07-06T09:20:08","slug":"einwohnerlisten","status":"publish","type":"page","link":"https:\/\/genblog.dl5sel.de\/?page_id=1869","title":{"rendered":"Einwohnerlisten"},"content":{"rendered":"<p>Unter bestimmten Umst\u00e4nden kann es sinnvoll sein, eine Liste von Bewohnern eines Hauses oder einer Stra\u00dfe anzulegen. Dazu ist die Auswertung von Adressb\u00fcchern erforderlich. Dabei kann es zu durchaus \u00fcberraschenden Erkenntnissen kommen. Es w\u00e4re schade, wenn die Ergebnisse einer derartigen Recherche nicht ver\u00f6ffentlicht w\u00fcrden.<\/p>\n<p>Vor diesem Hintergrund wurde die Rubrik &#8222;Einwohnerlisten&#8220; in das Projekt aufgenommen. F\u00fcr die Richtigkeit und Vollst\u00e4ndigkeit der Daten wird nicht garantiert, \u00dcbertragungs- und Lesefehler sind nicht zu vermeiden. Sachdienliche Korrekturhinweise werden gern entgegengenommen.<\/p>\n","protected":false},"excerpt":{"rendered":"<p>Unter bestimmten Umst\u00e4nden kann es sinnvoll sein, eine Liste von Bewohnern eines Hauses oder einer Stra\u00dfe anzulegen. Dazu ist die Auswertung von Adressb\u00fcchern erforderlich. Dabei kann es zu durchaus \u00fcberraschenden Erkenntnissen kommen. Es w\u00e4re schade, wenn die Ergebnisse einer derartigen Recherche nicht ver\u00f6ffentlicht w\u00fcrden. Vor diesem Hintergrund wurde die Rubrik &#8222;Einwohnerlisten&#8220; in das Projekt aufgenommen. [&hellip;]<\/p>\n","protected":false},"author":1,"featured_media":0,"parent":0,"menu_order":0,"comment_status":"closed","ping_status":"closed","template":"","meta":{"footnotes":""},"class_list":["post-1869","page","type-page","status-publish","hentry"],"_links":{"self":[{"href":"https:\/\/genblog.dl5sel.de\/index.php?rest_route=\/wp\/v2\/pages\/1869","targetHints":{"allow":["GET"]}}],"collection":[{"href":"https:\/\/genblog.dl5sel.de\/index.php?rest_route=\/wp\/v2\/pages"}],"about":[{"href":"https:\/\/genblog.dl5sel.de\/index.php?rest_route=\/wp\/v2\/types\/page"}],"author":[{"embeddable":true,"href":"https:\/\/genblog.dl5sel.de\/index.php?rest_route=\/wp\/v2\/users\/1"}],"replies":[{"embeddable":true,"href":"https:\/\/genblog.dl5sel.de\/index.php?rest_route=%2Fwp%2Fv2%2Fcomments&post=1869"}],"version-history":[{"count":1,"href":"https:\/\/genblog.dl5sel.de\/index.php?rest_route=\/wp\/v2\/pages\/1869\/revisions"}],"predecessor-version":[{"id":1870,"href":"https:\/\/genblog.dl5sel.de\/index.php?rest_route=\/wp\/v2\/pages\/1869\/revisions\/1870"}],"wp:attachment":[{"href":"https:\/\/genblog.dl5sel.de\/index.php?rest_route=%2Fwp%2Fv2%2Fmedia&parent=1869"}],"curies":[{"name":"wp","href":"https:\/\/api.w.org\/{rel}","templated":true}]}}