{"id":2053,"date":"2021-10-22T21:11:23","date_gmt":"2021-10-22T19:11:23","guid":{"rendered":"https:\/\/genblog.dl5sel.de\/?page_id=2053"},"modified":"2021-10-22T21:11:23","modified_gmt":"2021-10-22T19:11:23","slug":"johanne-marie-emma-nicolai-geb-baer-1866","status":"publish","type":"page","link":"https:\/\/genblog.dl5sel.de\/?page_id=2053","title":{"rendered":"Johanne Marie Emma Nicolai, geb. B\u00e4r (1866 &#8211; ????)"},"content":{"rendered":"\n<p>Wieder so ein St\u00fcckchen Familienpuzzle, bei dem noch nicht alle Daten bekannt sind. Hierbei handelt es sich um die Ehefrau von <a href=\"https:\/\/genealogie.dl5sel.de\/index.php?route=%2Ftree%2Freinhard%2Findividual%2FI389%2FWilhelm-Nicolai\">Wilhelm Nicolai (1855 &#8211; 1941)<\/a> und Mutter von <a href=\"https:\/\/genealogie.dl5sel.de\/index.php?route=%2Ftree%2Freinhard%2Findividual%2FI362%2FHedwig-Nicolai\">Hedwig Vogel, geb. Nicolai (1885 &#8211; 1963)<\/a>. Sie war demnach die erste Schwiegermutter meines Gro\u00dfvaters <a href=\"https:\/\/genealogie.dl5sel.de\/index.php?route=%2Ftree%2Freinhard%2Findividual%2FI11%2FHermann-Vogel\">Hermann Vogel (1876 &#8211; 1935)<\/a>.<\/p>\n\n\n\n<p>Unbekannt sind Sterbedatum und Sterbeort. Das liegt vor allem daran, dass bisher f\u00fcr den Zeitraum von 1912 bis 1941 keine verl\u00e4\u00dflichen Aufzeichnungen \u00fcber die Familie Nicolai vorliegen. Bekannt ist lediglich, dass Wilhelm Nicolai, der am 12.12.1941 in N\u00fcrnberg verstarb, lt. Sterbeurkunde zu diesem Zeitpunkt bereits verwitwet war. <\/p>\n\n\n\n<p>Um den Verbleib der Familie Nicolai zwischen 1912 und 1941 gibt es eine durchaus plausible Theorie. Ich gehe davon aus, dass sie zumindest zeitweise in der Umgebung des heutigen K\u00fchlungsborn gelebt haben k\u00f6nnten. Ich werde versuchen, auch dieses R\u00e4tsel zu l\u00f6sen.<\/p>\n","protected":false},"excerpt":{"rendered":"<p>Wieder so ein St\u00fcckchen Familienpuzzle, bei dem noch nicht alle Daten bekannt sind. Hierbei handelt es sich um die Ehefrau von Wilhelm Nicolai (1855 &#8211; 1941) und Mutter von Hedwig Vogel, geb. Nicolai (1885 &#8211; 1963). Sie war demnach die erste Schwiegermutter meines Gro\u00dfvaters Hermann Vogel (1876 &#8211; 1935). Unbekannt sind Sterbedatum und Sterbeort. Das [&hellip;]<\/p>\n","protected":false},"author":1,"featured_media":0,"parent":0,"menu_order":0,"comment_status":"closed","ping_status":"closed","template":"","meta":{"footnotes":""},"class_list":["post-2053","page","type-page","status-publish","hentry"],"_links":{"self":[{"href":"https:\/\/genblog.dl5sel.de\/index.php?rest_route=\/wp\/v2\/pages\/2053","targetHints":{"allow":["GET"]}}],"collection":[{"href":"https:\/\/genblog.dl5sel.de\/index.php?rest_route=\/wp\/v2\/pages"}],"about":[{"href":"https:\/\/genblog.dl5sel.de\/index.php?rest_route=\/wp\/v2\/types\/page"}],"author":[{"embeddable":true,"href":"https:\/\/genblog.dl5sel.de\/index.php?rest_route=\/wp\/v2\/users\/1"}],"replies":[{"embeddable":true,"href":"https:\/\/genblog.dl5sel.de\/index.php?rest_route=%2Fwp%2Fv2%2Fcomments&post=2053"}],"version-history":[{"count":1,"href":"https:\/\/genblog.dl5sel.de\/index.php?rest_route=\/wp\/v2\/pages\/2053\/revisions"}],"predecessor-version":[{"id":2054,"href":"https:\/\/genblog.dl5sel.de\/index.php?rest_route=\/wp\/v2\/pages\/2053\/revisions\/2054"}],"wp:attachment":[{"href":"https:\/\/genblog.dl5sel.de\/index.php?rest_route=%2Fwp%2Fv2%2Fmedia&parent=2053"}],"curies":[{"name":"wp","href":"https:\/\/api.w.org\/{rel}","templated":true}]}}