{"id":360,"date":"2012-09-30T22:38:25","date_gmt":"2012-09-30T20:38:25","guid":{"rendered":"http:\/\/19matt57.cwsurf.de\/wordpress\/?page_id=360"},"modified":"2021-10-29T19:55:51","modified_gmt":"2021-10-29T17:55:51","slug":"hohen-neuendorf-kurfustenstrase-48","status":"publish","type":"page","link":"https:\/\/genblog.dl5sel.de\/?page_id=360","title":{"rendered":"Hohen Neuendorf, Kurf\u00fcstenstra\u00dfe 48"},"content":{"rendered":"<p>Wer diese Adresse in aktuellen Pl\u00e4nen sucht, den muss ich entt\u00e4uschen. Die Kurf\u00fcstenstra\u00dfe wurde nach dem zweiten Weltkrieg in Kurt-Tucholsky-Stra\u00dfe umbenannt. Au\u00dferdem gab es in Hohen Neuendorf in den siebziger Jahren eine Umnummerierung der Grundst\u00fccke, bei der unbebaute Grundst\u00fccke nicht mehr ber\u00fccksichtigt wurden. Deshalb muss man heute nach der Kurt-Tucholsky-Stra\u00dfe 44 suchen.<\/p>\n<p>Das Haus wurde 1937\/1938 im Auftrag meiner Gro\u00dfmutter <a href=\"https:\/\/genealogie.dl5sel.de\/index.php?route=%2Ftree%2Freinhard%2Findividual%2FI12%2FMarie-Munchow\">Marie Vogel geb. M\u00fcnchow (1887 -1979)<\/a> erbaut und befand sich bis ca. 2008 im Besitz der Familie. Die nachfolgenden Fotos entstanden etwa 2008.<\/p>\n<p><a href=\"http:\/\/genblog.dl5sel.de\/wp-content\/uploads\/2012\/09\/Tuch44_vorn.jpg\"><img loading=\"lazy\" decoding=\"async\" class=\"alignnone size-full wp-image-364\" title=\"Tuch44_vorn\" src=\"http:\/\/genblog.dl5sel.de\/wp-content\/uploads\/2012\/09\/Tuch44_vorn.jpg\" alt=\"\" width=\"400\" height=\"300\" srcset=\"https:\/\/genblog.dl5sel.de\/wp-content\/uploads\/2012\/09\/Tuch44_vorn.jpg 400w, https:\/\/genblog.dl5sel.de\/wp-content\/uploads\/2012\/09\/Tuch44_vorn-300x225.jpg 300w\" sizes=\"auto, (max-width: 400px) 100vw, 400px\" \/><\/a><a href=\"http:\/\/genblog.dl5sel.de\/wp-content\/uploads\/2012\/09\/Tuch44_hinten.jpg\"><img loading=\"lazy\" decoding=\"async\" class=\"alignnone size-full wp-image-363\" title=\"Tuch44_hinten\" src=\"http:\/\/genblog.dl5sel.de\/wp-content\/uploads\/2012\/09\/Tuch44_hinten.jpg\" alt=\"\" width=\"400\" height=\"300\" srcset=\"https:\/\/genblog.dl5sel.de\/wp-content\/uploads\/2012\/09\/Tuch44_hinten.jpg 400w, https:\/\/genblog.dl5sel.de\/wp-content\/uploads\/2012\/09\/Tuch44_hinten-300x225.jpg 300w\" sizes=\"auto, (max-width: 400px) 100vw, 400px\" \/><\/a><\/p>\n<p>Nach dem Verkauf von Haus und Grundst\u00fcck hat sich das Aussehen des Hauses ver\u00e4ndert. Auch die Kurt-Tucholsky-Stra\u00dfe wurde einer Rekonstruktion unterzogen. Im Oktober 2011 wurde das n\u00e4chste Foto aufgenommen:<\/p>\n<p><a href=\"http:\/\/genblog.dl5sel.de\/wp-content\/uploads\/2012\/09\/100_3203.jpg\"><img loading=\"lazy\" decoding=\"async\" class=\"alignnone size-large wp-image-368\" title=\"100_3203\" src=\"http:\/\/genblog.dl5sel.de\/wp-content\/uploads\/2012\/09\/100_3203-1024x682.jpg\" alt=\"\" width=\"584\" height=\"388\" srcset=\"https:\/\/genblog.dl5sel.de\/wp-content\/uploads\/2012\/09\/100_3203-1024x682.jpg 1024w, https:\/\/genblog.dl5sel.de\/wp-content\/uploads\/2012\/09\/100_3203-300x200.jpg 300w, https:\/\/genblog.dl5sel.de\/wp-content\/uploads\/2012\/09\/100_3203-624x416.jpg 624w\" sizes=\"auto, (max-width: 584px) 100vw, 584px\" \/><\/a><\/p>\n<p>Obwohl meine Eltern bis 2008 hier gewohnt haben, habe ich selbst einen Schlussstrich unter diesen Lebensabschnitt gezogen. Das Hohen Neuendorf, das ich mal kannte, gibt es eigentlich nicht mehr &#8230;<\/p>\n","protected":false},"excerpt":{"rendered":"<p>Wer diese Adresse in aktuellen Pl\u00e4nen sucht, den muss ich entt\u00e4uschen. Die Kurf\u00fcstenstra\u00dfe wurde nach dem zweiten Weltkrieg in Kurt-Tucholsky-Stra\u00dfe umbenannt. Au\u00dferdem gab es in Hohen Neuendorf in den siebziger Jahren eine Umnummerierung der Grundst\u00fccke, bei der unbebaute Grundst\u00fccke nicht mehr ber\u00fccksichtigt wurden. Deshalb muss man heute nach der Kurt-Tucholsky-Stra\u00dfe 44 suchen. Das Haus wurde [&hellip;]<\/p>\n","protected":false},"author":1,"featured_media":0,"parent":0,"menu_order":0,"comment_status":"closed","ping_status":"open","template":"","meta":{"footnotes":""},"class_list":["post-360","page","type-page","status-publish","hentry"],"_links":{"self":[{"href":"https:\/\/genblog.dl5sel.de\/index.php?rest_route=\/wp\/v2\/pages\/360","targetHints":{"allow":["GET"]}}],"collection":[{"href":"https:\/\/genblog.dl5sel.de\/index.php?rest_route=\/wp\/v2\/pages"}],"about":[{"href":"https:\/\/genblog.dl5sel.de\/index.php?rest_route=\/wp\/v2\/types\/page"}],"author":[{"embeddable":true,"href":"https:\/\/genblog.dl5sel.de\/index.php?rest_route=\/wp\/v2\/users\/1"}],"replies":[{"embeddable":true,"href":"https:\/\/genblog.dl5sel.de\/index.php?rest_route=%2Fwp%2Fv2%2Fcomments&post=360"}],"version-history":[{"count":3,"href":"https:\/\/genblog.dl5sel.de\/index.php?rest_route=\/wp\/v2\/pages\/360\/revisions"}],"predecessor-version":[{"id":2063,"href":"https:\/\/genblog.dl5sel.de\/index.php?rest_route=\/wp\/v2\/pages\/360\/revisions\/2063"}],"wp:attachment":[{"href":"https:\/\/genblog.dl5sel.de\/index.php?rest_route=%2Fwp%2Fv2%2Fmedia&parent=360"}],"curies":[{"name":"wp","href":"https:\/\/api.w.org\/{rel}","templated":true}]}}