{"id":405,"date":"2012-10-01T00:31:39","date_gmt":"2012-09-30T22:31:39","guid":{"rendered":"http:\/\/19matt57.cwsurf.de\/wordpress\/?page_id=405"},"modified":"2020-10-31T20:16:59","modified_gmt":"2020-10-31T19:16:59","slug":"hohen-neuendorf-kurfurstenstrase-39","status":"publish","type":"page","link":"https:\/\/genblog.dl5sel.de\/?page_id=405","title":{"rendered":"Hohen Neuendorf, Prinz-Heinrich-Stra\u00dfe 30"},"content":{"rendered":"<p>heute: Emile-Zola-Stra\u00dfe 28<\/p>\n<p>Mein Gro\u00dfvater <a title=\"WebTrees: Hermann Vogel (1876 - 1935)\" href=\"https:\/\/genealogie.dl5sel.de\/index.php?route=%2Ftree%2Freinhard%2Findividual%2FI11%2FHermann-Vogel\" target=\"_blank\" rel=\"noopener noreferrer\">Hermann Vogel (1876 &#8211; 1935)<\/a> hat die Grundst\u00fccke Prinz-Heinrich-Stra\u00dfe 30 und Kurf\u00fcstenstra\u00dfe 48, die beide hintereinander liegen und eine Gesamtfl\u00e4che von ca 1600m\u00b2 aufweisen, vermutlich bereits 1921 gekauft. Beide Grundst\u00fccke waren beim Kauf unbebaut.<\/p>\n<p>Wahrscheinlich ist Hermann Vogel nach seiner zweiten Hochzeit in den noch unfertigen Rohbau eingezogen.<\/p>\n<p>Aus der Zeit bis 1979 stammt das folgende Foto. An das genaue Aufnahmedatum kann ich mich leider nicht mehr erinnern.<\/p>\n<p><a href=\"http:\/\/genblog.dl5sel.de\/wp-content\/uploads\/2012\/10\/EZola39.jpg\"><img loading=\"lazy\" decoding=\"async\" class=\"alignnone size-full wp-image-407\" title=\"EZola39\" src=\"http:\/\/genblog.dl5sel.de\/wp-content\/uploads\/2012\/10\/EZola39.jpg\" alt=\"\" width=\"687\" height=\"1023\" srcset=\"https:\/\/genblog.dl5sel.de\/wp-content\/uploads\/2012\/10\/EZola39.jpg 687w, https:\/\/genblog.dl5sel.de\/wp-content\/uploads\/2012\/10\/EZola39-201x300.jpg 201w, https:\/\/genblog.dl5sel.de\/wp-content\/uploads\/2012\/10\/EZola39-624x929.jpg 624w\" sizes=\"auto, (max-width: 687px) 100vw, 687px\" \/><\/a><\/p>\n<p>Nachdem das Grundst\u00fcck ca. 1980 verkauft wurde, rissen die neuen Eigent\u00fcmer das Haus ab und ersetzten es durch einen Neubau. Das war sicher die bessere L\u00f6sung, da die Bausubstanz doch sehr marode war.<\/p>\n","protected":false},"excerpt":{"rendered":"<p>heute: Emile-Zola-Stra\u00dfe 28 Mein Gro\u00dfvater Hermann Vogel (1876 &#8211; 1935) hat die Grundst\u00fccke Prinz-Heinrich-Stra\u00dfe 30 und Kurf\u00fcstenstra\u00dfe 48, die beide hintereinander liegen und eine Gesamtfl\u00e4che von ca 1600m\u00b2 aufweisen, vermutlich bereits 1921 gekauft. Beide Grundst\u00fccke waren beim Kauf unbebaut. Wahrscheinlich ist Hermann Vogel nach seiner zweiten Hochzeit in den noch unfertigen Rohbau eingezogen. Aus der [&hellip;]<\/p>\n","protected":false},"author":1,"featured_media":0,"parent":0,"menu_order":0,"comment_status":"closed","ping_status":"open","template":"","meta":{"footnotes":""},"class_list":["post-405","page","type-page","status-publish","hentry"],"_links":{"self":[{"href":"https:\/\/genblog.dl5sel.de\/index.php?rest_route=\/wp\/v2\/pages\/405","targetHints":{"allow":["GET"]}}],"collection":[{"href":"https:\/\/genblog.dl5sel.de\/index.php?rest_route=\/wp\/v2\/pages"}],"about":[{"href":"https:\/\/genblog.dl5sel.de\/index.php?rest_route=\/wp\/v2\/types\/page"}],"author":[{"embeddable":true,"href":"https:\/\/genblog.dl5sel.de\/index.php?rest_route=\/wp\/v2\/users\/1"}],"replies":[{"embeddable":true,"href":"https:\/\/genblog.dl5sel.de\/index.php?rest_route=%2Fwp%2Fv2%2Fcomments&post=405"}],"version-history":[{"count":2,"href":"https:\/\/genblog.dl5sel.de\/index.php?rest_route=\/wp\/v2\/pages\/405\/revisions"}],"predecessor-version":[{"id":1973,"href":"https:\/\/genblog.dl5sel.de\/index.php?rest_route=\/wp\/v2\/pages\/405\/revisions\/1973"}],"wp:attachment":[{"href":"https:\/\/genblog.dl5sel.de\/index.php?rest_route=%2Fwp%2Fv2%2Fmedia&parent=405"}],"curies":[{"name":"wp","href":"https:\/\/api.w.org\/{rel}","templated":true}]}}