{"id":427,"date":"2012-10-01T18:35:00","date_gmt":"2012-10-01T16:35:00","guid":{"rendered":"http:\/\/19matt57.cwsurf.de\/wordpress\/?page_id=427"},"modified":"2014-06-24T16:10:59","modified_gmt":"2014-06-24T14:10:59","slug":"gniazdo-das-nest","status":"publish","type":"page","link":"https:\/\/genblog.dl5sel.de\/?page_id=427","title":{"rendered":"GNIAZDO (Das Nest)"},"content":{"rendered":"<p>Der <a title=\"GNIAZDO\" href=\"http:\/\/www.wtg-gniazdo.org\/\" target=\"_blank\">Gro\u00dfpolnische Verein f\u00fcr Familienforschung &#8222;GNIAZDO&#8220;<\/a> (Das Nest) betreibt eine sehr umfangreiche Webseite und ist ma\u00dfgeblich an einigen Gro\u00dfprojekten beteiligt. Zu den herausragenden Projekten geh\u00f6rt neben dem &#8222;Poznan-Project&#8220; auch das Vorhaben &#8222;<a title=\"BASIA\" href=\"http:\/\/www.basia.famula.pl\/de\/\" target=\"_blank\">BASIA<\/a>&#8222;, bei dem Kirchenb\u00fccher aus der Region Gro\u00dfpolen digitalisiert und ausgewertet werden.<\/p>\n<p>Auch im Forum ist mir erhebliche Unterst\u00fctzung bei meiner Suche zuteil geworden. Besonders interessant f\u00fcr mich ist die Diskussion \u00fcber die <a title=\"Familie Vogel aus Opalenica\" href=\"http:\/\/www.wtg-gniazdo.org\/forum\/viewtopic.php?f=10&amp;t=4445\" target=\"_blank\">Familie Vogel aus Opalenica<\/a>.<\/p>\n<p>Au\u00dferdem gibt es einen zweiten Thread, der interessant sein k\u00f6nnte:<br \/>\n<a title=\" Poszukuj\u0119 przodk\u00f3w Vogel lub Fogel\" href=\"http:\/\/www.wtg-gniazdo.org\/forum\/viewtopic.php?f=3&amp;t=1811\" target=\"_blank\">http:\/\/www.wtg-gniazdo.org\/forum\/viewtopic.php?f=3&amp;t=1811<\/a><br \/>\nDa meine polnischen Sprachkenntnisse einfach nur miserabel sind, werde ich mich wohl langfristig damit besch\u00e4ftigen m\u00fcssen &#8230;<br \/>\nDer aktuelle Stand meiner Recherchen zum Thread ist <a title=\"Links zu Unterlagen\" href=\"http:\/\/genblog.dl5sel.de\/?page_id=1518\" target=\"_blank\">hier<\/a> einsehbar.<\/p>\n","protected":false},"excerpt":{"rendered":"<p>Der Gro\u00dfpolnische Verein f\u00fcr Familienforschung &#8222;GNIAZDO&#8220; (Das Nest) betreibt eine sehr umfangreiche Webseite und ist ma\u00dfgeblich an einigen Gro\u00dfprojekten beteiligt. Zu den herausragenden Projekten geh\u00f6rt neben dem &#8222;Poznan-Project&#8220; auch das Vorhaben &#8222;BASIA&#8222;, bei dem Kirchenb\u00fccher aus der Region Gro\u00dfpolen digitalisiert und ausgewertet werden. Auch im Forum ist mir erhebliche Unterst\u00fctzung bei meiner Suche zuteil geworden. [&hellip;]<\/p>\n","protected":false},"author":1,"featured_media":0,"parent":0,"menu_order":0,"comment_status":"closed","ping_status":"open","template":"","meta":{"footnotes":""},"class_list":["post-427","page","type-page","status-publish","hentry"],"_links":{"self":[{"href":"https:\/\/genblog.dl5sel.de\/index.php?rest_route=\/wp\/v2\/pages\/427","targetHints":{"allow":["GET"]}}],"collection":[{"href":"https:\/\/genblog.dl5sel.de\/index.php?rest_route=\/wp\/v2\/pages"}],"about":[{"href":"https:\/\/genblog.dl5sel.de\/index.php?rest_route=\/wp\/v2\/types\/page"}],"author":[{"embeddable":true,"href":"https:\/\/genblog.dl5sel.de\/index.php?rest_route=\/wp\/v2\/users\/1"}],"replies":[{"embeddable":true,"href":"https:\/\/genblog.dl5sel.de\/index.php?rest_route=%2Fwp%2Fv2%2Fcomments&post=427"}],"version-history":[{"count":3,"href":"https:\/\/genblog.dl5sel.de\/index.php?rest_route=\/wp\/v2\/pages\/427\/revisions"}],"predecessor-version":[{"id":1545,"href":"https:\/\/genblog.dl5sel.de\/index.php?rest_route=\/wp\/v2\/pages\/427\/revisions\/1545"}],"wp:attachment":[{"href":"https:\/\/genblog.dl5sel.de\/index.php?rest_route=%2Fwp%2Fv2%2Fmedia&parent=427"}],"curies":[{"name":"wp","href":"https:\/\/api.w.org\/{rel}","templated":true}]}}