{"id":432,"date":"2012-10-01T18:37:56","date_gmt":"2012-10-01T16:37:56","guid":{"rendered":"http:\/\/19matt57.cwsurf.de\/wordpress\/?page_id=432"},"modified":"2012-10-01T18:37:56","modified_gmt":"2012-10-01T16:37:56","slug":"das-poznan-project","status":"publish","type":"page","link":"https:\/\/genblog.dl5sel.de\/?page_id=432","title":{"rendered":"Das Poznan-Project"},"content":{"rendered":"<p>In der Datenbank des <a title=\"Poznan-Project\" href=\"http:\/\/poznan-project.psnc.pl\/?lang=de\" target=\"_blank\">&#8222;Poznan-Project&#8220;<\/a> sind f\u00fcr die ehemalige preu\u00dfische Provinz Posen Eheschlie\u00dfungen im Zeitraum 1800 &#8211; 1899 erfasst. Ohne diese Datenbank w\u00e4ren meine Erkenntnisse \u00fcber die Herkunft meines Urgro\u00dfvaters Anton Vogel (1838 &#8211; 1909) bestimmt noch nicht so umfangreich, wie ich sie jetzt in der Datenbank darstellen kann.<\/p>\n<p>Aus dieser Datenbank stammen auch folgende Hinweise auf Hochzeitseintr\u00e4ge im Kirchenbuch der Katholischen Gemeinde in Opalenica:<\/p>\n<ul>\n<li>Eintrag 02\/1809, Katholische Gemeinde in Opalenica (Florianus Fogel oo Barbara Weyman)<\/li>\n<li>Eintrag 05\/1810, Katholische Gemeinde in Opalenica (Valentinus Vogiel oo Magdalena Ceiderowna)<\/li>\n<\/ul>\n<p>Es ist noch ungekl\u00e4rt, ob ein famili\u00e4rer Zusammenhang mit meinem Urururgro\u00dfvater Martinus Vogel besteht.<\/p>\n","protected":false},"excerpt":{"rendered":"<p>In der Datenbank des &#8222;Poznan-Project&#8220; sind f\u00fcr die ehemalige preu\u00dfische Provinz Posen Eheschlie\u00dfungen im Zeitraum 1800 &#8211; 1899 erfasst. Ohne diese Datenbank w\u00e4ren meine Erkenntnisse \u00fcber die Herkunft meines Urgro\u00dfvaters Anton Vogel (1838 &#8211; 1909) bestimmt noch nicht so umfangreich, wie ich sie jetzt in der Datenbank darstellen kann. Aus dieser Datenbank stammen auch folgende [&hellip;]<\/p>\n","protected":false},"author":1,"featured_media":0,"parent":0,"menu_order":0,"comment_status":"closed","ping_status":"open","template":"","meta":{"footnotes":""},"class_list":["post-432","page","type-page","status-publish","hentry"],"_links":{"self":[{"href":"https:\/\/genblog.dl5sel.de\/index.php?rest_route=\/wp\/v2\/pages\/432","targetHints":{"allow":["GET"]}}],"collection":[{"href":"https:\/\/genblog.dl5sel.de\/index.php?rest_route=\/wp\/v2\/pages"}],"about":[{"href":"https:\/\/genblog.dl5sel.de\/index.php?rest_route=\/wp\/v2\/types\/page"}],"author":[{"embeddable":true,"href":"https:\/\/genblog.dl5sel.de\/index.php?rest_route=\/wp\/v2\/users\/1"}],"replies":[{"embeddable":true,"href":"https:\/\/genblog.dl5sel.de\/index.php?rest_route=%2Fwp%2Fv2%2Fcomments&post=432"}],"version-history":[{"count":0,"href":"https:\/\/genblog.dl5sel.de\/index.php?rest_route=\/wp\/v2\/pages\/432\/revisions"}],"wp:attachment":[{"href":"https:\/\/genblog.dl5sel.de\/index.php?rest_route=%2Fwp%2Fv2%2Fmedia&parent=432"}],"curies":[{"name":"wp","href":"https:\/\/api.w.org\/{rel}","templated":true}]}}