{"id":507,"date":"2012-10-19T11:32:33","date_gmt":"2012-10-19T09:32:33","guid":{"rendered":"http:\/\/19matt57.cwsurf.de\/wordpress\/?page_id=507"},"modified":"2020-10-31T23:17:40","modified_gmt":"2020-10-31T22:17:40","slug":"nowag-kreis-neisse","status":"publish","type":"page","link":"https:\/\/genblog.dl5sel.de\/?page_id=507","title":{"rendered":"Nowag (Kreis Neisse)"},"content":{"rendered":"<p>Im Dorf Nowag, Kreis Neisse, wurde mein Urgro\u00dfvater <a title=\"Datenbank: Carl Siegert\" href=\"https:\/\/genealogie.dl5sel.de\/index.php?route=%2Ftree%2Freinhard%2Findividual%2FI62%2FCarl-Siegert\" target=\"_blank\" rel=\"noopener noreferrer\">Carl Siegert (1872 &#8211; 1906)<\/a> geboren. Obwohl es nur ein kleines Dorf war, hatte Nowag doch ein eigenes Kirchspiel und ein Standesamt.<\/p>\n<p>Heute tr\u00e4gt der Ort den polnischen Namen Nowaki und geh\u00f6rt zur <a title=\"Weblink: Pakoslawice\" href=\"http:\/\/www.pakoslawice.pl\/1\/strona_glowna.html\" target=\"_blank\" rel=\"noopener noreferrer\">Gemeinde Pakos\u0142awice<\/a> im Landkreis Nysa der Woiwodschaft Opole.<\/p>\n","protected":false},"excerpt":{"rendered":"<p>Im Dorf Nowag, Kreis Neisse, wurde mein Urgro\u00dfvater Carl Siegert (1872 &#8211; 1906) geboren. Obwohl es nur ein kleines Dorf war, hatte Nowag doch ein eigenes Kirchspiel und ein Standesamt. Heute tr\u00e4gt der Ort den polnischen Namen Nowaki und geh\u00f6rt zur Gemeinde Pakos\u0142awice im Landkreis Nysa der Woiwodschaft Opole.<\/p>\n","protected":false},"author":1,"featured_media":0,"parent":0,"menu_order":0,"comment_status":"closed","ping_status":"open","template":"","meta":{"footnotes":""},"class_list":["post-507","page","type-page","status-publish","hentry"],"_links":{"self":[{"href":"https:\/\/genblog.dl5sel.de\/index.php?rest_route=\/wp\/v2\/pages\/507","targetHints":{"allow":["GET"]}}],"collection":[{"href":"https:\/\/genblog.dl5sel.de\/index.php?rest_route=\/wp\/v2\/pages"}],"about":[{"href":"https:\/\/genblog.dl5sel.de\/index.php?rest_route=\/wp\/v2\/types\/page"}],"author":[{"embeddable":true,"href":"https:\/\/genblog.dl5sel.de\/index.php?rest_route=\/wp\/v2\/users\/1"}],"replies":[{"embeddable":true,"href":"https:\/\/genblog.dl5sel.de\/index.php?rest_route=%2Fwp%2Fv2%2Fcomments&post=507"}],"version-history":[{"count":3,"href":"https:\/\/genblog.dl5sel.de\/index.php?rest_route=\/wp\/v2\/pages\/507\/revisions"}],"predecessor-version":[{"id":1994,"href":"https:\/\/genblog.dl5sel.de\/index.php?rest_route=\/wp\/v2\/pages\/507\/revisions\/1994"}],"wp:attachment":[{"href":"https:\/\/genblog.dl5sel.de\/index.php?rest_route=%2Fwp%2Fv2%2Fmedia&parent=507"}],"curies":[{"name":"wp","href":"https:\/\/api.w.org\/{rel}","templated":true}]}}