{"id":56,"date":"2012-02-20T22:10:04","date_gmt":"2012-02-20T22:10:04","guid":{"rendered":"http:\/\/19matt57.cwsurf.de\/wordpress\/?page_id=56"},"modified":"2020-10-31T17:54:14","modified_gmt":"2020-10-31T16:54:14","slug":"carl-und-max-siegert","status":"publish","type":"page","link":"https:\/\/genblog.dl5sel.de\/?page_id=56","title":{"rendered":"Max Siegert (1879 &#8211; 1943)"},"content":{"rendered":"<p><a title=\"Max Siegert (1879 - 1943)\" href=\"https:\/\/genealogie.dl5sel.de\/index.php?route=%2Ftree%2Freinhard%2Findividual%2FI178%2FMax-Julius-Siegert\" target=\"_blank\" rel=\"noopener noreferrer\">Max Siegert (1879 &#8211; 1943)<\/a> ist der mir bekannte zweite und j\u00fcngere Sohn des Ehepaares Franz und Agnes Siegert. Er wurde am 05.02.1879 in Spandau geboren.<\/p>\n<p>In den famili\u00e4ren Unterlagen befindet sich ein Brief, den Max um 1900 an seinen Bruder Carl schrieb. Max war Teilnehmer des Ostasienfeldzuges 1900\/1901 und entsprechend &#8222;exotisch&#8220; sieht auch das Briefpapier aus. Die Familienlegende berichtet, dass er in dieser Zeit sein Herz an eine Chinesin verloren h\u00e4tte &#8230;<\/p>\n<p>Als Max 1914 in Spandau zum zweiten Male heiratete, war er von Beruf &#8222;Waffenteilfr\u00e4ser&#8220; &#8211; wahrscheinlich besch\u00e4ftigt in den Spandauer Heereswerkst\u00e4tten. Eigentlich war er Fleischermeister, genau wie sein Bruder Carl &#8230;<\/p>\n<p>Nach Beendigung des ersten Weltkrieges wurden entsprechend dem &#8222;Versailler Vertrag&#8220; die Spandauer Heereswerkst\u00e4tten geschlossen. Danach soll er ein eigenes Lebensmittelgesch\u00e4ft betrieben haben &#8230; In den Berliner Telefonb\u00fcchern fand ich 1920 und 1940 folgenden Eintrag: Berlin SO36, Wiener Stra\u00dfe 63 T.<\/p>\n<p>Mittlerweile habe ich Kontakt zu einer Enkelin von Max Siegert und ich habe die gro\u00dfe Hoffnung, dass ich auf diese Art und Weise die mir noch fehlenden Daten erhalten kann. Es geht eben nichts \u00fcber famili\u00e4re Kommunikation &#8230;<\/p>\n","protected":false},"excerpt":{"rendered":"<p>Max Siegert (1879 &#8211; 1943) ist der mir bekannte zweite und j\u00fcngere Sohn des Ehepaares Franz und Agnes Siegert. Er wurde am 05.02.1879 in Spandau geboren. In den famili\u00e4ren Unterlagen befindet sich ein Brief, den Max um 1900 an seinen Bruder Carl schrieb. Max war Teilnehmer des Ostasienfeldzuges 1900\/1901 und entsprechend &#8222;exotisch&#8220; sieht auch das [&hellip;]<\/p>\n","protected":false},"author":1,"featured_media":0,"parent":47,"menu_order":0,"comment_status":"closed","ping_status":"open","template":"","meta":{"footnotes":""},"class_list":["post-56","page","type-page","status-publish","hentry"],"_links":{"self":[{"href":"https:\/\/genblog.dl5sel.de\/index.php?rest_route=\/wp\/v2\/pages\/56","targetHints":{"allow":["GET"]}}],"collection":[{"href":"https:\/\/genblog.dl5sel.de\/index.php?rest_route=\/wp\/v2\/pages"}],"about":[{"href":"https:\/\/genblog.dl5sel.de\/index.php?rest_route=\/wp\/v2\/types\/page"}],"author":[{"embeddable":true,"href":"https:\/\/genblog.dl5sel.de\/index.php?rest_route=\/wp\/v2\/users\/1"}],"replies":[{"embeddable":true,"href":"https:\/\/genblog.dl5sel.de\/index.php?rest_route=%2Fwp%2Fv2%2Fcomments&post=56"}],"version-history":[{"count":2,"href":"https:\/\/genblog.dl5sel.de\/index.php?rest_route=\/wp\/v2\/pages\/56\/revisions"}],"predecessor-version":[{"id":1944,"href":"https:\/\/genblog.dl5sel.de\/index.php?rest_route=\/wp\/v2\/pages\/56\/revisions\/1944"}],"up":[{"embeddable":true,"href":"https:\/\/genblog.dl5sel.de\/index.php?rest_route=\/wp\/v2\/pages\/47"}],"wp:attachment":[{"href":"https:\/\/genblog.dl5sel.de\/index.php?rest_route=%2Fwp%2Fv2%2Fmedia&parent=56"}],"curies":[{"name":"wp","href":"https:\/\/api.w.org\/{rel}","templated":true}]}}