{"id":67,"date":"2012-02-21T22:01:41","date_gmt":"2012-02-21T22:01:41","guid":{"rendered":"http:\/\/19matt57.cwsurf.de\/wordpress\/?page_id=67"},"modified":"2020-10-31T17:56:51","modified_gmt":"2020-10-31T16:56:51","slug":"rudiger-munchow-1720","status":"publish","type":"page","link":"https:\/\/genblog.dl5sel.de\/?page_id=67","title":{"rendered":"R\u00fcdiger M\u00fcnchow (ca. 1644 &#8211; 05.03.1720)"},"content":{"rendered":"<p>Im Folgenden soll versucht werden, den derzeitigen &#8222;Spitzenahnen&#8220; der Familie M\u00fcnchow aus dem Dorf K\u00f6sternitz im Kreis Belgard (Pommern) ein wenig aus der Vergessenheit zu holen. Neben Fakten wird wohl aber auch einiges Spekulation bleiben (m\u00fcssen).<\/p>\n<p><a title=\"Datenban: R\u00fcdiger M\u00fcnchow (ca. 1644 -1720)\" href=\"https:\/\/genealogie.dl5sel.de\/index.php?route=%2Ftree%2Freinhard%2Findividual%2FI47%2FRudiger-Munchow\" target=\"_blank\" rel=\"noopener noreferrer\">R\u00fcdiger M\u00fcnchow (???? &#8211; 1720)<\/a> starb am 05. M\u00e4rz 1720 im Dorf C\u00f6sternitz (Kreis Belgard in Pommern). Die Sterbeurkunde von R\u00fcdiger liegt allerdings nur als Abschrift vor. Wir wissen \u00fcber ihn, dass er zweimal verheiratet war und insgesamt 9 Kinder hatte. \u00dcber seinen Vater wissen wir nichts, von seiner Mutter kennen wir nur das Sterbedatum. Alle anderen Daten, auch die Namen der Eltern, sind unbekannt. Wir wissen auch nichts \u00fcber seine Geschwister. Es wird vermutet, dass sein Hof in K\u00f6sternitz bis zum Jahre 1945 in der Hand seiner Nachfahren verblieb.<\/p>\n<p>Ein Hinweis zu R\u00fcdiger M\u00fcnchow findet sich in der Abhandlung <a href=\"http:\/\/www.belgard.org\/Datensammlungen\/Amtsdoerfer\/Amtsdoerfer.htm\" target=\"_blank\" rel=\"nofollow noopener noreferrer\">&#8222;Bauern der Belgarder Amtsd\u00f6rfer 1675&#8220;<\/a> unter dem Stichwort C\u00f6sternitz (K\u00f6sternitz) an Nummer 12:<br \/>\n&#8222;R\u00fcdiger M\u00f6nchow (M\u00fcnchow) Vollbaur hatt sich unterth\u00e4nig gegeben. Zimmer in ziemlichem stande, au\u00dfgenommen da\u00df thorhau\u00df so etwas bawfellig.&#8220;<br \/>\nEs muss ein gro\u00dfes Anwesen gewesen sein, das R\u00fcdiger inne hatte. Der Hinweis auf das bauf\u00e4llige Torhaus gibt Anlass zu der Vermutung, dass es eigentlich ein Rittergut gewesen sein k\u00f6nnte.<\/p>\n<p>Aus der <a title=\"Datenbank\" href=\"https:\/\/genealogie.dl5sel.de\" target=\"_blank\" rel=\"nofollow noopener noreferrer\">Datenbank zur Familienforschung<\/a> k\u00f6nnen wir entnehmen, dass R\u00fcdiger M\u00fcnchow am 03. November 1673 die 19j\u00e4hrige Marie Ventzke heiratete. Der Bauer Jochim Ventzke aus K\u00f6sternitz, der in der oben erw\u00e4hnten Abhandlung an Nummer 13 genannt wird, ist damit der Schwiegervater von R\u00fcdiger.<\/p>\n<p>Soweit die Fakten. Jetzt m\u00fcssen wir ein wenig spekulieren: Wenn R\u00fcdiger etwa 10 Jahre \u00e4lter war als Marie, dann erhalten wir 1644 als Geburtsjahr. Schlimme Zeiten waren das, der Drei\u00dfigj\u00e4hrige Krieg tobte, das Land um Belgard ein Zankapfel in den Auseinandersetzungen zwischen kaiserlichen und schwedischen Truppen (siehe: <a href=\"http:\/\/www.altes-land-belgard.de\/belgard\/artikel\/besiedlungpommerns.htm\" target=\"_blank\" rel=\"nofollow noopener noreferrer\">http:\/\/www.altes-land-belgard.de\/belgard\/artikel\/besiedlungpommerns.htm<\/a>). Unter dem Krieg hatte die Landbev\u00f6lkerung uns\u00e4glich zu leiden, das Staatswesen lag faktisch darnieder. Es sollte daher auch nicht verwundern, wenn das genaue Geburtsdatum R\u00fcdigers nicht mehr herauszufinden sein sollte. Akten und Krieg passen einfach nicht zueinander.<\/p>\n<p>Der &#8222;Westf\u00e4lische Friede&#8220; 1648 sprach Pommern Kurf\u00fcrst Friedrich Wilhelm zu, der 1653 letztendlich auch das Belgarder Land vereinnahmte. Damit wurden die Verh\u00e4ltnisse in Pommern wieder friedlicher.<\/p>\n<p>Vor seiner Ehe mit Marie war R\u00fcdiger bereits einmal verheiratet. Aus dieser Ehe hatte er zwei Kinder, Anna (*1670) und &#8222;Engel&#8220; (*1672). &#8222;Engel&#8220; deutet darauf hin, dass das Kind die Geburt nicht \u00fcberlebte. Auch R\u00fcdigers erste Ehefrau starb 1672, vermutlich an den Folgen der zweiten Geburt.<\/p>\n<p>Wie es R\u00fcdiger und seiner Familie in den weiteren Jahren ergangen ist? 1675 wird sein Besitz als &#8222;in ziemlichem stande&#8220; beschrieben. Mit Marie hat er bis 1699 sieben weitere Kinder. Der letztgeborene Sohn Daniel (*1699) begr\u00fcndet die M\u00fcnchowsche Linie, die bis zu Ernst M\u00fcnchow reicht. Vielleicht bringt das \u201eErbregister und Inventarium des Amts Belgard de 1707&#8243; ein wenig mehr Klarheit. Als R\u00fcdiger 1720 stirbt, hinterl\u00e4sst er bestimmt einen gro\u00dfen Hof.<\/p>\n<p>Ob der 1937 zum Amtsvorsteher berufene Albert M\u00fcnchow aus K\u00f6sternitz auch ein Nachkomme von R\u00fcdiger ist, lassen wir jetzt mal offen. Er hatte einen Bauernhof mit mindestens 30 Hektar Eigenland. Es wird zu kl\u00e4ren sein, ob der M\u00fcnchowsche Hof in K\u00f6sternitz \u00fcber die Jahrhunderte in Familienhand geblieben ist. Hier wartet ein spannendes Feld auf den geneigten Familienforscher.<\/p>\n<p>Nicht unerw\u00e4hnt soll die &#8222;Familienlegende&#8220; bleiben, nach der einer der Vorfahren meines Urgro\u00dfvaters Ernst M\u00fcnchow einen Adelstitel freiwillig abgegeben haben soll. Was hat es zu bedeuten, dass 1675 der Vermerk &#8222;R\u00fcdiger M\u00f6nchow (M\u00fcnchow) Vollbaur hatt sich unterth\u00e4nig gegeben&#8220; zu finden ist?. Welchen Stand hatte R\u00fcdiger vor diesem Schritt? Haben wir m\u00f6glicherweise einen Schl\u00fcssel zu dieser Legende gefunden?<\/p>\n","protected":false},"excerpt":{"rendered":"<p>Im Folgenden soll versucht werden, den derzeitigen &#8222;Spitzenahnen&#8220; der Familie M\u00fcnchow aus dem Dorf K\u00f6sternitz im Kreis Belgard (Pommern) ein wenig aus der Vergessenheit zu holen. Neben Fakten wird wohl aber auch einiges Spekulation bleiben (m\u00fcssen). R\u00fcdiger M\u00fcnchow (???? &#8211; 1720) starb am 05. M\u00e4rz 1720 im Dorf C\u00f6sternitz (Kreis Belgard in Pommern). Die Sterbeurkunde [&hellip;]<\/p>\n","protected":false},"author":1,"featured_media":0,"parent":47,"menu_order":0,"comment_status":"closed","ping_status":"open","template":"","meta":{"footnotes":""},"class_list":["post-67","page","type-page","status-publish","hentry"],"_links":{"self":[{"href":"https:\/\/genblog.dl5sel.de\/index.php?rest_route=\/wp\/v2\/pages\/67","targetHints":{"allow":["GET"]}}],"collection":[{"href":"https:\/\/genblog.dl5sel.de\/index.php?rest_route=\/wp\/v2\/pages"}],"about":[{"href":"https:\/\/genblog.dl5sel.de\/index.php?rest_route=\/wp\/v2\/types\/page"}],"author":[{"embeddable":true,"href":"https:\/\/genblog.dl5sel.de\/index.php?rest_route=\/wp\/v2\/users\/1"}],"replies":[{"embeddable":true,"href":"https:\/\/genblog.dl5sel.de\/index.php?rest_route=%2Fwp%2Fv2%2Fcomments&post=67"}],"version-history":[{"count":5,"href":"https:\/\/genblog.dl5sel.de\/index.php?rest_route=\/wp\/v2\/pages\/67\/revisions"}],"predecessor-version":[{"id":1946,"href":"https:\/\/genblog.dl5sel.de\/index.php?rest_route=\/wp\/v2\/pages\/67\/revisions\/1946"}],"up":[{"embeddable":true,"href":"https:\/\/genblog.dl5sel.de\/index.php?rest_route=\/wp\/v2\/pages\/47"}],"wp:attachment":[{"href":"https:\/\/genblog.dl5sel.de\/index.php?rest_route=%2Fwp%2Fv2%2Fmedia&parent=67"}],"curies":[{"name":"wp","href":"https:\/\/api.w.org\/{rel}","templated":true}]}}