{"id":69,"date":"2012-02-21T22:03:45","date_gmt":"2012-02-21T22:03:45","guid":{"rendered":"http:\/\/19matt57.cwsurf.de\/wordpress\/?page_id=69"},"modified":"2020-10-31T17:48:54","modified_gmt":"2020-10-31T16:48:54","slug":"georgius-jerzy-chalamski","status":"publish","type":"page","link":"https:\/\/genblog.dl5sel.de\/?page_id=69","title":{"rendered":"Georgius (Jerzy) Chalamski"},"content":{"rendered":"<p><a title=\"Georgius Chalamski\" href=\"https:\/\/genealogie.dl5sel.de\/index.php?route=%2Ftree%2Freinhard%2Findividual%2FI185%2FGeorgius-Halamski\" target=\"_blank\" rel=\"noopener noreferrer\">Georgius Chalamski<\/a> &#8211; Georgius (in polnischen Urkunden auch Jerzy genannt) ist der Gro\u00dfvater von <a title=\"Veronica Chalamska (1813 - ????)\" href=\"https:\/\/genealogie.dl5sel.de\/index.php?route=%2Ftree%2Freinhard%2Findividual%2FI23%2FVeronica-Halamska\" target=\"_blank\" rel=\"noopener noreferrer\">Veronika Chalamska (1813 &#8211; ????)<\/a>, meiner Ururgro\u00dfmutter. Aus dieser Linie kenne ich einen direkten Nachkommen, Piotr Halamski aus Szamotuly. Piotr ist an der Aufkl\u00e4rung der Lebensdaten genauso interessiert wie ich. &#8211; Zur Familie Chalamski \/ Halamski gibt es ebenfalls die Theorie, dass sie um 1750 als b\u00f6hmische Siedler in die Gegend von Opalenitza gezogen sind. Der Name &#8222;Halama&#8220; ist eindeutig b\u00f6hmischen Ursprungs. Warten wir ab, ob sich diese Theorie best\u00e4tigt. Es w\u00fcrde jedoch zur Theorie passen, wenn die Siedler aus der Gegend um Opalenitza untereinander heirateten. Man kannte sich eben &#8230;<\/p>\n","protected":false},"excerpt":{"rendered":"<p>Georgius Chalamski &#8211; Georgius (in polnischen Urkunden auch Jerzy genannt) ist der Gro\u00dfvater von Veronika Chalamska (1813 &#8211; ????), meiner Ururgro\u00dfmutter. Aus dieser Linie kenne ich einen direkten Nachkommen, Piotr Halamski aus Szamotuly. Piotr ist an der Aufkl\u00e4rung der Lebensdaten genauso interessiert wie ich. &#8211; Zur Familie Chalamski \/ Halamski gibt es ebenfalls die Theorie, [&hellip;]<\/p>\n","protected":false},"author":1,"featured_media":0,"parent":47,"menu_order":0,"comment_status":"closed","ping_status":"closed","template":"","meta":{"footnotes":""},"class_list":["post-69","page","type-page","status-publish","hentry"],"_links":{"self":[{"href":"https:\/\/genblog.dl5sel.de\/index.php?rest_route=\/wp\/v2\/pages\/69","targetHints":{"allow":["GET"]}}],"collection":[{"href":"https:\/\/genblog.dl5sel.de\/index.php?rest_route=\/wp\/v2\/pages"}],"about":[{"href":"https:\/\/genblog.dl5sel.de\/index.php?rest_route=\/wp\/v2\/types\/page"}],"author":[{"embeddable":true,"href":"https:\/\/genblog.dl5sel.de\/index.php?rest_route=\/wp\/v2\/users\/1"}],"replies":[{"embeddable":true,"href":"https:\/\/genblog.dl5sel.de\/index.php?rest_route=%2Fwp%2Fv2%2Fcomments&post=69"}],"version-history":[{"count":5,"href":"https:\/\/genblog.dl5sel.de\/index.php?rest_route=\/wp\/v2\/pages\/69\/revisions"}],"predecessor-version":[{"id":1940,"href":"https:\/\/genblog.dl5sel.de\/index.php?rest_route=\/wp\/v2\/pages\/69\/revisions\/1940"}],"up":[{"embeddable":true,"href":"https:\/\/genblog.dl5sel.de\/index.php?rest_route=\/wp\/v2\/pages\/47"}],"wp:attachment":[{"href":"https:\/\/genblog.dl5sel.de\/index.php?rest_route=%2Fwp%2Fv2%2Fmedia&parent=69"}],"curies":[{"name":"wp","href":"https:\/\/api.w.org\/{rel}","templated":true}]}}