{"id":71,"date":"2012-02-21T22:13:01","date_gmt":"2012-02-21T22:13:01","guid":{"rendered":"http:\/\/19matt57.cwsurf.de\/wordpress\/?page_id=71"},"modified":"2020-10-31T17:41:06","modified_gmt":"2020-10-31T16:41:06","slug":"franz-siegert","status":"publish","type":"page","link":"https:\/\/genblog.dl5sel.de\/?page_id=71","title":{"rendered":"Franz Siegert (1838 &#8211; 1896)"},"content":{"rendered":"<p><a title=\"Franz Siegert\" href=\"https:\/\/genealogie.dl5sel.de\/index.php?route=%2Ftree%2Freinhard%2Findividual%2FI177%2FFranz-Siegert\" target=\"_blank\" rel=\"noopener noreferrer\">Franz Siegert (1838 &#8211; 1896)<\/a> und seine Ehefrau Agnes (geb. Flaschel) sind meine Ururgro\u00dfeltern. Ihre Namen\u00a0 erfuhr ich zuerst aus den Heiratsurkunden der beiden S\u00f6hne: <a title=\"Carl Siegert (1872 - 1906)\" href=\"https:\/\/genealogie.dl5sel.de\/index.php?route=%2Ftree%2Freinhard%2Findividual%2FI62%2FCarl-Siegert\" target=\"_blank\" rel=\"noopener noreferrer\">Carl Siegert (1872 &#8211; 1906)<\/a> \u00a0und <a title=\"Marie Rumland (1878 - 1917)\" href=\"https:\/\/genealogie.dl5sel.de\/index.php?route=%2Ftree%2Freinhard%2Findividual%2FI63%2FMarie-Rumland\" target=\"_blank\" rel=\"noopener noreferrer\">Marie Rumland (1878 &#8211; 1917)<\/a> aus dem Jahre 1895 &#8211; das sind meine Urgro\u00dfeltern &#8211; sowie <a title=\"Max Siegert\" href=\"https:\/\/genealogie.dl5sel.de\/index.php?route=%2Ftree%2Freinhard%2Findividual%2FI178%2FMax-Julius-Siegert\" target=\"_blank\" rel=\"noopener noreferrer\">Max Siegert (1879 &#8211; 1943)<\/a> und <a title=\"Datenbank: Anna Petrusch (1878 - 1954)\" href=\"https:\/\/genealogie.dl5sel.de\/index.php?route=%2Ftree%2Freinhard%2Findividual%2FI230%2FAnna-Petrusch\" target=\"_blank\" rel=\"noopener noreferrer\">Anna Petrusch (1878 &#8211; 1954)<\/a> aus dem Jahre 1914. Franz und Agnes lebten zum Zeitpunkt der Hochzeit ihres Sohnes Carl in Spandau, Weverstra\u00dfe 5. Nach l\u00e4ngerer Suche liegen mir nun auch die Sterbeurkunden von Franz und Agnes in Kopie vor.<\/p>\n<p>Franz wurde laut den Angaben in der Sterbeurkunde am 1. Mai 1838 in Klodebach, einem Dorf im Kreis Grottkau in Schlesien geboren. Leider enth\u00e4lt die Sterbeurkunde zu seiner Herkunft nur die Formulierung &#8222;Sohn der zu Klodebach verstorbenen Siegertschen Eheleute, \u00fcber die weitere Angaben fehlen&#8220;. Ich hoffe, dass ich bei der Durchsicht der Kirchenb\u00fccher der f\u00fcr Klodebach zust\u00e4ndigen katholischen Pfarrgemeinde in Gro\u00df Karlowitz genauere Hinweise finde. Die Formulierung k\u00f6nnte aber auch bedeuten, dass Franz nicht in Klodebach geboren wurde &#8230;<\/p>\n<p>Franz und Agnes waren, als Franz am 5. M\u00e4rz 1896 starb, laut Sterbeurkunde 24 Jahre verheiratet. Als Hochzeitsjahr l\u00e4sst sich daraus das Jahr 1872 errechnen. Leider kenne ich den Ort der Hochzeit bisher nicht. Da Agnes entsprechend den Angaben in ihrer Sterbeurkunde in Neisse (Stadtkreis) geboren wurde, hoffe ich, dass auch die Hochzeit in Neisse stattfand. Die Suche nach Agnes genauem Geburtsdatum und dem Hochzeitsdatum wird mit Sicherheit sehr langwierig, denn in Neisse gab es f\u00fcnf katholische Gemeinden &#8230;<\/p>\n<p>Es ist aber auch denkbar, dass die Hochzeit 1872 bereits in Nowag, einem Dorf im Kreis Neisse, stattfand. Dort wurde am 22.08.1872 der erste Sohn des Paares, Carl, mein Urgro\u00dfvater, geboren. Vermutlich arbeitete Franz zu diesem Zeitpunkt in der ersten preu\u00dfischen Artilleriewerkstatt in Neisse als Sattler. Ich will ja nicht despektierlich erscheinen, aber die Hochzeit sollte vor der Geburt des Sohnes Carl erfolgt sein. Die katholischen Kirchenb\u00fccher f\u00fcr Nowag befinden sich im Di\u00f6zesanarchiv Oppeln und wurden nicht durch die Mormonen verfilmt. Auch diese Suche wird sicher schwierig.<\/p>\n<p>Die \u00dcbersiedlung der Familie nach Spandau erfolgte zwischen 1872 und 1879. Der zweite Sohn Max wurde 1879 bereits in Spandau, Weverstra\u00dfe 5 geboren. Die H\u00e4user in der Weverstra\u00dfe wurden f\u00fcr Arbeiter der Spandauer Gesch\u00fctzfabrik erbaut, wo Franz Siegert vermutlich als Sattler einen Arbeitsplatz gefunden hatte. Die Spandauer Gesch\u00fctzfabrik wurde in diesem Zeitraum stark erweitert und brauchte dringend geeignete Fachleute. Was lag n\u00e4her, als sie in den anderen preu\u00dfischen Artilleriewerkst\u00e4tten zu suchen?\u00a0 Dem Umzug nach Spandau war daher bestimmt eine &#8222;Abwerbung&#8220; vorausgegangen &#8230;<\/p>\n<p>Gem\u00e4\u00df den Bestimmungen des Versailler Vertrages wurden die Spandauer Heereswerkst\u00e4tten im Jahre 1919 geschlossen. Daraus resultierte der Verlust vieler tausend Arbeitspl\u00e4tze. Wahrscheinlich war mein Urgro\u00dfonkel <a title=\"Datenbank: Max Siegert (1879 - 1943)\" href=\"https:\/\/genealogie.dl5sel.de\/index.php?route=%2Ftree%2Freinhard%2Findividual%2FI178%2FMax-Julius-Siegert\" target=\"_blank\" rel=\"noopener noreferrer\">Max Siegert (1879 &#8211; 1943)<\/a> davon betroffen. Aber das geh\u00f6rt eigentlich nicht hierher &#8230;<\/p>\n<p>Als mein Gro\u00dfvater <a title=\"Max Siegert (1900 - 1961)\" href=\"https:\/\/genealogie.dl5sel.de\/index.php?route=%2Ftree%2Freinhard%2Findividual%2FI6%2FMax-Siegert\" target=\"_blank\" rel=\"noopener noreferrer\">Max Siegert (1900 &#8211; 1961)<\/a> in den drei\u00dfiger Jahren des 20. Jahrhunderts einen Ahnennachweis anfertigen musste, fand er keine Unterlagen \u00fcber seine Gro\u00dfeltern. Er kannte sowohl ihre Namen als auch ihren Wohnort nicht. Seine Annahme, dass beide in der Stadt Neisse in Oberschlesien gewohnt h\u00e4tten, beruhte lediglich auf Erinnerungen und famili\u00e4ren \u00dcberlieferungen. Nicht zuletzt sind wohl auch im Ergebnis des viel zu fr\u00fchen Todes seines Vaters Carl Siegert die Verbindungen zu seinen Gro\u00dfeltern abgebrochen.<\/p>\n<p>In famili\u00e4ren \u00dcberlieferungen steckt oft ein wahrer Kern, so auch in diesem Fall: Meine Ururgro\u00dfmutter Agnes Siegert, geb. Flaschel, wurde in Neisse geboren. Durch welche Ereignisse die \u00dcberlieferung &#8222;ungenau&#8220; wurde, spielt eigentlich keine Rolle mehr. Ich bin froh, dass es mir gelungen ist, den Ahnennachweis meines Gro\u00dfvaters zu vervollst\u00e4ndigen.<\/p>\n<p><a title=\"Franz Siegert (1896 - 1979)\" href=\"https:\/\/genealogie.dl5sel.de\/index.php?route=%2Ftree%2Freinhard%2Findividual%2FI64%2FFranz-Siegert\" target=\"_blank\" rel=\"noopener noreferrer\">Franz Siegert (1896 &#8211; 1979)<\/a>, der Bruder meines Gro\u00dfvaters, lebte viele Jahre bis zu seinem Tode in Berlin-Spandau. Zufall oder Familienschicksal?<\/p>\n","protected":false},"excerpt":{"rendered":"<p>Franz Siegert (1838 &#8211; 1896) und seine Ehefrau Agnes (geb. Flaschel) sind meine Ururgro\u00dfeltern. Ihre Namen\u00a0 erfuhr ich zuerst aus den Heiratsurkunden der beiden S\u00f6hne: Carl Siegert (1872 &#8211; 1906) \u00a0und Marie Rumland (1878 &#8211; 1917) aus dem Jahre 1895 &#8211; das sind meine Urgro\u00dfeltern &#8211; sowie Max Siegert (1879 &#8211; 1943) und Anna Petrusch [&hellip;]<\/p>\n","protected":false},"author":1,"featured_media":0,"parent":47,"menu_order":0,"comment_status":"closed","ping_status":"closed","template":"","meta":{"footnotes":""},"class_list":["post-71","page","type-page","status-publish","hentry"],"_links":{"self":[{"href":"https:\/\/genblog.dl5sel.de\/index.php?rest_route=\/wp\/v2\/pages\/71","targetHints":{"allow":["GET"]}}],"collection":[{"href":"https:\/\/genblog.dl5sel.de\/index.php?rest_route=\/wp\/v2\/pages"}],"about":[{"href":"https:\/\/genblog.dl5sel.de\/index.php?rest_route=\/wp\/v2\/types\/page"}],"author":[{"embeddable":true,"href":"https:\/\/genblog.dl5sel.de\/index.php?rest_route=\/wp\/v2\/users\/1"}],"replies":[{"embeddable":true,"href":"https:\/\/genblog.dl5sel.de\/index.php?rest_route=%2Fwp%2Fv2%2Fcomments&post=71"}],"version-history":[{"count":14,"href":"https:\/\/genblog.dl5sel.de\/index.php?rest_route=\/wp\/v2\/pages\/71\/revisions"}],"predecessor-version":[{"id":1938,"href":"https:\/\/genblog.dl5sel.de\/index.php?rest_route=\/wp\/v2\/pages\/71\/revisions\/1938"}],"up":[{"embeddable":true,"href":"https:\/\/genblog.dl5sel.de\/index.php?rest_route=\/wp\/v2\/pages\/47"}],"wp:attachment":[{"href":"https:\/\/genblog.dl5sel.de\/index.php?rest_route=%2Fwp%2Fv2%2Fmedia&parent=71"}],"curies":[{"name":"wp","href":"https:\/\/api.w.org\/{rel}","templated":true}]}}