{"id":94,"date":"2012-02-22T00:05:07","date_gmt":"2012-02-22T00:05:07","guid":{"rendered":"http:\/\/19matt57.cwsurf.de\/wordpress\/?page_id=94"},"modified":"2020-10-31T17:52:59","modified_gmt":"2020-10-31T16:52:59","slug":"martinus-vogel-1778","status":"publish","type":"page","link":"https:\/\/genblog.dl5sel.de\/?page_id=94","title":{"rendered":"Martinus Vogel (1778 &#8211; ????)"},"content":{"rendered":"<p>Aus der Diskussion \u00fcber die <a title=\"Familie Vogel aus Opalenica\" href=\"http:\/\/www.wtg-gniazdo.org\/forum\/viewtopic.php?f=10&amp;t=4445\" target=\"_blank\" rel=\"noopener noreferrer\">Familie Vogel aus Opalenica<\/a> im Forum des Gro\u00dfpolnischen Vereins f\u00fcr Familienforschung &#8222;GNIAZDO&#8220; (Das Nest) kenne ich das Geburtsdatum meines UrUrUrgro\u00dfvaters: 02.11.1778. Au\u00dferdem konnte ich erfahren, dass Martinus wenigstens noch 4 Schwestern hatte. Als Geburtsort wird Troszczyn, ein Ortsteil von Opalenitza, genannt.<\/p>\n<p>Auf Grund eigener Recherchen kenne mittlerweile auch zwei Br\u00fcder, Jacob und Valentin.\u00a0 Damit hatte Martinus mindestens 6 Geschwister. \u00dcber einen Valentinus Fogel ist au\u00dferdem im Poznan Project vermerkt, dass er 1810 in Opalenitza (Nr. 05\/1810) den Bund der Ehe schloss.<\/p>\n<p>Im Heiratsregister der katholischen Gemeinde Modrze wird mit der laufenden Nummer 6\/1808 die Hochzeit des Martinus Ptaszkowski alias Fogel aus Troszczyn mit Catharina Dziknoska verzeichnet. Als Vater des Martinus wird Andreas Fogel erw\u00e4hnt. Als Hochzeitsort ist Strykowo vermerkt. Das sollte der damalige Wohnort der Brauteltern sein, denn Martinus lebte zu der Zeit im Dorf Strzempin (Strz\u0119pi\u0144), einem Ortsteil der Gemeinde Granowo.<\/p>\n<p>Weshalb sich Martinus &#8222;Ptaszkowski&#8220; nannte, ist zur Zeit noch unklar. Wahrscheinlich handelt es sich um eine Polonisierung des Namens, denn das polnische Wort &#8222;Ptak&#8220; bedeutet &#8222;Vogel&#8220;. Der Name &#8222;Ptaszkowski&#8220; lie\u00df mich eine Zeitlang annehmen, dass die Familie Vogel polnische Wurzeln haben k\u00f6nnte.<\/p>\n<p>Bisher habe ich keine schriftlichen Hinweise auf die Kinder des Ehepaares Martinus und Catharina Ptaszkowski gefunden. Das liegt mit Sicherheit daran, dass ich nur in den Kirchenb\u00fcchern von Opalenica und Gr\u00e4tz nachgesehen habe. Den Hinweis aus dem Hochzeitseintrag auf Strz\u0119pi\u0144 bzw. Granowo hatte ich nicht ernstgenommen. Ich werde das schnellstm\u00f6glich nachholen. Vielleicht l\u00e4sst sich bei der weiteren Suche auch feststellen, wann Martinus seinen Namen wieder ge\u00e4ndert hat.<\/p>\n<p>Auf der Website MyHeritage.de sind mehrere Stammb\u00e4ume gespeichert, bei denen versucht wird, eine famili\u00e4re Beziehung zwischen Martinus einerseits und Franciscus, Florianus und Jacobus andererseits herzustellen. Auf der Grundlage meiner Recherchen gehe ich davon aus, dass Jacobus ein j\u00fcngerer Bruder des Martinus ist. Franciscus und Florianus sind dagegen S\u00f6hne des Ehepaares Joannis und Anna Rosina Fogiel aus Troszczyn. Bestenfalls sind Franciscus und Florianus Cousins von Martinus, jedoch habe ich bisher keinen schriftlichen Hinweis auf Geschwister des <a title=\"Datenbank: Andreas Vogel (1739 - 1809)\" href=\"https:\/\/genealogie.dl5sel.de\/index.php?route=%2Ftree%2Freinhard%2Findividual%2FI216%2FAndreas-Vogel\" target=\"_blank\" rel=\"noopener noreferrer\" data-wplink-edit=\"true\">Andreas Vogel (1739 &#8211; 1809)<\/a>, dem Vater von Martinus, gefunden.<\/p>\n","protected":false},"excerpt":{"rendered":"<p>Aus der Diskussion \u00fcber die Familie Vogel aus Opalenica im Forum des Gro\u00dfpolnischen Vereins f\u00fcr Familienforschung &#8222;GNIAZDO&#8220; (Das Nest) kenne ich das Geburtsdatum meines UrUrUrgro\u00dfvaters: 02.11.1778. Au\u00dferdem konnte ich erfahren, dass Martinus wenigstens noch 4 Schwestern hatte. Als Geburtsort wird Troszczyn, ein Ortsteil von Opalenitza, genannt. Auf Grund eigener Recherchen kenne mittlerweile auch zwei Br\u00fcder, [&hellip;]<\/p>\n","protected":false},"author":1,"featured_media":0,"parent":47,"menu_order":0,"comment_status":"closed","ping_status":"closed","template":"","meta":{"footnotes":""},"class_list":["post-94","page","type-page","status-publish","hentry"],"_links":{"self":[{"href":"https:\/\/genblog.dl5sel.de\/index.php?rest_route=\/wp\/v2\/pages\/94","targetHints":{"allow":["GET"]}}],"collection":[{"href":"https:\/\/genblog.dl5sel.de\/index.php?rest_route=\/wp\/v2\/pages"}],"about":[{"href":"https:\/\/genblog.dl5sel.de\/index.php?rest_route=\/wp\/v2\/types\/page"}],"author":[{"embeddable":true,"href":"https:\/\/genblog.dl5sel.de\/index.php?rest_route=\/wp\/v2\/users\/1"}],"replies":[{"embeddable":true,"href":"https:\/\/genblog.dl5sel.de\/index.php?rest_route=%2Fwp%2Fv2%2Fcomments&post=94"}],"version-history":[{"count":8,"href":"https:\/\/genblog.dl5sel.de\/index.php?rest_route=\/wp\/v2\/pages\/94\/revisions"}],"predecessor-version":[{"id":1943,"href":"https:\/\/genblog.dl5sel.de\/index.php?rest_route=\/wp\/v2\/pages\/94\/revisions\/1943"}],"up":[{"embeddable":true,"href":"https:\/\/genblog.dl5sel.de\/index.php?rest_route=\/wp\/v2\/pages\/47"}],"wp:attachment":[{"href":"https:\/\/genblog.dl5sel.de\/index.php?rest_route=%2Fwp%2Fv2%2Fmedia&parent=94"}],"curies":[{"name":"wp","href":"https:\/\/api.w.org\/{rel}","templated":true}]}}